{"id":1704,"date":"2017-08-02T21:02:27","date_gmt":"2017-08-02T19:02:27","guid":{"rendered":"http:\/\/wordpress.nibis.de\/gsfinken\/?page_id=1704"},"modified":"2020-09-09T15:08:46","modified_gmt":"2020-09-09T13:08:46","slug":"sozialarbeit-an-der-finkenburgschule","status":"publish","type":"page","link":"https:\/\/wordpress.nibis.de\/gsfinken\/ueber-uns\/sozialarbeit-an-der-finkenburgschule\/","title":{"rendered":"Sozialarbeit an der Finkenburgschule"},"content":{"rendered":"<p><em>Mein Name ist Tatjana F\u00e4hnders und ich unterst\u00fctze als Sozialarbeiterin\/-p\u00e4dagogin die Grundschule Finkenburgschule mit einem vielf\u00e4ltigen Angebot.<\/em><\/p>\n<p><em>Mein Aufgabenbereich umfasst u.a.:<\/em><\/p>\n<ul>\n<li><em>Beratung und Begleitung von Sch\u00fclerinnen und Sch\u00fclern<\/em><\/li>\n<li><em>Unterst\u00fctzung und Beratung von Lehrkr\u00e4ften<\/em><\/li>\n<li><em>Pr\u00e4vention durch Sozial- und Klassentrainings<\/em><\/li>\n<li><em>Gruppentrainings mit verschiedenen Schwerpunkten (nach Bedarf)<\/em><\/li>\n<li><em>Ausbildung der StreitschlichterInnen<\/em><\/li>\n<li><em>Beratung von Eltern und Erziehungsberechtigten<\/em><\/li>\n<li><em>Vernetzung\/Vermittlung zwischen Schule \u2013 Eltern \u2013 anderen Institutionen (Vereine, Pr\u00e4ventionsrat, Mobiler Dienst, Jugendamt, Institutionen der Jugend\/-Familienhilfe)<\/em><\/li>\n<\/ul>\n<p><em>Sprechen Sie mich gerne an oder kontaktieren Sie mich unter:<\/em><\/p>\n<p><em>Telefon:\u00a0\u00a0\u00a0\u00a0\u00a0\u00a0\u00a0\u00a0\u00a0\u00a0 04462 \/ 209673<\/em><\/p>\n<p><em>Email:\u00a0\u00a0\u00a0\u00a0\u00a0\u00a0\u00a0\u00a0\u00a0\u00a0\u00a0\u00a0\u00a0 &#x74;&#97;&#x74;&#x6a;&#97;&#x6e;&#97;&#46;&#x66;&#97;e&#x68;&#110;d&#x65;&#114;s&#x40;&#103;&#x73;&#x2d;&#119;&#x74;&#x6d;&#46;&#x64;&#101;<br \/>\n<\/em><\/p>\n<p><em>Ich freue mich auf die Zusammenarbeit!<\/em><\/p>\n","protected":false},"excerpt":{"rendered":"<p>Mein Name ist Tatjana F\u00e4hnders und ich unterst\u00fctze als Sozialarbeiterin\/-p\u00e4dagogin die Grundschule Finkenburgschule mit einem vielf\u00e4ltigen Angebot. Mein Aufgabenbereich umfasst u.a.: Beratung und Begleitung von Sch\u00fclerinnen und Sch\u00fclern Unterst\u00fctzung und Beratung von Lehrkr\u00e4ften Pr\u00e4vention durch Sozial- und Klassentrainings Gruppentrainings mit &hellip; <a href=\"https:\/\/wordpress.nibis.de\/gsfinken\/ueber-uns\/sozialarbeit-an-der-finkenburgschule\/\">Weiterlesen <span class=\"meta-nav\">&rarr;<\/span><\/a><\/p>\n","protected":false},"author":393,"featured_media":0,"parent":88,"menu_order":0,"comment_status":"closed","ping_status":"closed","template":"","meta":{"footnotes":""},"class_list":["post-1704","page","type-page","status-publish","hentry"],"_links":{"self":[{"href":"https:\/\/wordpress.nibis.de\/gsfinken\/wp-json\/wp\/v2\/pages\/1704","targetHints":{"allow":["GET"]}}],"collection":[{"href":"https:\/\/wordpress.nibis.de\/gsfinken\/wp-json\/wp\/v2\/pages"}],"about":[{"href":"https:\/\/wordpress.nibis.de\/gsfinken\/wp-json\/wp\/v2\/types\/page"}],"author":[{"embeddable":true,"href":"https:\/\/wordpress.nibis.de\/gsfinken\/wp-json\/wp\/v2\/users\/393"}],"replies":[{"embeddable":true,"href":"https:\/\/wordpress.nibis.de\/gsfinken\/wp-json\/wp\/v2\/comments?post=1704"}],"version-history":[{"count":10,"href":"https:\/\/wordpress.nibis.de\/gsfinken\/wp-json\/wp\/v2\/pages\/1704\/revisions"}],"predecessor-version":[{"id":3092,"href":"https:\/\/wordpress.nibis.de\/gsfinken\/wp-json\/wp\/v2\/pages\/1704\/revisions\/3092"}],"up":[{"embeddable":true,"href":"https:\/\/wordpress.nibis.de\/gsfinken\/wp-json\/wp\/v2\/pages\/88"}],"wp:attachment":[{"href":"https:\/\/wordpress.nibis.de\/gsfinken\/wp-json\/wp\/v2\/media?parent=1704"}],"curies":[{"name":"wp","href":"https:\/\/api.w.org\/{rel}","templated":true}]}}