{"id":2554,"date":"2019-08-18T16:30:34","date_gmt":"2019-08-18T14:30:34","guid":{"rendered":"https:\/\/wordpress.nibis.de\/gsfinken\/?page_id=2554"},"modified":"2025-08-19T11:22:21","modified_gmt":"2025-08-19T09:22:21","slug":"kollegium-2019","status":"publish","type":"page","link":"https:\/\/wordpress.nibis.de\/gsfinken\/ueber-uns\/kollegium-2019\/","title":{"rendered":"Unser Kollegium"},"content":{"rendered":"<p><!--more--><img loading=\"lazy\" decoding=\"async\" class=\"alignnone size-medium wp-image-4607\" src=\"https:\/\/wordpress.nibis.de\/gsfinken\/files\/Screenshot_20250819_112117_Gallery-300x200.jpg\" alt=\"\" width=\"300\" height=\"200\" srcset=\"https:\/\/wordpress.nibis.de\/gsfinken\/files\/Screenshot_20250819_112117_Gallery-300x200.jpg 300w, https:\/\/wordpress.nibis.de\/gsfinken\/files\/Screenshot_20250819_112117_Gallery-800x534.jpg 800w, https:\/\/wordpress.nibis.de\/gsfinken\/files\/Screenshot_20250819_112117_Gallery-768x512.jpg 768w, https:\/\/wordpress.nibis.de\/gsfinken\/files\/Screenshot_20250819_112117_Gallery.jpg 1079w\" sizes=\"auto, (max-width: 300px) 100vw, 300px\" \/><!--more--><\/p>\n<p>&nbsp;<\/p>\n<p><strong>Unsere Anw\u00e4rterinnen im Vorbereitungsdienst<\/strong><\/p>\n<p><img loading=\"lazy\" decoding=\"async\" class=\"alignnone wp-image-4602\" src=\"https:\/\/wordpress.nibis.de\/gsfinken\/files\/Screenshot_20250701_065057_Gallery-231x300.jpg\" alt=\"\" width=\"140\" height=\"182\" srcset=\"https:\/\/wordpress.nibis.de\/gsfinken\/files\/Screenshot_20250701_065057_Gallery-231x300.jpg 231w, https:\/\/wordpress.nibis.de\/gsfinken\/files\/Screenshot_20250701_065057_Gallery-461x600.jpg 461w, https:\/\/wordpress.nibis.de\/gsfinken\/files\/Screenshot_20250701_065057_Gallery-768x999.jpg 768w, https:\/\/wordpress.nibis.de\/gsfinken\/files\/Screenshot_20250701_065057_Gallery.jpg 1080w\" sizes=\"auto, (max-width: 140px) 100vw, 140px\" \/><\/p>\n<p>Hi! Ich bin Laura M\u00fcller, 25 Jahre alt und seit dem zweiten Halbjahr des Schuljahres 2024\/25 bin ich als Anw\u00e4rterin im Vorbereitungsdienst Teil der Finkenburgschule \u2013 wor\u00fcber ich mich sehr freue! Mein Studium mit den F\u00e4chern Sport und Mathematik habe ich an der Universit\u00e4t Vechta sowie der Universit\u00e4t Oldenburg absolviert. Meine Wurzeln liegen in Schortens, zur Schule gegangen bin ich in Jever und dort bin ich bis heute zuhause.<br \/>\nIch begeistere mich f\u00fcr viele Sportarten und probiere in meiner Freizeit gern Neues aus. Besonders am Herzen liegt mir der Fu\u00dfball, den ich seit vielen Jahren aktiv im Verein spiele und mich dort ehrenamtlich engagiere. Wenn ich nicht gerade sportlich unterwegs bin, reise ich gerne und entdecke neue St\u00e4dte und L\u00e4nder.<br \/>\nIch freue mich auf viele spannende Erfahrungen an der Finkenburgschule, auf eine gute Zusammenarbeit und nat\u00fcrlich auf viel Bewegung \u2013 im Klassenzimmer und dar\u00fcber hinaus!<\/p>\n<p>Laura M\u00fcller<\/p>\n<p>&nbsp;<\/p>\n<p>&nbsp;<\/p>\n<p><img loading=\"lazy\" decoding=\"async\" class=\"alignnone wp-image-4364\" src=\"https:\/\/wordpress.nibis.de\/gsfinken\/files\/IMG_6833-182x300.jpeg\" alt=\"\" width=\"140\" height=\"231\" srcset=\"https:\/\/wordpress.nibis.de\/gsfinken\/files\/IMG_6833-182x300.jpeg 182w, https:\/\/wordpress.nibis.de\/gsfinken\/files\/IMG_6833-364x600.jpeg 364w, https:\/\/wordpress.nibis.de\/gsfinken\/files\/IMG_6833-768x1268.jpeg 768w, https:\/\/wordpress.nibis.de\/gsfinken\/files\/IMG_6833-931x1536.jpeg 931w, https:\/\/wordpress.nibis.de\/gsfinken\/files\/IMG_6833.jpeg 1073w\" sizes=\"auto, (max-width: 140px) 100vw, 140px\" \/><\/p>\n<p>Hallo zusammen! Mein Name ist Vanessa Scherbaum und ich bin 27 Jahre alt. Ich komme urspr\u00fcnglich aus Delmenhorst, wohne aber seit August 2023 in Jever. Ich habe im Sommer 2022 mein Studium an der Universit\u00e4t Vechta erfolgreich abgeschlossen und habe dann 1 \u00bd Jahre in Delmenhorst und 1 Jahr in Wilhelmshaven an Grundschulen gearbeitet. Seit dem Schuljahr 2024\/25 unterrichte ich im Rahmen des Vorbereitungsdienstes die F\u00e4cher Mathematik und Sachunterricht. Ich freue mich sehr, dass sich diese Chance f\u00fcr mich an der Finkenburgschule ergeben hat und ich hier den letzten Schritt der Lehramtsausbildung absolvieren darf. Neben dem Unterrichten gehe ich gern zum Sport. Au\u00dferdem liebe ich es, zu backen und kochen.<\/p>\n<p>Vanessa Scherbaum<\/p>\n<p>&nbsp;<\/p>\n<p>&nbsp;<\/p>\n<p>&nbsp;<\/p>\n<p>&nbsp;<\/p>\n<p>&nbsp;<\/p>\n<p>&nbsp;<\/p>\n<p>&nbsp;<\/p>\n<p>&nbsp;<\/p>\n","protected":false},"excerpt":{"rendered":"","protected":false},"author":393,"featured_media":0,"parent":88,"menu_order":0,"comment_status":"closed","ping_status":"closed","template":"","meta":{"footnotes":""},"class_list":["post-2554","page","type-page","status-publish","hentry"],"_links":{"self":[{"href":"https:\/\/wordpress.nibis.de\/gsfinken\/wp-json\/wp\/v2\/pages\/2554","targetHints":{"allow":["GET"]}}],"collection":[{"href":"https:\/\/wordpress.nibis.de\/gsfinken\/wp-json\/wp\/v2\/pages"}],"about":[{"href":"https:\/\/wordpress.nibis.de\/gsfinken\/wp-json\/wp\/v2\/types\/page"}],"author":[{"embeddable":true,"href":"https:\/\/wordpress.nibis.de\/gsfinken\/wp-json\/wp\/v2\/users\/393"}],"replies":[{"embeddable":true,"href":"https:\/\/wordpress.nibis.de\/gsfinken\/wp-json\/wp\/v2\/comments?post=2554"}],"version-history":[{"count":19,"href":"https:\/\/wordpress.nibis.de\/gsfinken\/wp-json\/wp\/v2\/pages\/2554\/revisions"}],"predecessor-version":[{"id":4608,"href":"https:\/\/wordpress.nibis.de\/gsfinken\/wp-json\/wp\/v2\/pages\/2554\/revisions\/4608"}],"up":[{"embeddable":true,"href":"https:\/\/wordpress.nibis.de\/gsfinken\/wp-json\/wp\/v2\/pages\/88"}],"wp:attachment":[{"href":"https:\/\/wordpress.nibis.de\/gsfinken\/wp-json\/wp\/v2\/media?parent=2554"}],"curies":[{"name":"wp","href":"https:\/\/api.w.org\/{rel}","templated":true}]}}