{"id":2784,"date":"2019-11-20T20:25:22","date_gmt":"2019-11-20T19:25:22","guid":{"rendered":"https:\/\/wordpress.nibis.de\/gsfinken\/?page_id=2784"},"modified":"2020-02-25T07:36:31","modified_gmt":"2020-02-25T06:36:31","slug":"vorlesetag-am-19-november","status":"publish","type":"page","link":"https:\/\/wordpress.nibis.de\/gsfinken\/willen\/ausfluege-und-veranstaltungen-der-grundschule-willen\/vorlesetag-am-19-november\/","title":{"rendered":"Vorlesetag am 19. November"},"content":{"rendered":"<div id=\"attachment_2785\" style=\"width: 650px\" class=\"wp-caption aligncenter\"><a href=\"https:\/\/wordpress.nibis.de\/gsfinken\/files\/20191119_panorama_gs-willen_korr.jpg\"><img loading=\"lazy\" decoding=\"async\" aria-describedby=\"caption-attachment-2785\" class=\"size-large wp-image-2785\" src=\"https:\/\/wordpress.nibis.de\/gsfinken\/files\/20191119_panorama_gs-willen_korr-800x403.jpg\" alt=\"\" width=\"640\" height=\"322\" \/><\/a><p id=\"caption-attachment-2785\" class=\"wp-caption-text\">Vorlesetag in der Grundschule Willen<\/p><\/div>\n<p class=\"western\" align=\"left\">Am 19.11.2019 sah der Schultag in der Grundschule Willen etwas anders aus. Statt zu schreiben oder das Einmaleins zu lernen, bestand der Tag der Kinder aus Lesen, Malen, Basteln und Proben in altersgemischten Gruppen.<\/p>\n<p class=\"western\" align=\"left\">Im Rahmen von sieben B\u00fcchern, die von der Autorin Julia Donaldson geschrieben wurden, wurde den Kindern in kleinen Gruppen vorgelesen. Aus dem Vorgelesenen wurde dann etwas gestaltet, was anschlie\u00dfend in der f\u00fcnften Stunde pr\u00e4sentiert wurde.<\/p>\n<p class=\"western\" align=\"left\">Einen Einstieg in die Pr\u00e4sentationsrunde bot Jan Herrmann, welcher das Buch \u201e<strong>Die Schnecke und der Buckelwal<\/strong>\u201c vorlas und dazu die Bilder von Axel Scheffler als Bilderbuchkino zeigte.<\/p>\n<p class=\"western\" align=\"left\">Darauf folgte eine Sch\u00fclergruppe, die das Buch \u201e<strong>Mein Haus ist zu eng und zu klein<\/strong>\u201c durch ein kurzes Theaterst\u00fcck vorf\u00fchrte. Eine andere Gruppe stellte den <strong>Gr\u00fcffelo<\/strong> auf Plattdeutsch vor, wobei die Kinder in einem Halbkreis vorne sa\u00dfen und ein kleinen Ausschnitt des Buches vorlasen. Die n\u00e4chste Gruppe stellte das Buch \u201e<strong>Wo ist Mami<\/strong>\u201c vor. Auch hier bot es sich an, dies in Form eines Theaterst\u00fcckes zu machen. Ein weiteres Theaterst\u00fcck pr\u00e4sentierte die Gruppe, die sich den Tag \u00fcber mit dem \u201e<strong>Flunkerfisch<\/strong>\u201c besch\u00e4ftigte, jedoch gab es hier einen kleinen Kniff, denn die Gruppe stellte nur den Anfang des Buches vor, um die Zuschauer zum eigenst\u00e4ndigen Weiterlesen zu begeistern.<\/p>\n<div id='gallery-1' class='gallery galleryid-2784 gallery-columns-3 gallery-size-medium'><dl class='gallery-item'>\n\t\t\t<dt class='gallery-icon landscape'>\n\t\t\t\t<a href='https:\/\/wordpress.nibis.de\/gsfinken\/files\/P1700680.jpg'><img loading=\"lazy\" decoding=\"async\" width=\"300\" height=\"200\" src=\"https:\/\/wordpress.nibis.de\/gsfinken\/files\/P1700680-300x200.jpg\" class=\"attachment-medium size-medium\" alt=\"\" aria-describedby=\"gallery-1-2790\" srcset=\"https:\/\/wordpress.nibis.de\/gsfinken\/files\/P1700680-300x200.jpg 300w, https:\/\/wordpress.nibis.de\/gsfinken\/files\/P1700680-768x512.jpg 768w, https:\/\/wordpress.nibis.de\/gsfinken\/files\/P1700680-800x533.jpg 800w, https:\/\/wordpress.nibis.de\/gsfinken\/files\/P1700680.jpg 1280w\" sizes=\"auto, (max-width: 300px) 100vw, 300px\" \/><\/a>\n\t\t\t<\/dt>\n\t\t\t\t<dd class='wp-caption-text gallery-caption' id='gallery-1-2790'>\n\t\t\t\tFlunkerfisch\n\t\t\t\t<\/dd><\/dl>\n\t\t\t<br style='clear: both' \/>\n\t\t<\/div>\n\n<p class=\"western\" align=\"left\">Auch die Gruppe zum Buch \u201e<strong>R\u00e4uber Ratte<\/strong>\u201c lies das Ende ihres Buches offen, jedoch erfolgte die Pr\u00e4sentation dieses Werkes von Julia Donaldson durch ein am Buch orientiertes, selbstgeschriebenes Lied, welches die Kinder begleitet von Gitarrenspiel gesungen haben. Das siebte Buch \u201e<strong>Riese Rick macht sich schick<\/strong>\u201c\u00a0wurde in Form eines riesigen Plakates vorgestellt, das die Kinder im Laufe des Tages mit Bildern aus dem Buch selbst bemalt haben.<\/p>\n<div id='gallery-2' class='gallery galleryid-2784 gallery-columns-2 gallery-size-medium'><dl class='gallery-item'>\n\t\t\t<dt class='gallery-icon landscape'>\n\t\t\t\t<a href='https:\/\/wordpress.nibis.de\/gsfinken\/willen\/ausfluege-und-veranstaltungen-der-grundschule-willen\/vorlesetag-am-19-november\/p1700601\/'><img loading=\"lazy\" decoding=\"async\" width=\"300\" height=\"200\" src=\"https:\/\/wordpress.nibis.de\/gsfinken\/files\/P1700601-300x200.jpg\" class=\"attachment-medium size-medium\" alt=\"\" aria-describedby=\"gallery-2-2787\" srcset=\"https:\/\/wordpress.nibis.de\/gsfinken\/files\/P1700601-300x200.jpg 300w, https:\/\/wordpress.nibis.de\/gsfinken\/files\/P1700601-768x512.jpg 768w, https:\/\/wordpress.nibis.de\/gsfinken\/files\/P1700601-800x533.jpg 800w, https:\/\/wordpress.nibis.de\/gsfinken\/files\/P1700601.jpg 1280w\" sizes=\"auto, (max-width: 300px) 100vw, 300px\" \/><\/a>\n\t\t\t<\/dt>\n\t\t\t\t<dd class='wp-caption-text gallery-caption' id='gallery-2-2787'>\n\t\t\t\tR\u00e4uber Ratte\n\t\t\t\t<\/dd><\/dl>\n\t\t\t<br style='clear: both' \/>\n\t\t<\/div>\n\n<p class=\"western\" align=\"left\">Zum Schluss l\u00e4sst sich nur sagen, dass es ein gelungener und lustiger Tag war.<\/p>\n","protected":false},"excerpt":{"rendered":"<p>Am 19.11.2019 sah der Schultag in der Grundschule Willen etwas anders aus. Statt zu schreiben oder das Einmaleins zu lernen, bestand der Tag der Kinder aus Lesen, Malen, Basteln und Proben in altersgemischten Gruppen. Im Rahmen von sieben B\u00fcchern, die &hellip; <a href=\"https:\/\/wordpress.nibis.de\/gsfinken\/willen\/ausfluege-und-veranstaltungen-der-grundschule-willen\/vorlesetag-am-19-november\/\">Weiterlesen <span class=\"meta-nav\">&rarr;<\/span><\/a><\/p>\n","protected":false},"author":9192783,"featured_media":0,"parent":2909,"menu_order":0,"comment_status":"closed","ping_status":"closed","template":"","meta":{"footnotes":""},"class_list":["post-2784","page","type-page","status-publish","hentry"],"_links":{"self":[{"href":"https:\/\/wordpress.nibis.de\/gsfinken\/wp-json\/wp\/v2\/pages\/2784","targetHints":{"allow":["GET"]}}],"collection":[{"href":"https:\/\/wordpress.nibis.de\/gsfinken\/wp-json\/wp\/v2\/pages"}],"about":[{"href":"https:\/\/wordpress.nibis.de\/gsfinken\/wp-json\/wp\/v2\/types\/page"}],"author":[{"embeddable":true,"href":"https:\/\/wordpress.nibis.de\/gsfinken\/wp-json\/wp\/v2\/users\/9192783"}],"replies":[{"embeddable":true,"href":"https:\/\/wordpress.nibis.de\/gsfinken\/wp-json\/wp\/v2\/comments?post=2784"}],"version-history":[{"count":5,"href":"https:\/\/wordpress.nibis.de\/gsfinken\/wp-json\/wp\/v2\/pages\/2784\/revisions"}],"predecessor-version":[{"id":2795,"href":"https:\/\/wordpress.nibis.de\/gsfinken\/wp-json\/wp\/v2\/pages\/2784\/revisions\/2795"}],"up":[{"embeddable":true,"href":"https:\/\/wordpress.nibis.de\/gsfinken\/wp-json\/wp\/v2\/pages\/2909"}],"wp:attachment":[{"href":"https:\/\/wordpress.nibis.de\/gsfinken\/wp-json\/wp\/v2\/media?parent=2784"}],"curies":[{"name":"wp","href":"https:\/\/api.w.org\/{rel}","templated":true}]}}