{"id":2919,"date":"2020-02-25T15:47:14","date_gmt":"2020-02-25T14:47:14","guid":{"rendered":"https:\/\/wordpress.nibis.de\/gsfinken\/?page_id=2919"},"modified":"2022-09-08T18:50:59","modified_gmt":"2022-09-08T16:50:59","slug":"schulobst-2","status":"publish","type":"page","link":"https:\/\/wordpress.nibis.de\/gsfinken\/willen\/schulobst-2\/","title":{"rendered":"Schulobst"},"content":{"rendered":"<h3><img loading=\"lazy\" decoding=\"async\" class=\"aligncenter wp-image-2951 size-full\" src=\"https:\/\/wordpress.nibis.de\/gsfinken\/files\/schulobst-schueler.jpg\" alt=\"\" width=\"1000\" height=\"550\" \/>Ganz nebenbei gesunde Ern\u00e4hrung lernen<\/h3>\n<p>Kindern und Jugendlichen soll mit dem nieders\u00e4chsischen <a href=\"http:\/\/www.schulobst.niedersachsen.de\">Schulobstprogramm<\/a> gezeigt werden, wie schmackhaft <b>Obst und auch Gem\u00fcse<\/b> sind. Je fr\u00fcher diese Erfahrung gemacht wird desto besser: Beides wird dann wie selbstverst\u00e4ndlich dauerhaft zum <b>Speiseplan <\/b>geh\u00f6ren. Daher unterst\u00fctzt die Europ\u00e4ische Union (EU) die Durchf\u00fchrung von Schulobstprogrammen in ihren Mitgliedstaaten. Das Land Niedersachsen unterst\u00fctzt diese Ma\u00dfnahme bei zahlreichen teilnehmenden Schulen und Kindertragesst\u00e4tten. F\u00fcr weitere Infos schauen sie sich folgende Internetseite an: <a href=\"https:\/\/www.schulprogramm.niedersachsen.de\">www.schulprogramm.niedersachsen.de<\/a><\/p>\n<h3><img loading=\"lazy\" decoding=\"async\" class=\"aligncenter wp-image-2952 size-full\" src=\"https:\/\/wordpress.nibis.de\/gsfinken\/files\/schulobst-kisten.jpg\" alt=\"\" width=\"1000\" height=\"471\" srcset=\"https:\/\/wordpress.nibis.de\/gsfinken\/files\/schulobst-kisten.jpg 1000w, https:\/\/wordpress.nibis.de\/gsfinken\/files\/schulobst-kisten-300x141.jpg 300w, https:\/\/wordpress.nibis.de\/gsfinken\/files\/schulobst-kisten-768x362.jpg 768w, https:\/\/wordpress.nibis.de\/gsfinken\/files\/schulobst-kisten-800x377.jpg 800w\" sizes=\"auto, (max-width: 1000px) 100vw, 1000px\" \/><\/h3>\n<h3>Bunte Vielfalt in Willen<\/h3>\n<p>Auch die Grundschule Willen nimmt seit dem Schuljahr 2017\/2018 am EU- Schulobstprogramm teil. Konkret hei\u00dft das f\u00fcr unsere Schule, dass wir jeden Dienstag von einem ortsans\u00e4ssigen Obst- und Gem\u00fcselieferanten beliefert werden. Dienstags, Mittwochs und Donnerstag kommen die Sch\u00fclerinnen und Sch\u00fcler dann in den Genuss von verschiedenen Obst- und Gem\u00fcsesorten wie z.B. Papaya, Melone, \u00c4pfel, Gurken, Tomaten, Bananen, Granat\u00e4pfel, Erdbeeren, Mandarinen und noch vielem mehr.<span class=\"Apple-converted-space\">\u00a0<\/span><\/p>\n<p>An diesen Tagen sollen die Kinder kein zus\u00e4tzliches Obst oder Gem\u00fcse in der Brotdose haben. Im Sinne der Nachhaltigkeit m\u00f6chten wir nat\u00fcrlich so wenig Reste wie m\u00f6glich haben.<\/p>\n<h3>Eltern helfen mit<\/h3>\n<p>In den letzten Jahren haben sich dankeswerter Weise immer wieder Eltern bereit erkl\u00e4rt , die<span class=\"Apple-converted-space\">\u00a0 <\/span>Obst- und Gem\u00fcselieferung f\u00fcr alle Kinder der Schule zu schneiden und zu portionieren. Dies geschieht ab<span class=\"Apple-converted-space\">\u00a0 <\/span>07.15 Uhr und dauert circa 20 Minuten. Alle Eltern, die sich dem Schulobstteam anschlie\u00dfen wollen, d\u00fcrfen sich gerne in der Schule melden.<span class=\"Apple-converted-space\">\u00a0<\/span><\/p>\n<h3>Einteilung des Schneidedienstes f\u00fcr das Schuljahr 2020\/21<\/h3>\n<ul>\n<li>Aufgrund der aktuellen Hygienrichtlinien durch die Coronapandemie wird das Schulobst momentan von unserer Praktikantin Paulina gewaschen, geschnitten und auf alle 4 Klassen aufgeteilt. Wenn sich diese Situation \u00e4ndert und wir Elternhilfe wieder dankend annehmen d\u00fcrfen, werden wir Sie informieren.<\/li>\n<\/ul>\n","protected":false},"excerpt":{"rendered":"<p>Ganz nebenbei gesunde Ern\u00e4hrung lernen Kindern und Jugendlichen soll mit dem nieders\u00e4chsischen Schulobstprogramm gezeigt werden, wie schmackhaft Obst und auch Gem\u00fcse sind. Je fr\u00fcher diese Erfahrung gemacht wird desto besser: Beides wird dann wie selbstverst\u00e4ndlich dauerhaft zum Speiseplan geh\u00f6ren. Daher &hellip; <a href=\"https:\/\/wordpress.nibis.de\/gsfinken\/willen\/schulobst-2\/\">Weiterlesen <span class=\"meta-nav\">&rarr;<\/span><\/a><\/p>\n","protected":false},"author":9192783,"featured_media":0,"parent":1935,"menu_order":0,"comment_status":"closed","ping_status":"closed","template":"","meta":{"footnotes":""},"class_list":["post-2919","page","type-page","status-publish","hentry"],"_links":{"self":[{"href":"https:\/\/wordpress.nibis.de\/gsfinken\/wp-json\/wp\/v2\/pages\/2919","targetHints":{"allow":["GET"]}}],"collection":[{"href":"https:\/\/wordpress.nibis.de\/gsfinken\/wp-json\/wp\/v2\/pages"}],"about":[{"href":"https:\/\/wordpress.nibis.de\/gsfinken\/wp-json\/wp\/v2\/types\/page"}],"author":[{"embeddable":true,"href":"https:\/\/wordpress.nibis.de\/gsfinken\/wp-json\/wp\/v2\/users\/9192783"}],"replies":[{"embeddable":true,"href":"https:\/\/wordpress.nibis.de\/gsfinken\/wp-json\/wp\/v2\/comments?post=2919"}],"version-history":[{"count":8,"href":"https:\/\/wordpress.nibis.de\/gsfinken\/wp-json\/wp\/v2\/pages\/2919\/revisions"}],"predecessor-version":[{"id":3901,"href":"https:\/\/wordpress.nibis.de\/gsfinken\/wp-json\/wp\/v2\/pages\/2919\/revisions\/3901"}],"up":[{"embeddable":true,"href":"https:\/\/wordpress.nibis.de\/gsfinken\/wp-json\/wp\/v2\/pages\/1935"}],"wp:attachment":[{"href":"https:\/\/wordpress.nibis.de\/gsfinken\/wp-json\/wp\/v2\/media?parent=2919"}],"curies":[{"name":"wp","href":"https:\/\/api.w.org\/{rel}","templated":true}]}}