{"id":2923,"date":"2020-02-25T15:47:02","date_gmt":"2020-02-25T14:47:02","guid":{"rendered":"https:\/\/wordpress.nibis.de\/gsfinken\/?page_id=2923"},"modified":"2025-01-22T13:21:03","modified_gmt":"2025-01-22T12:21:03","slug":"streitschlichterausbildung","status":"publish","type":"page","link":"https:\/\/wordpress.nibis.de\/gsfinken\/willen\/streitschlichterausbildung\/","title":{"rendered":"Streitschlichterausbildung"},"content":{"rendered":"<h3>Gewaltfreier Umgang mit Konflikten<\/h3>\n<p>Streitschlichterprogramme leisten einen wichtigen Beitrag zur Pers\u00f6nlichkeitsf\u00f6rderung-und entwicklung von Kindern<span class=\"Apple-converted-space\">\u00a0 <\/span>und sind neben Pr\u00e4vention und Intervention ein wertvoller Baustein auf dem Weg zu einem gewaltfreien Umgang mit Konflikten in der Schule. Daher lernen alle Kinder im Rahmen des Gewaltpr\u00e4ventionsprogramms \u201eLUBO aus dem All\u201c Streitschlichtungsm\u00f6glichkeiten kennen.<\/p>\n<p>Dennoch kommt es in Gemeinschaften, wie auch in der Schule,<span class=\"Apple-converted-space\">\u00a0 <\/span>beinahe t\u00e4glich zu kleineren Konflikten. Wir m\u00f6chten unsere Sch\u00fclerinnen und Sch\u00fcler dazu bef\u00e4higen ihre Konflikte mit Gleichaltrigen auf Augenh\u00f6he zu kl\u00e4ren. Daher werden an unserer Schule in jedem Schuljahr neue Streitschlichter ausgebildet.<\/p>\n<h3>Ausbildung zum Streitschlichter<\/h3>\n<p>Von den Lehrkr\u00e4ften ausgew\u00e4hlte Kinder aus den Jahrg\u00e4ngen 2 und 3 durchlaufen von Februar bis Juni die Ausbildung. 1mal w\u00f6chentlich treffen sich angehenden Streitschlichter mit Frau Arndt (Schulmediatorin Streitschlichtung) um \u00fcber Gef\u00fchle, Streitsituationen, Phasen der Streitschlichtung, Rollenspiele und vieles mehr zu sprechen. Den Abschluss der Ausbildung bildet eine Pr\u00fcfung.<\/p>\n<h3>Streitschlichter im Einsatz<\/h3>\n<p>Nach bestandener Pr\u00fcfung d\u00fcrfen die Streitschlichter zu Beginn eines Schuljahres ihren Dienst aufnehmen. Das bedeutet, sie sind mehrmals w\u00f6chentlich in den Hofpausen im Einsatz. Zu erkennen sind sie an ihren Streitschlichercappys, die das Logo der Streitschlichtung (zwei bockige Esel) tragen. Ein Bilderrahmen im Schulgeb\u00e4ude zeigt den aktuellen Streitschlichter-Dienstplan sowie Fotos aller amtierenden Streitschlichter.<span class=\"Apple-converted-space\">\u00a0<\/span><\/p>\n<p>&nbsp;<\/p>\n<p>&nbsp;<\/p>\n","protected":false},"excerpt":{"rendered":"<p>Gewaltfreier Umgang mit Konflikten Streitschlichterprogramme leisten einen wichtigen Beitrag zur Pers\u00f6nlichkeitsf\u00f6rderung-und entwicklung von Kindern\u00a0 und sind neben Pr\u00e4vention und Intervention ein wertvoller Baustein auf dem Weg zu einem gewaltfreien Umgang mit Konflikten in der Schule. Daher lernen alle Kinder im &hellip; <a href=\"https:\/\/wordpress.nibis.de\/gsfinken\/willen\/streitschlichterausbildung\/\">Weiterlesen <span class=\"meta-nav\">&rarr;<\/span><\/a><\/p>\n","protected":false},"author":9192783,"featured_media":2926,"parent":1935,"menu_order":0,"comment_status":"closed","ping_status":"closed","template":"","meta":{"footnotes":""},"class_list":["post-2923","page","type-page","status-publish","has-post-thumbnail","hentry"],"_links":{"self":[{"href":"https:\/\/wordpress.nibis.de\/gsfinken\/wp-json\/wp\/v2\/pages\/2923","targetHints":{"allow":["GET"]}}],"collection":[{"href":"https:\/\/wordpress.nibis.de\/gsfinken\/wp-json\/wp\/v2\/pages"}],"about":[{"href":"https:\/\/wordpress.nibis.de\/gsfinken\/wp-json\/wp\/v2\/types\/page"}],"author":[{"embeddable":true,"href":"https:\/\/wordpress.nibis.de\/gsfinken\/wp-json\/wp\/v2\/users\/9192783"}],"replies":[{"embeddable":true,"href":"https:\/\/wordpress.nibis.de\/gsfinken\/wp-json\/wp\/v2\/comments?post=2923"}],"version-history":[{"count":7,"href":"https:\/\/wordpress.nibis.de\/gsfinken\/wp-json\/wp\/v2\/pages\/2923\/revisions"}],"predecessor-version":[{"id":4510,"href":"https:\/\/wordpress.nibis.de\/gsfinken\/wp-json\/wp\/v2\/pages\/2923\/revisions\/4510"}],"up":[{"embeddable":true,"href":"https:\/\/wordpress.nibis.de\/gsfinken\/wp-json\/wp\/v2\/pages\/1935"}],"wp:featuredmedia":[{"embeddable":true,"href":"https:\/\/wordpress.nibis.de\/gsfinken\/wp-json\/wp\/v2\/media\/2926"}],"wp:attachment":[{"href":"https:\/\/wordpress.nibis.de\/gsfinken\/wp-json\/wp\/v2\/media?parent=2923"}],"curies":[{"name":"wp","href":"https:\/\/api.w.org\/{rel}","templated":true}]}}