{"id":2949,"date":"2020-03-03T18:12:50","date_gmt":"2020-03-03T17:12:50","guid":{"rendered":"https:\/\/wordpress.nibis.de\/gsfinken\/?page_id=2949"},"modified":"2020-03-03T20:08:30","modified_gmt":"2020-03-03T19:08:30","slug":"monatsabschluss","status":"publish","type":"page","link":"https:\/\/wordpress.nibis.de\/gsfinken\/willen\/das-sind-wir\/monatsabschluss\/","title":{"rendered":"Monatsabschluss"},"content":{"rendered":"<p>Gedichte, sachunterrichtliche Vortr\u00e4ge, Lieder, englische Sketche, Buchvorstellungen, Tanzvorf\u00fchrungen, Theaterst\u00fccke und nat\u00fcrlich das Willen-Lied sind die Bausteine f\u00fcr unseren Monatsabschluss.<\/p>\n<h3>Eltern zu Gast<\/h3>\n<p>An jedem letzten Schultag eines Monats treffen sich die Kinder und Lehrer in der Mehrzweckhalle. Eltern und andere Verwandte sind immer herzlich willkommen. Durch Aush\u00e4nge an den Schult\u00fcren wird \u00fcber das genaue Datum und die Uhrzeit informiert.<\/p>\n<h3>So wird ein Monatsabschluss gestaltet<\/h3>\n<p>Jeder Monatsabschluss beginnt mit dem selbstgedichteten Willen-Lied, dass bereits unsere Erstkl\u00e4ssler nach wenigen Wochen begeistert mitsingen. Danach pr\u00e4sentiert jede Klasse, woran sie in einem oder mehreren Unterrichtsf\u00e4chern im vergangenen Monat gearbeitet hat.<\/p>\n<h3>Mehr als ein Ritual<\/h3>\n<p>Durch den Monatsabschluss lernen unsere Sch\u00fclerinnen und Sch\u00fcler in entspannter Atmosph\u00e4re schon fr\u00fch, sich und ihre Arbeitsergebnisse vor einem gro\u00dfen Publikum zu pr\u00e4sentieren und vor anderen Menschen frei zu sprechen. Die ganze Schulgemeinschaft nimmt teil an den unterschiedlichen Lernprozessen; die Kleinen sehen, was sie in den h\u00f6heren Jahrg\u00e4ngen erwartet; unsere \u00e4lteren Sch\u00fcler werden an Ihre Anf\u00e4nge zur\u00fcck erinnert und die Eltern gewinnen einen Einblick in unseren Unterrichtsalltag.<br \/>\nF\u00fcr die Schulgemeinschaft ist der Monatsabschluss also viel mehr als nur ein liebgewonnenes Ritual\u2026<\/p>\n","protected":false},"excerpt":{"rendered":"<p>Gedichte, sachunterrichtliche Vortr\u00e4ge, Lieder, englische Sketche, Buchvorstellungen, Tanzvorf\u00fchrungen, Theaterst\u00fccke und nat\u00fcrlich das Willen-Lied sind die Bausteine f\u00fcr unseren Monatsabschluss. Eltern zu Gast An jedem letzten Schultag eines Monats treffen sich die Kinder und Lehrer in der Mehrzweckhalle. Eltern und andere &hellip; <a href=\"https:\/\/wordpress.nibis.de\/gsfinken\/willen\/das-sind-wir\/monatsabschluss\/\">Weiterlesen <span class=\"meta-nav\">&rarr;<\/span><\/a><\/p>\n","protected":false},"author":9192783,"featured_media":2963,"parent":2954,"menu_order":0,"comment_status":"closed","ping_status":"closed","template":"","meta":{"footnotes":""},"class_list":["post-2949","page","type-page","status-publish","has-post-thumbnail","hentry"],"_links":{"self":[{"href":"https:\/\/wordpress.nibis.de\/gsfinken\/wp-json\/wp\/v2\/pages\/2949","targetHints":{"allow":["GET"]}}],"collection":[{"href":"https:\/\/wordpress.nibis.de\/gsfinken\/wp-json\/wp\/v2\/pages"}],"about":[{"href":"https:\/\/wordpress.nibis.de\/gsfinken\/wp-json\/wp\/v2\/types\/page"}],"author":[{"embeddable":true,"href":"https:\/\/wordpress.nibis.de\/gsfinken\/wp-json\/wp\/v2\/users\/9192783"}],"replies":[{"embeddable":true,"href":"https:\/\/wordpress.nibis.de\/gsfinken\/wp-json\/wp\/v2\/comments?post=2949"}],"version-history":[{"count":4,"href":"https:\/\/wordpress.nibis.de\/gsfinken\/wp-json\/wp\/v2\/pages\/2949\/revisions"}],"predecessor-version":[{"id":2962,"href":"https:\/\/wordpress.nibis.de\/gsfinken\/wp-json\/wp\/v2\/pages\/2949\/revisions\/2962"}],"up":[{"embeddable":true,"href":"https:\/\/wordpress.nibis.de\/gsfinken\/wp-json\/wp\/v2\/pages\/2954"}],"wp:featuredmedia":[{"embeddable":true,"href":"https:\/\/wordpress.nibis.de\/gsfinken\/wp-json\/wp\/v2\/media\/2963"}],"wp:attachment":[{"href":"https:\/\/wordpress.nibis.de\/gsfinken\/wp-json\/wp\/v2\/media?parent=2949"}],"curies":[{"name":"wp","href":"https:\/\/api.w.org\/{rel}","templated":true}]}}