{"id":32,"date":"2014-04-12T10:59:12","date_gmt":"2014-04-12T08:59:12","guid":{"rendered":"http:\/\/wordpress.nibis.de\/gsfinken\/?page_id=32"},"modified":"2025-09-29T07:43:17","modified_gmt":"2025-09-29T05:43:17","slug":"schulleitung","status":"publish","type":"page","link":"https:\/\/wordpress.nibis.de\/gsfinken\/ueber-uns\/schulleitung\/","title":{"rendered":"Die Schulleitung stellt sich vor"},"content":{"rendered":"<p><span style=\"font-family: arial, helvetica, sans-serif;font-size: 24pt\"><strong>Sebastian Schneemelcher (Schulleiter)<\/strong><\/span><\/p>\n<p><img loading=\"lazy\" decoding=\"async\" class=\"alignnone size-medium wp-image-4611\" src=\"https:\/\/wordpress.nibis.de\/gsfinken\/files\/Screenshot_20250929_073241_Photos-225x300.jpg\" alt=\"\" width=\"225\" height=\"300\" srcset=\"https:\/\/wordpress.nibis.de\/gsfinken\/files\/Screenshot_20250929_073241_Photos-225x300.jpg 225w, https:\/\/wordpress.nibis.de\/gsfinken\/files\/Screenshot_20250929_073241_Photos-450x600.jpg 450w, https:\/\/wordpress.nibis.de\/gsfinken\/files\/Screenshot_20250929_073241_Photos-768x1024.jpg 768w, https:\/\/wordpress.nibis.de\/gsfinken\/files\/Screenshot_20250929_073241_Photos.jpg 1075w\" sizes=\"auto, (max-width: 225px) 100vw, 225px\" \/><\/p>\n<p>Ich leite die Finkenburgschule als Schulleiter seit Juni 2021. An unsere Schule wechselte ich bereits im Februar 2019 als Konrektor und sp\u00e4ter kommissarischer Schulleiter.<\/p>\n<p>Geboren wurde ich 1982 in Oldenburg. Nach meiner Schulzeit und dem Wehrdienst studierte ich in meiner Heimatstadt die F\u00e4cher Deutsch und Geschichte f\u00fcr das Lehramt an Grund-, Haupt- und Realschulen. Den Anw\u00e4rterdienst absolvierte ich erfolgreich an einer Grund- und Hauptschule in Cuxhaven. Im Anschluss arbeitete ich sieben Jahre an einer Grundschule in Delmenhorst. W\u00e4hrend dieser Zeit war ich zwei Jahre lang als Konrektor in Elternzeitvertretung t\u00e4tig. In Wittmund bin ich schnell beruflich angekommen und habe \u00fcberall \u201eoffene T\u00fcren\u201c vorgefunden. Privat hatte ich schon zuvor viele Bez\u00fcge zur Region.<\/p>\n<p>Mir macht es Spa\u00df zu planen, zu gestalten und L\u00f6sungen zu entwickeln. Ich bin stolz darauf, wie sich unsere Schule im engen Zusammenwirken von Schulleitung, dem Kollegium, unserem Schultr\u00e4ger, der Elternvertretung, vielen Kooperationspartnern und Ehrenamtlichen und den Kindern stetig weiterentwickelt. Wir konnten gemeinsam gro\u00dfen Herausforderungen wie der Corona-Pandemie und der Integration vieler Kinder mit Fluchterfahrung an unserer Schule zielorientiert und erfolgreich begegnen und gro\u00dfe Projekte wie den Digitalpakt erfolgreich umsetzen. P\u00e4dagogische, bauliche und strukturelle Ver\u00e4nderungsprozesse werden an der Finkenburgschule Wittmund mit Optimismus, Pragmatismus und oft \u201eeiner Vorreiterrolle\u201c f\u00fcr die Region angegangen.<\/p>\n<p>Ich stehe daf\u00fcr, unsere Schule eng in das Stadtleben Wittmunds zu verzahnen und Kooperationen mit Nachbarschulen, Ehrenamtlichen, Vereinen, Institutionen und auch Firmen stetig auszubauen.<\/p>\n<p>Ich schaue gerne \u201e\u00fcber den Tellerrand\u201c: Das europ\u00e4ische Austauschprogramm Erasmus+, innovierende Fortbildungsreihen zur Modernisierung der Schullandschaft und auch technische Innovationen sind mir pers\u00f6nlich wichtig.<\/p>\n<p>Als Fachlehrer f\u00fcr Werken, Sachunterricht und technikorientierte AGs im Ganztagsbereich sind mir die F\u00f6rderung des probleml\u00f6senden Denkens, der Teamf\u00e4higkeit und der Selbstst\u00e4ndigkeit besonders wichtig. Unsere schulische Konzeption der klassen\u00fcbergreifenden Lernzeit zur individualisierten F\u00f6rderung und Forderung der Kinder ist seit 2020 Ausdruck dieser Haltung.<\/p>\n<p><strong>Meine aktuellen schulischen Aufgaben:<\/strong><br \/>\n\u2013 Gesch\u00e4ftsf\u00fchrung<br \/>\n\u2013 Schul- und Personalentwicklung<br \/>\n\u2013 Au\u00dfenvertretung der Schule<br \/>\n\u2013 Personalverwaltung und Stundenverteilung<br \/>\n\u2013 Verwaltung der Haushaltsmittel und Beschaffung<br \/>\n\u2013 Projektleitung<br \/>\n\u2013 IServ-Systemadministrator<br \/>\n\u2013 Fachlehrer<\/p>\n<p>&nbsp;<\/p>\n<p>&nbsp;<\/p>\n<p>&nbsp;<\/p>\n<p><strong>Angela Zimmer (Konrektorin)<\/strong><\/p>\n<p><img loading=\"lazy\" decoding=\"async\" class=\"alignnone size-medium wp-image-3754\" src=\"https:\/\/wordpress.nibis.de\/gsfinken\/files\/IMG-20220302-WA0029-220x300.jpg\" alt=\"\" width=\"220\" height=\"300\" srcset=\"https:\/\/wordpress.nibis.de\/gsfinken\/files\/IMG-20220302-WA0029-220x300.jpg 220w, https:\/\/wordpress.nibis.de\/gsfinken\/files\/IMG-20220302-WA0029-441x600.jpg 441w, https:\/\/wordpress.nibis.de\/gsfinken\/files\/IMG-20220302-WA0029-768x1046.jpg 768w, https:\/\/wordpress.nibis.de\/gsfinken\/files\/IMG-20220302-WA0029.jpg 968w\" sizes=\"auto, (max-width: 220px) 100vw, 220px\" \/><\/p>\n<p>Zu meiner Person: 1982 wurde ich in Alsfeld geboren und habe meine Kindheit, Schulzeit und das Lehramtsstudium im sch\u00f6nen Vogelsbergkreis verbracht.\u00a0 Meine Anw\u00e4rterzeit als Grund-, Haupt- und Realschullehrerin mit den F\u00e4chern Mathematik und Sachunterricht (Zusatzqualifikation Sport) habe ich 2008 erfolgreich abgeschlossen. Anschlie\u00dfend konnte ich viele Einsichten, Eindr\u00fccke und Erfahrungen bei unterschiedlichen Lehrauftr\u00e4gen an verschiedenen Schulen sammeln. F\u00fcr eine Festanstellung wechselte ich im Februar 2012 von Hessen an die Nordsee. Nach anf\u00e4nglichen Eins\u00e4tzen als Klassenlehrerin, Betreuerin von Praktikanten und Referendaren \u00fcbernahm ich schnell erste Leitungs- und Verwaltungsaufgaben, wie die Fachkonferenzleitung Mathematik, die Aufgabe als Gleichstellungsbeauftragte und die zeitweise Mitgliedschaft im Schulvorstand.<\/p>\n<p>Mit Beginn der Erkrankung unseres langj\u00e4hrigen Schulleiters Reinhard Rommel, wurde ich in das Schulleitungsteam integriert. Hier \u00fcbernahm ich vorrangig die Vertretungsplanung. Nach einem Jahr als kommissarische Vertretung des damaligen Konrektors Sebastian Schneemelcher bewarb ich mich auf die zu besetzende Stelle und wurde im Februar 2022 im Amt als Konrektorin ernannt.<\/p>\n<p>Freude bereitet mir das Planen, Organisieren und Gestalten. Auch die Arbeit im Team sch\u00e4tze ich sehr und genie\u00dfe die Vorz\u00fcge der Zusammenarbeit in einem motivierten und sehr gro\u00dfen Kollegium. Besonders das Erproben und Ausprobieren neuer Lernwege und das F\u00f6rdern der eigenen \u201eSch\u00fclerpers\u00f6nlichkeit\u201c liegen mir sehr am Herzen, frei nach dem Motto: \u201eLernen muss Spa\u00df machen!\u201c<\/p>\n<p>Privat bewege ich mich oft im Freien, besuche mein Pferd, treffe mich mit Freunden, liebe den Besuch von Theatervorf\u00fchrungen, Lesungen und Konzerten oder genie\u00dfe einfach die Vorz\u00fcge des Lebens an der Nordsee.<\/p>\n<p>In den kommenden Jahren freue ich mich drauf unsere Finkenburgschule weiter zu entwickeln, neue Wege zu gestalten und das Schulleben f\u00fcr Kinder und Lehrer zu bereichern.<\/p>\n<p><u>Meine aktuellen schulischen Aufgaben:<\/u><\/p>\n<ul>\n<li>Vertretungsplanung<\/li>\n<li>Aufsichtsplanung<\/li>\n<li>Stundenplangestaltung<\/li>\n<li>Erhebung der Plus-und Minusstunden<\/li>\n<li>Einsatz der I-Kr\u00e4fte<\/li>\n<li>Klassen- und Fachlehrerin<\/li>\n<li>Projektplanung<\/li>\n<\/ul>\n","protected":false},"excerpt":{"rendered":"<p>Sebastian Schneemelcher (Schulleiter) Ich leite die Finkenburgschule als Schulleiter seit Juni 2021. An unsere Schule wechselte ich bereits im Februar 2019 als Konrektor und sp\u00e4ter kommissarischer Schulleiter. Geboren wurde ich 1982 in Oldenburg. Nach meiner Schulzeit und dem Wehrdienst studierte &hellip; <a href=\"https:\/\/wordpress.nibis.de\/gsfinken\/ueber-uns\/schulleitung\/\">Weiterlesen <span class=\"meta-nav\">&rarr;<\/span><\/a><\/p>\n","protected":false},"author":393,"featured_media":0,"parent":88,"menu_order":0,"comment_status":"closed","ping_status":"closed","template":"","meta":{"footnotes":""},"class_list":["post-32","page","type-page","status-publish","hentry"],"_links":{"self":[{"href":"https:\/\/wordpress.nibis.de\/gsfinken\/wp-json\/wp\/v2\/pages\/32","targetHints":{"allow":["GET"]}}],"collection":[{"href":"https:\/\/wordpress.nibis.de\/gsfinken\/wp-json\/wp\/v2\/pages"}],"about":[{"href":"https:\/\/wordpress.nibis.de\/gsfinken\/wp-json\/wp\/v2\/types\/page"}],"author":[{"embeddable":true,"href":"https:\/\/wordpress.nibis.de\/gsfinken\/wp-json\/wp\/v2\/users\/393"}],"replies":[{"embeddable":true,"href":"https:\/\/wordpress.nibis.de\/gsfinken\/wp-json\/wp\/v2\/comments?post=32"}],"version-history":[{"count":17,"href":"https:\/\/wordpress.nibis.de\/gsfinken\/wp-json\/wp\/v2\/pages\/32\/revisions"}],"predecessor-version":[{"id":4613,"href":"https:\/\/wordpress.nibis.de\/gsfinken\/wp-json\/wp\/v2\/pages\/32\/revisions\/4613"}],"up":[{"embeddable":true,"href":"https:\/\/wordpress.nibis.de\/gsfinken\/wp-json\/wp\/v2\/pages\/88"}],"wp:attachment":[{"href":"https:\/\/wordpress.nibis.de\/gsfinken\/wp-json\/wp\/v2\/media?parent=32"}],"curies":[{"name":"wp","href":"https:\/\/api.w.org\/{rel}","templated":true}]}}