{"id":3274,"date":"2020-12-01T15:27:47","date_gmt":"2020-12-01T14:27:47","guid":{"rendered":"https:\/\/wordpress.nibis.de\/gsfinken\/?page_id=3274"},"modified":"2024-01-22T12:03:18","modified_gmt":"2024-01-22T11:03:18","slug":"angebote","status":"publish","type":"page","link":"https:\/\/wordpress.nibis.de\/gsfinken\/willen\/angebote\/","title":{"rendered":"Angebote Willen"},"content":{"rendered":"<p>Im Ganztagsbereich werden den Kindern t\u00e4glich wechselnde Angebote in der Zeit von 14.00- 15.00 gemacht. <a href=\"https:\/\/wordpress.nibis.de\/gsfinken\/ganztagsbetrieb\/ags\/kind-am-computer\/\" rel=\"attachment wp-att-2299\"><img loading=\"lazy\" decoding=\"async\" class=\"aligncenter wp-image-2299\" src=\"https:\/\/wordpress.nibis.de\/gsfinken\/files\/Kind-am-Computer.jpg\" alt=\"\" width=\"107\" height=\"89\" srcset=\"https:\/\/wordpress.nibis.de\/gsfinken\/files\/Kind-am-Computer.jpg 713w, https:\/\/wordpress.nibis.de\/gsfinken\/files\/Kind-am-Computer-300x250.jpg 300w\" sizes=\"auto, (max-width: 107px) 100vw, 107px\" \/><\/a><\/p>\n<p>So k\u00f6nnen die Kinder basteln, drau\u00dfen spielen, \u00dcbungen am Computer machen, Gesellschaftspiele spielen, k\u00fcnstlerisch t\u00e4tig werden, Bewegungsangebote in der Mehrzweckhalle nutzen, H\u00f6rspiele h\u00f6ren, lesen, Tiptoi- B\u00fccher anh\u00f6ren, und, und, und &#8230;.<\/p>\n<p>Aktuell haben die Kinder die M\u00f6glichkeit, den Naturschutzhof im Rahmen einer Wald-AG zu besuchen und zum Beispiel Blockfl\u00f6te im Musikunterricht zu lernen.<\/p>\n<p><a href=\"https:\/\/wordpress.nibis.de\/gsfinken\/ganztagsbetrieb\/ags\/fussball\/\" rel=\"attachment wp-att-2298\"><img loading=\"lazy\" decoding=\"async\" class=\"wp-image-2298 alignleft\" src=\"https:\/\/wordpress.nibis.de\/gsfinken\/files\/Fu\u00dfball.jpg\" alt=\"\" width=\"89\" height=\"101\" srcset=\"https:\/\/wordpress.nibis.de\/gsfinken\/files\/Fu\u00dfball.jpg 481w, https:\/\/wordpress.nibis.de\/gsfinken\/files\/Fu\u00dfball-263x300.jpg 263w\" sizes=\"auto, (max-width: 89px) 100vw, 89px\" \/><\/a><a href=\"https:\/\/wordpress.nibis.de\/gsfinken\/ganztagsbetrieb\/ags\/musik\/\" rel=\"attachment wp-att-2300\"><img loading=\"lazy\" decoding=\"async\" class=\"wp-image-2300 alignright\" src=\"https:\/\/wordpress.nibis.de\/gsfinken\/files\/Musik.jpg\" alt=\"\" width=\"114\" height=\"67\" srcset=\"https:\/\/wordpress.nibis.de\/gsfinken\/files\/Musik.jpg 792w, https:\/\/wordpress.nibis.de\/gsfinken\/files\/Musik-300x177.jpg 300w, https:\/\/wordpress.nibis.de\/gsfinken\/files\/Musik-768x453.jpg 768w\" sizes=\"auto, (max-width: 114px) 100vw, 114px\" \/><\/a><\/p>\n<p>&nbsp;<\/p>\n","protected":false},"excerpt":{"rendered":"<p>Im Ganztagsbereich werden den Kindern t\u00e4glich wechselnde Angebote in der Zeit von 14.00- 15.00 gemacht. So k\u00f6nnen die Kinder basteln, drau\u00dfen spielen, \u00dcbungen am Computer machen, Gesellschaftspiele spielen, k\u00fcnstlerisch t\u00e4tig werden, Bewegungsangebote in der Mehrzweckhalle nutzen, H\u00f6rspiele h\u00f6ren, lesen, Tiptoi- &hellip; <a href=\"https:\/\/wordpress.nibis.de\/gsfinken\/willen\/angebote\/\">Weiterlesen <span class=\"meta-nav\">&rarr;<\/span><\/a><\/p>\n","protected":false},"author":393,"featured_media":0,"parent":1935,"menu_order":0,"comment_status":"closed","ping_status":"closed","template":"onecolumn-page.php","meta":{"footnotes":""},"class_list":["post-3274","page","type-page","status-publish","hentry"],"_links":{"self":[{"href":"https:\/\/wordpress.nibis.de\/gsfinken\/wp-json\/wp\/v2\/pages\/3274","targetHints":{"allow":["GET"]}}],"collection":[{"href":"https:\/\/wordpress.nibis.de\/gsfinken\/wp-json\/wp\/v2\/pages"}],"about":[{"href":"https:\/\/wordpress.nibis.de\/gsfinken\/wp-json\/wp\/v2\/types\/page"}],"author":[{"embeddable":true,"href":"https:\/\/wordpress.nibis.de\/gsfinken\/wp-json\/wp\/v2\/users\/393"}],"replies":[{"embeddable":true,"href":"https:\/\/wordpress.nibis.de\/gsfinken\/wp-json\/wp\/v2\/comments?post=3274"}],"version-history":[{"count":5,"href":"https:\/\/wordpress.nibis.de\/gsfinken\/wp-json\/wp\/v2\/pages\/3274\/revisions"}],"predecessor-version":[{"id":4229,"href":"https:\/\/wordpress.nibis.de\/gsfinken\/wp-json\/wp\/v2\/pages\/3274\/revisions\/4229"}],"up":[{"embeddable":true,"href":"https:\/\/wordpress.nibis.de\/gsfinken\/wp-json\/wp\/v2\/pages\/1935"}],"wp:attachment":[{"href":"https:\/\/wordpress.nibis.de\/gsfinken\/wp-json\/wp\/v2\/media?parent=3274"}],"curies":[{"name":"wp","href":"https:\/\/api.w.org\/{rel}","templated":true}]}}