{"id":3434,"date":"2021-02-15T15:30:38","date_gmt":"2021-02-15T14:30:38","guid":{"rendered":"https:\/\/wordpress.nibis.de\/gsfinken\/?page_id=3434"},"modified":"2025-12-12T16:05:32","modified_gmt":"2025-12-12T15:05:32","slug":"teilnahme-an-wettbewerben","status":"publish","type":"page","link":"https:\/\/wordpress.nibis.de\/gsfinken\/teilnahme-an-wettbewerben\/","title":{"rendered":"Finkenburgschule erh\u00e4lt Hans-Beutz-Preis f\u00fcr Demokratief\u00f6rderung!"},"content":{"rendered":"<p>Am 80. Jahrestags des Endes des Zweiten Weltkrieges hat unsere Schule im Kulturbunker Emden den Hans-Beutz-Preis erhalten. Dem Preis ging eine erfolgreiche Bewerbung zum Stiftungsziel \u201eDemokratie erleben und erlernen\u201c voraus. Wir konnten vermitteln, wie an unserer Schule Demokratie gef\u00f6rdert wird und auch, woran wir sehr konkret diesbez\u00fcglich arbeiten. Der Preis wird seit 1991 f\u00fcr besondere Leistungen in Bildung und Erziehung vergeben und wir sind sehr stolz auf die Auszeichnung!<\/p>\n<p><strong>Annabell Glomke<\/strong>\u00a0und Schulleiter\u00a0<strong>Sebastian Schneemelcher<\/strong> stellten in einer Pr\u00e4sentation eine Vielzahl Aktivit\u00e4ten und Ver\u00e4nderungen im Sinne der Demokratie an der Finkenburgschule Wittmund vor. Zur Sprache kamen auch die ausgepr\u00e4gte sprachliche und kulturelle Unterschiedlichkeit als Kompetenz und die vielf\u00e4ltigen Bestrebungen, Bildungschancen f\u00fcr alle Kinder zu er\u00f6ffnen. Den Preis begreifen wir als Chance und Motivation, mit den Kindern und der Sch\u00fclervertretung eine ganze Reihe von konkreten Ver\u00e4nderungen umzusetzen. So haben wir zum Beispiel gro\u00dfformatige Banner mit wesentlichen Werten der Schulgemeinschaft beschafft, eine kunterbunte \u201eMitspielbank\u201c eingef\u00fchrt, \u201eStreitschlichterInnen\u201c ausgebildet und mit Dienstwesten sichtbar gemacht, Tisch-Aufsteller f\u00fcr Mensa-Regeln gestaltet und den Kindern die demokratische Entscheidung \u00fcberlassen, welche gemeinschaftsf\u00f6rdernden Spiele neu angeschafft werden sollten.<\/p>\n<div class=\"wp-block-image\"><img loading=\"lazy\" decoding=\"async\" class=\"wpa-warning wpa-image-missing-alt alignnone size-medium wp-image-4570\" src=\"https:\/\/wordpress.nibis.de\/gsfinken\/files\/Gruppembild-alle-Preistraeger-2024_2025-300x172.jpg\" alt=\"\" width=\"300\" height=\"172\" data-warning=\"Missing alt text\" srcset=\"https:\/\/wordpress.nibis.de\/gsfinken\/files\/Gruppembild-alle-Preistraeger-2024_2025-300x172.jpg 300w, https:\/\/wordpress.nibis.de\/gsfinken\/files\/Gruppembild-alle-Preistraeger-2024_2025-800x459.jpg 800w, https:\/\/wordpress.nibis.de\/gsfinken\/files\/Gruppembild-alle-Preistraeger-2024_2025-768x441.jpg 768w, https:\/\/wordpress.nibis.de\/gsfinken\/files\/Gruppembild-alle-Preistraeger-2024_2025-1536x881.jpg 1536w, https:\/\/wordpress.nibis.de\/gsfinken\/files\/Gruppembild-alle-Preistraeger-2024_2025-2048x1175.jpg 2048w\" sizes=\"auto, (max-width: 300px) 100vw, 300px\" \/><\/div>\n<div>Foto: Reinhard Former<\/div>\n","protected":false},"excerpt":{"rendered":"<p>Am 80. Jahrestags des Endes des Zweiten Weltkrieges hat unsere Schule im Kulturbunker Emden den Hans-Beutz-Preis erhalten. Dem Preis ging eine erfolgreiche Bewerbung zum Stiftungsziel \u201eDemokratie erleben und erlernen\u201c voraus. Wir konnten vermitteln, wie an unserer Schule Demokratie gef\u00f6rdert wird &hellip; <a href=\"https:\/\/wordpress.nibis.de\/gsfinken\/teilnahme-an-wettbewerben\/\">Weiterlesen <span class=\"meta-nav\">&rarr;<\/span><\/a><\/p>\n","protected":false},"author":393,"featured_media":0,"parent":0,"menu_order":0,"comment_status":"closed","ping_status":"closed","template":"","meta":{"footnotes":""},"class_list":["post-3434","page","type-page","status-publish","hentry"],"_links":{"self":[{"href":"https:\/\/wordpress.nibis.de\/gsfinken\/wp-json\/wp\/v2\/pages\/3434","targetHints":{"allow":["GET"]}}],"collection":[{"href":"https:\/\/wordpress.nibis.de\/gsfinken\/wp-json\/wp\/v2\/pages"}],"about":[{"href":"https:\/\/wordpress.nibis.de\/gsfinken\/wp-json\/wp\/v2\/types\/page"}],"author":[{"embeddable":true,"href":"https:\/\/wordpress.nibis.de\/gsfinken\/wp-json\/wp\/v2\/users\/393"}],"replies":[{"embeddable":true,"href":"https:\/\/wordpress.nibis.de\/gsfinken\/wp-json\/wp\/v2\/comments?post=3434"}],"version-history":[{"count":13,"href":"https:\/\/wordpress.nibis.de\/gsfinken\/wp-json\/wp\/v2\/pages\/3434\/revisions"}],"predecessor-version":[{"id":4728,"href":"https:\/\/wordpress.nibis.de\/gsfinken\/wp-json\/wp\/v2\/pages\/3434\/revisions\/4728"}],"wp:attachment":[{"href":"https:\/\/wordpress.nibis.de\/gsfinken\/wp-json\/wp\/v2\/media?parent=3434"}],"curies":[{"name":"wp","href":"https:\/\/api.w.org\/{rel}","templated":true}]}}