{"id":4282,"date":"2024-04-09T12:18:00","date_gmt":"2024-04-09T10:18:00","guid":{"rendered":"https:\/\/wordpress.nibis.de\/gsfinken\/?page_id=4282"},"modified":"2024-10-30T12:53:55","modified_gmt":"2024-10-30T11:53:55","slug":"beartungslehrerin","status":"publish","type":"page","link":"https:\/\/wordpress.nibis.de\/gsfinken\/ueber-uns\/beartungslehrerin\/","title":{"rendered":"Beratungslehrerin"},"content":{"rendered":"<p style=\"margin: 0px 0px 10px;color: #1a1a1a;font-family: 'Open Sans', Arial, sans-serif;font-size: 14px\">Liebe Kolleginnen und Kollegen, liebe Sch\u00fclerinnen und Sch\u00fcler, liebe Eltern,<\/p>\n<p style=\"margin: 0px 0px 10px;color: #1a1a1a;font-family: 'Open Sans', Arial, sans-serif;font-size: 14px\">als fast fertig ausgebildete Beratungslehrerin stehe ich euch\/Ihnen ab sofort zur Verf\u00fcgung, um bei Fragen, Sorgen oder Problemen zu helfen. Eltern biete ich beispielsweise u.a. konkrete Hilfe rund um die Fragen Lerncoaching (\u201eWarum sind die Noten schlecht, obwohl wir flei\u00dfig \u00fcben?\u201c etc.) an. F\u00fcr Lehrerinnen und Lehrer sowie f\u00fcr Inklusionskr\u00e4fte biete ich Unterst\u00fctzung bei p\u00e4dagogischen Fragestellungen oder auch die Methode der kollegialen Fallberatung an. Gemeinsam k\u00f6nnen wir nach dem Prinzip \u201eHilfe zur Selbsthilfe\u201c individuelle L\u00f6sungsans\u00e4tze erarbeiten und neue Perspektiven entwickeln.<\/p>\n<p style=\"margin: 0px 0px 10px;color: #1a1a1a;font-family: 'Open Sans', Arial, sans-serif;font-size: 14px\">Auch f\u00fcr Sch\u00fclerinnen und Sch\u00fcler bin ich da. Ihr k\u00f6nnt zu mir kommen, wenn ihr (Lern-)Schwierigkeiten in der Schule habt, euch gestresst f\u00fchlt oder einfach jemanden zum Reden braucht. Gemeinsam k\u00f6nnen wir nach L\u00f6sungen suchen und ich kann euch dabei unterst\u00fctzen, damit ihr euer ganzes Potenzial aussch\u00f6pfen k\u00f6nnt. Die Beratungsstunde findet in der Regel im Anschluss an den normalen Schulvormittag nach individueller Absprache statt.<\/p>\n<p style=\"margin: 0px 0px 10px;color: #1a1a1a;font-family: 'Open Sans', Arial, sans-serif;font-size: 14px\">Im Idealfall schreibt ihr mir vorher eine kurze Nachricht unter <a style=\"background-color: transparent;color: var(--link-color)\" href=\"&#x6d;&#97;i&#x6c;&#116;o&#x3a;&#87;i&#x65;&#98;k&#x65;&#46;S&#x63;&#104;o&#x65;&#110;b&#x6f;&#104;m&#x2d;&#87;i&#x6c;&#107;e&#x40;&#103;s&#x2d;&#119;t&#x6d;&#46;d&#x65;\" target=\"_blank\" rel=\"noopener\">&#x57;&#x69;&#101;&#98;ke&#x2e;&#x53;&#x63;&#104;oe&#x6e;&#x62;&#x6f;&#104;&#109;-&#x57;&#x69;&#x6c;&#107;&#101;&#64;&#x67;&#x73;&#x2d;&#119;&#116;m&#46;&#x64;&#x65;<\/a> mit eurem Anliegen oder ihr sprecht mich in der Schule pers\u00f6nlich an. Selbstverst\u00e4ndlich unterliege ich der Verschwiegenheit, d.h. ich werde alle Informationen vertraulich und sensibel behandeln.<\/p>\n<p style=\"margin: 0px 0px 10px;color: #1a1a1a;font-family: 'Open Sans', Arial, sans-serif;font-size: 14px\">Ich freue mich auf euch! Liebe Gr\u00fc\u00dfe, eure\/Ihre Wiebke Sch\u00f6nbohm-Wilke<\/p>\n<p><img loading=\"lazy\" decoding=\"async\" class=\"alignnone size-medium wp-image-4431\" src=\"https:\/\/wordpress.nibis.de\/gsfinken\/files\/IMG-20240628-WA00341.jpg-Foto-Wiebke-139x300.jpg\" alt=\"\" width=\"139\" height=\"300\" srcset=\"https:\/\/wordpress.nibis.de\/gsfinken\/files\/IMG-20240628-WA00341.jpg-Foto-Wiebke-139x300.jpg 139w, https:\/\/wordpress.nibis.de\/gsfinken\/files\/IMG-20240628-WA00341.jpg-Foto-Wiebke-277x600.jpg 277w, https:\/\/wordpress.nibis.de\/gsfinken\/files\/IMG-20240628-WA00341.jpg-Foto-Wiebke-709x1536.jpg 709w, https:\/\/wordpress.nibis.de\/gsfinken\/files\/IMG-20240628-WA00341.jpg-Foto-Wiebke.jpg 739w\" sizes=\"auto, (max-width: 139px) 100vw, 139px\" \/><\/p>\n","protected":false},"excerpt":{"rendered":"<p>Liebe Kolleginnen und Kollegen, liebe Sch\u00fclerinnen und Sch\u00fcler, liebe Eltern, als fast fertig ausgebildete Beratungslehrerin stehe ich euch\/Ihnen ab sofort zur Verf\u00fcgung, um bei Fragen, Sorgen oder Problemen zu helfen. Eltern biete ich beispielsweise u.a. konkrete Hilfe rund um die &hellip; <a href=\"https:\/\/wordpress.nibis.de\/gsfinken\/ueber-uns\/beartungslehrerin\/\">Weiterlesen <span class=\"meta-nav\">&rarr;<\/span><\/a><\/p>\n","protected":false},"author":393,"featured_media":0,"parent":88,"menu_order":0,"comment_status":"closed","ping_status":"closed","template":"","meta":{"footnotes":""},"class_list":["post-4282","page","type-page","status-publish","hentry"],"_links":{"self":[{"href":"https:\/\/wordpress.nibis.de\/gsfinken\/wp-json\/wp\/v2\/pages\/4282","targetHints":{"allow":["GET"]}}],"collection":[{"href":"https:\/\/wordpress.nibis.de\/gsfinken\/wp-json\/wp\/v2\/pages"}],"about":[{"href":"https:\/\/wordpress.nibis.de\/gsfinken\/wp-json\/wp\/v2\/types\/page"}],"author":[{"embeddable":true,"href":"https:\/\/wordpress.nibis.de\/gsfinken\/wp-json\/wp\/v2\/users\/393"}],"replies":[{"embeddable":true,"href":"https:\/\/wordpress.nibis.de\/gsfinken\/wp-json\/wp\/v2\/comments?post=4282"}],"version-history":[{"count":4,"href":"https:\/\/wordpress.nibis.de\/gsfinken\/wp-json\/wp\/v2\/pages\/4282\/revisions"}],"predecessor-version":[{"id":4429,"href":"https:\/\/wordpress.nibis.de\/gsfinken\/wp-json\/wp\/v2\/pages\/4282\/revisions\/4429"}],"up":[{"embeddable":true,"href":"https:\/\/wordpress.nibis.de\/gsfinken\/wp-json\/wp\/v2\/pages\/88"}],"wp:attachment":[{"href":"https:\/\/wordpress.nibis.de\/gsfinken\/wp-json\/wp\/v2\/media?parent=4282"}],"curies":[{"name":"wp","href":"https:\/\/api.w.org\/{rel}","templated":true}]}}