{"id":518,"date":"2015-01-07T22:17:37","date_gmt":"2015-01-07T21:17:37","guid":{"rendered":"http:\/\/wordpress.nibis.de\/gsfinken\/?page_id=518"},"modified":"2025-01-22T13:16:12","modified_gmt":"2025-01-22T12:16:12","slug":"unsere-streitschlichter","status":"publish","type":"page","link":"https:\/\/wordpress.nibis.de\/gsfinken\/ueber-uns\/unsere-streitschlichter\/","title":{"rendered":"Unsere Streitschlichter"},"content":{"rendered":"<p>Unsere Streitschlichter haben in der 3. Klasse begonnen, viel \u00fcber Streit, Gef\u00fchle und die Phasen der Streitschlichtung zu lernen und haben ihre Pr\u00fcfung erfolgreich gemeistert. Sie freuen sich sehr darauf, anderen Kindern zu helfen und Streitigkeiten auf eine friedliche Weise zu l\u00f6sen. Dabei geht es darum, dass die Streitenden selber eine L\u00f6sung finden, mit der alle einverstanden sind. Die Streitschlichter sind dabei neutral, das hei\u00dft, sie verhalten sich wie ein Schiedsrichter. Die Streitschlichter haben einen festen Dienstplan, solange der Regelbetrieb l\u00e4uft. Das bedeutet, dass sie immer zu zweit oder zu dritt in den Pausen Streitschlichterdienst haben, wenn alle Kinder zur Schule kommen k\u00f6nnen. Dann sind sie beim roten Sofa und auf dem Schulhof zu finden und schlichten Streit. Au\u00dferdem unterst\u00fctzen sie auch die Pausenaufsicht bei verschiedenen Aufgaben. Man erkennt sie an den Streitschlichtercaps. Ein Fotoplakat h\u00e4ngt im Eingangsbereich an beiden Schulstandorten aus.Die Streitschlichter machen einen tollen Job in Wittmund und in Willen und alle LehrerInnen und Kinder sind froh, wieder von so hilfsbereiten und engagierten Streitschlichtern unterst\u00fctzt zu werden!<\/p>\n<p>Tatjana F\u00e4hnders (Schulsozialarbeiterin)<\/p>\n<p>&nbsp;<\/p>\n<p>&nbsp;<\/p>\n","protected":false},"excerpt":{"rendered":"<p>Unsere Streitschlichter haben in der 3. Klasse begonnen, viel \u00fcber Streit, Gef\u00fchle und die Phasen der Streitschlichtung zu lernen und haben ihre Pr\u00fcfung erfolgreich gemeistert. Sie freuen sich sehr darauf, anderen Kindern zu helfen und Streitigkeiten auf eine friedliche Weise &hellip; <a href=\"https:\/\/wordpress.nibis.de\/gsfinken\/ueber-uns\/unsere-streitschlichter\/\">Weiterlesen <span class=\"meta-nav\">&rarr;<\/span><\/a><\/p>\n","protected":false},"author":393,"featured_media":0,"parent":88,"menu_order":4,"comment_status":"closed","ping_status":"closed","template":"","meta":{"footnotes":""},"class_list":["post-518","page","type-page","status-publish","hentry"],"_links":{"self":[{"href":"https:\/\/wordpress.nibis.de\/gsfinken\/wp-json\/wp\/v2\/pages\/518","targetHints":{"allow":["GET"]}}],"collection":[{"href":"https:\/\/wordpress.nibis.de\/gsfinken\/wp-json\/wp\/v2\/pages"}],"about":[{"href":"https:\/\/wordpress.nibis.de\/gsfinken\/wp-json\/wp\/v2\/types\/page"}],"author":[{"embeddable":true,"href":"https:\/\/wordpress.nibis.de\/gsfinken\/wp-json\/wp\/v2\/users\/393"}],"replies":[{"embeddable":true,"href":"https:\/\/wordpress.nibis.de\/gsfinken\/wp-json\/wp\/v2\/comments?post=518"}],"version-history":[{"count":15,"href":"https:\/\/wordpress.nibis.de\/gsfinken\/wp-json\/wp\/v2\/pages\/518\/revisions"}],"predecessor-version":[{"id":4509,"href":"https:\/\/wordpress.nibis.de\/gsfinken\/wp-json\/wp\/v2\/pages\/518\/revisions\/4509"}],"up":[{"embeddable":true,"href":"https:\/\/wordpress.nibis.de\/gsfinken\/wp-json\/wp\/v2\/pages\/88"}],"wp:attachment":[{"href":"https:\/\/wordpress.nibis.de\/gsfinken\/wp-json\/wp\/v2\/media?parent=518"}],"curies":[{"name":"wp","href":"https:\/\/api.w.org\/{rel}","templated":true}]}}