{"id":819,"date":"2015-03-24T10:59:50","date_gmt":"2015-03-24T09:59:50","guid":{"rendered":"http:\/\/wordpress.nibis.de\/gsfinken\/?page_id=819"},"modified":"2026-02-22T12:42:54","modified_gmt":"2026-02-22T11:42:54","slug":"die-sv","status":"publish","type":"page","link":"https:\/\/wordpress.nibis.de\/gsfinken\/ueber-uns\/die-sv\/","title":{"rendered":"Die SV"},"content":{"rendered":"<p style=\"text-align: center\">Hallo wir sind die SV!<\/p>\n<p style=\"text-align: left\">Wir treffen uns einmal w\u00f6chentlich im Rahmen des IL Bands\u00a0 und unsere Lehrerin ist Frau Ricklefs.<br \/>\nWir w\u00fcnschen uns eine gro\u00dfe Beteiligung von unseren Sch\u00fclern, damit wir das Schulleben mitbestimmen k\u00f6nnen.<\/p>\n<p style=\"text-align: left\">SV bedeutet Sch\u00fclervertretung!<\/p>\n<p style=\"text-align: left\"><strong>Unsere Aufgaben<\/strong><\/p>\n<p style=\"text-align: left\">Die SV vertritt die Sch\u00fcler. Sie \u00fcberlegt sich neue Ideen f\u00fcr die Schule.<br \/>\nEs werden Probleme gel\u00f6st. Wir, die Sch\u00fcler der ganzen Schule, bestimmen neue Projekte mit. Dies ist m\u00f6glich, da wir einen tollen neuen Briefkasten (gesponsert von Eltern eines SV-Kindes) an unserem Informationskasten haben. Alle Kinder k\u00f6nnen in den SV Briefkasten W\u00fcnsche und Anregungen f\u00fcr die Schule und das Schulleben einwerfen.<br \/>\nWir sind bei Konferenzen dabei, um f\u00fcr die Schule zu sprechen und anderen Kindern zu helfen, wenn neue Spielsachen f\u00fcr die Spielzeugausleihe kommen.<\/p>\n<p style=\"text-align: left\"><strong>Diese Projekte haben wir schon gemacht:<\/strong><br \/>\nWir haben die Schul-T-Shirts gestaltet, au\u00dferdem haben wir die Schulregeln erstellt und geben Informationen, wie die Mensaregeln, weiter.<br \/>\nBald werden auch zwei Mitglieder der SV in der Jury unseres Lesewettbewerbs sein. Wir helfen Fl\u00fcchtlingskindern mit Spielzeugspenden aller Kinder der<br \/>\nSchule.<\/p>\n<p>Das sind wir&#8230;<\/p>\n<div class=\"wp-block-image\"><img loading=\"lazy\" decoding=\"async\" class=\"wpa-warning wpa-image-missing-alt alignnone size-medium wp-image-5166\" src=\"https:\/\/wordpress.nibis.de\/gsfinken\/files\/Aktuelles-Bild-Homepage_25_26-300x223.jpg\" alt=\"\" width=\"300\" height=\"223\" data-warning=\"Missing alt text\" srcset=\"https:\/\/wordpress.nibis.de\/gsfinken\/files\/Aktuelles-Bild-Homepage_25_26-300x223.jpg 300w, https:\/\/wordpress.nibis.de\/gsfinken\/files\/Aktuelles-Bild-Homepage_25_26-800x594.jpg 800w, https:\/\/wordpress.nibis.de\/gsfinken\/files\/Aktuelles-Bild-Homepage_25_26-768x570.jpg 768w, https:\/\/wordpress.nibis.de\/gsfinken\/files\/Aktuelles-Bild-Homepage_25_26-100x74.jpg 100w, https:\/\/wordpress.nibis.de\/gsfinken\/files\/Aktuelles-Bild-Homepage_25_26.jpg 1344w\" sizes=\"auto, (max-width: 300px) 100vw, 300px\" \/><\/div>\n<p>&nbsp;<\/p>\n","protected":false},"excerpt":{"rendered":"<p>Hallo wir sind die SV! Wir treffen uns einmal w\u00f6chentlich im Rahmen des IL Bands\u00a0 und unsere Lehrerin ist Frau Ricklefs. Wir w\u00fcnschen uns eine gro\u00dfe Beteiligung von unseren Sch\u00fclern, damit wir das Schulleben mitbestimmen k\u00f6nnen. SV bedeutet Sch\u00fclervertretung! Unsere &hellip; <a href=\"https:\/\/wordpress.nibis.de\/gsfinken\/ueber-uns\/die-sv\/\">Weiterlesen <span class=\"meta-nav\">&rarr;<\/span><\/a><\/p>\n","protected":false},"author":393,"featured_media":0,"parent":88,"menu_order":7,"comment_status":"closed","ping_status":"closed","template":"","meta":{"footnotes":""},"class_list":["post-819","page","type-page","status-publish","hentry"],"_links":{"self":[{"href":"https:\/\/wordpress.nibis.de\/gsfinken\/wp-json\/wp\/v2\/pages\/819","targetHints":{"allow":["GET"]}}],"collection":[{"href":"https:\/\/wordpress.nibis.de\/gsfinken\/wp-json\/wp\/v2\/pages"}],"about":[{"href":"https:\/\/wordpress.nibis.de\/gsfinken\/wp-json\/wp\/v2\/types\/page"}],"author":[{"embeddable":true,"href":"https:\/\/wordpress.nibis.de\/gsfinken\/wp-json\/wp\/v2\/users\/393"}],"replies":[{"embeddable":true,"href":"https:\/\/wordpress.nibis.de\/gsfinken\/wp-json\/wp\/v2\/comments?post=819"}],"version-history":[{"count":17,"href":"https:\/\/wordpress.nibis.de\/gsfinken\/wp-json\/wp\/v2\/pages\/819\/revisions"}],"predecessor-version":[{"id":5167,"href":"https:\/\/wordpress.nibis.de\/gsfinken\/wp-json\/wp\/v2\/pages\/819\/revisions\/5167"}],"up":[{"embeddable":true,"href":"https:\/\/wordpress.nibis.de\/gsfinken\/wp-json\/wp\/v2\/pages\/88"}],"wp:attachment":[{"href":"https:\/\/wordpress.nibis.de\/gsfinken\/wp-json\/wp\/v2\/media?parent=819"}],"curies":[{"name":"wp","href":"https:\/\/api.w.org\/{rel}","templated":true}]}}