{"id":98,"date":"2014-04-12T13:22:35","date_gmt":"2014-04-12T11:22:35","guid":{"rendered":"http:\/\/wordpress.nibis.de\/gsfinken\/?page_id=98"},"modified":"2025-08-19T11:04:03","modified_gmt":"2025-08-19T09:04:03","slug":"schulprogramm","status":"publish","type":"page","link":"https:\/\/wordpress.nibis.de\/gsfinken\/ueber-uns\/schulprogramm\/","title":{"rendered":"Schulprogramm"},"content":{"rendered":"<div><strong><span style=\"font-size: xx-large\">der Finkenburgschule Wittmund<\/span><\/strong><\/div>\n<div><strong>\u00a0<\/strong><\/div>\n<div><strong><span style=\"font-size: x-large\">Vorwort<\/span><\/strong><\/div>\n<div><\/div>\n<p>An der Finkenburgschule Wittmund wird seit Jahren planvoll und nach Programm Schule \u201egelebt\u201c.<\/p>\n<p>Mit diesem <a href=\"https:\/\/wordpress.nibis.de\/gsfinken\/files\/Schulprogramm-2025-1.pdf\">Schulprogramm 2025-1<\/a> wollen wir dieses nun auch in Schriftform darlegen.<\/p>\n<p>Ein Schulprogramm soll dazu dienen, die Qualit\u00e4t einer Schule an ihrem jeweiligen Standort zu sichern und zu verbessern. Es soll einen \u00dcberblick \u00fcber die Ziele der jeweiligen Bildungs-, Planungs- oder Organisationseinheit geben und es soll den von Au\u00dfen kommenden Personen einen \u00dcberblick gew\u00e4hren.<\/p>\n<div>Unser Schulprogramm wendet sich daher an die Lehrkr\u00e4fte, die P\u00e4dagogischen Mitarbeiterinnen und Mitarbeiter, die Eltern und andere interessierte Menschen. Neuen Lehrkr\u00e4ften und P\u00e4dagogischen Mitarbeitern soll es als Leitfaden dienen, der es ihnen erleichtern soll, sich \u00fcber die Leitideen und Konzepte ihrer neuen Schule m\u00f6glichst schnell zu informieren. Den Eltern soll es vermitteln, welche Ziele die Schule ihrer Kinder sich selber steckt und auf welchen Wegen sie diese erreichen will.<\/div>\n<div><\/div>\n<p>Das Schulprogramm selber soll klar gegliedert und in seinen Konzepten und Zielen stets konkret umsetzbar sein. Es ist nicht als starr und endg\u00fcltig zu sehen, sondern als st\u00e4ndig flie\u00dfender Prozess zu betrachten, der tempor\u00e4r zu evaluieren ist und st\u00e4ndig fortgeschrieben oder in Teilen ge\u00e4ndert werden muss.<\/p>\n<div><\/div>\n<p>Sebastian Schneemelcher, Rektor der Finkenburgschule Wittmund<\/p>\n","protected":false},"excerpt":{"rendered":"<p>der Finkenburgschule Wittmund \u00a0 Vorwort An der Finkenburgschule Wittmund wird seit Jahren planvoll und nach Programm Schule \u201egelebt\u201c. Mit diesem Schulprogramm 2025-1 wollen wir dieses nun auch in Schriftform darlegen. Ein Schulprogramm soll dazu dienen, die Qualit\u00e4t einer Schule an &hellip; <a href=\"https:\/\/wordpress.nibis.de\/gsfinken\/ueber-uns\/schulprogramm\/\">Weiterlesen <span class=\"meta-nav\">&rarr;<\/span><\/a><\/p>\n","protected":false},"author":393,"featured_media":0,"parent":88,"menu_order":2,"comment_status":"closed","ping_status":"closed","template":"","meta":{"footnotes":""},"class_list":["post-98","page","type-page","status-publish","hentry"],"_links":{"self":[{"href":"https:\/\/wordpress.nibis.de\/gsfinken\/wp-json\/wp\/v2\/pages\/98","targetHints":{"allow":["GET"]}}],"collection":[{"href":"https:\/\/wordpress.nibis.de\/gsfinken\/wp-json\/wp\/v2\/pages"}],"about":[{"href":"https:\/\/wordpress.nibis.de\/gsfinken\/wp-json\/wp\/v2\/types\/page"}],"author":[{"embeddable":true,"href":"https:\/\/wordpress.nibis.de\/gsfinken\/wp-json\/wp\/v2\/users\/393"}],"replies":[{"embeddable":true,"href":"https:\/\/wordpress.nibis.de\/gsfinken\/wp-json\/wp\/v2\/comments?post=98"}],"version-history":[{"count":13,"href":"https:\/\/wordpress.nibis.de\/gsfinken\/wp-json\/wp\/v2\/pages\/98\/revisions"}],"predecessor-version":[{"id":4606,"href":"https:\/\/wordpress.nibis.de\/gsfinken\/wp-json\/wp\/v2\/pages\/98\/revisions\/4606"}],"up":[{"embeddable":true,"href":"https:\/\/wordpress.nibis.de\/gsfinken\/wp-json\/wp\/v2\/pages\/88"}],"wp:attachment":[{"href":"https:\/\/wordpress.nibis.de\/gsfinken\/wp-json\/wp\/v2\/media?parent=98"}],"curies":[{"name":"wp","href":"https:\/\/api.w.org\/{rel}","templated":true}]}}