{"id":1029,"date":"2019-11-18T13:25:00","date_gmt":"2019-11-18T12:25:00","guid":{"rendered":"https:\/\/wordpress.nibis.de\/gsflewes\/?page_id=1029"},"modified":"2020-11-30T14:15:26","modified_gmt":"2020-11-30T13:15:26","slug":"unser-foerderverein","status":"publish","type":"page","link":"https:\/\/wordpress.nibis.de\/gsflewes\/unser-foerderverein\/","title":{"rendered":"Unser F\u00f6rderverein"},"content":{"rendered":"\n<figure class=\"wp-block-image size-large\"><img loading=\"lazy\" decoding=\"async\" width=\"819\" height=\"1024\" src=\"https:\/\/wordpress.nibis.de\/gsflewes\/files\/2020\/01\/00-2-819x1024.jpg\" alt=\"\" class=\"wp-image-1052\" srcset=\"https:\/\/wordpress.nibis.de\/gsflewes\/files\/2020\/01\/00-2-819x1024.jpg 819w, https:\/\/wordpress.nibis.de\/gsflewes\/files\/2020\/01\/00-2-240x300.jpg 240w, https:\/\/wordpress.nibis.de\/gsflewes\/files\/2020\/01\/00-2-768x960.jpg 768w, https:\/\/wordpress.nibis.de\/gsflewes\/files\/2020\/01\/00-2.jpg 1417w\" sizes=\"auto, (max-width: 819px) 100vw, 819px\" \/><\/figure>\n\n\n\n<p><strong>Vorstellung des F\u00f6rdervereins KIGA Westerloh und GS Flechum e.V.<\/strong> <\/p>\n\n\n\n<p><strong>Liebe Eltern, Freunde\nund Interessierte,<\/strong><\/p>\n\n\n\n<p>der F\u00f6rderverein wurde im November 2017 gegr\u00fcndet um\ndie p\u00e4dagogische Arbeit des Kindergartens Westerloh und der Grundschule Flechum\nzu f\u00f6rdern und zu unterst\u00fctzen.<\/p>\n\n\n\n<p>In der Vergangenheit hat sich gezeigt, dass die\n\u00f6ffentlichen Mittel f\u00fcr die Ausstattung und Unterhaltung der Kinderg\u00e4rten und\nSchulen stark begrenzt wird. Hier m\u00f6chte unser Verein schnell und\nunb\u00fcrokratisch Hilfe leisten. In den vergangenen 2&nbsp; Jahren hat der Verein die Anschaffung einiger\nzus\u00e4tzlicher Spiel- und Lernmittel erm\u00f6glicht. <\/p>\n\n\n\n<p>Um auch in Zukunft viele sch\u00f6ne und zus\u00e4tzliche\nProjekte zu erm\u00f6glichen, ist der F\u00f6rderverein auf die Unterst\u00fctzung vieler\nEltern angewiesen. <\/p>\n\n\n\n<p><strong>Aufgaben und Ziele&nbsp; des F\u00f6rdervereins<\/strong><\/p>\n\n\n\n<ul class=\"wp-block-list\"><li>Finanzielle\nUnterst\u00fctzung bei der Anschaffung von Spielger\u00e4ten<\/li><li>Erm\u00f6glichung der Anschaffung\nLern- und Arbeitsmaterial, die es unter normalen Voraussetzungen nicht g\u00e4be<\/li><li>Unterst\u00fctzung und\nMitgestaltung von Kindergarten- und Schulveranstaltungen<\/li><li>Gestaltung des\nKindergarten- und Schulhofes verbessern<\/li><\/ul>\n\n\n\n<p>\u2026. und vieles mehr.<\/p>\n\n\n\n<p><strong>Projekte, die in der Vergangenheit\nverwirklicht wurden<\/strong><\/p>\n\n\n\n<ul class=\"wp-block-list\"><li>Anschaffung von\nSandspiel-Elementen und Bodentrommeln f\u00fcr den Kindergarten Westerloh<\/li><li>Smart-Display f\u00fcr\ndie Grundschule Flechum<\/li><li>Kleiner\nForscherturm mit Zubeh\u00f6r f\u00fcr den Kindergarten Westerloh<\/li><li>Cayons\n(Musikinstrument) f\u00fcr die Grundschule Flechum<\/li><li>Finanzielle\nUnterst\u00fctzung bei der Anschaffung von Schul-T-Shirt und Schulplaner<\/li><\/ul>\n\n\n\n<p>Auch Sie k\u00f6nnen dazu beitragen, unseren Kindergarten\nund unsere Grundschule im Sinne der Kinder noch leistungsf\u00e4higer und\nattraktiver zu machen. Mit Ihrer finanziellen Unterst\u00fctzung und Ihrem&nbsp; pers\u00f6nlichen Einsatz k\u00f6nnen auch zuk\u00fcnftig\nviele Projekte realisiert werden.<\/p>\n\n\n\n<p><strong>Werden Sie F\u00f6rderer\nim F\u00f6rderverein!<\/strong><\/p>\n\n\n\n<p>Mit einem j\u00e4hrlichen F\u00f6rderbeitrag von 12 \u20ac, aber auch\nmit einer einmalige Spenden helfen Sie uns sehr. Wir freuen uns \u00fcber jeden Betrag!<\/p>\n\n\n\n<p>Bei Bedarf stellt der F\u00f6rderverein gerne Spendenbescheinigungen aus.<\/p>\n\n\n\n<p><\/p>\n\n\n\n<p><strong>Wir freuen uns auf Ihre Mithilfe!<\/strong><\/p>\n\n\n\n<p><strong>Ihr Vorstand des F\u00f6rdervereins<\/strong><\/p>\n\n\n\n<div class=\"wp-block-file\"><a href=\"https:\/\/wordpress.nibis.de\/gsflewes\/files\/2020\/01\/2019-08-27-Flyer.pdf\">Flyer <br><\/a><a href=\"https:\/\/wordpress.nibis.de\/gsflewes\/files\/2020\/01\/2019-08-27-Flyer.pdf\" class=\"wp-block-file__button\" download>Herunterladen<\/a><\/div>\n","protected":false},"excerpt":{"rendered":"<p>Vorstellung des F\u00f6rdervereins KIGA Westerloh und GS Flechum e.V. Liebe Eltern, Freunde und Interessierte, der F\u00f6rderverein wurde im November 2017 gegr\u00fcndet um die p\u00e4dagogische Arbeit des Kindergartens Westerloh und der Grundschule Flechum zu f\u00f6rdern und zu unterst\u00fctzen. In der Vergangenheit hat sich gezeigt, dass die \u00f6ffentlichen Mittel f\u00fcr die Ausstattung und Unterhaltung der Kinderg\u00e4rten und [&hellip;]<\/p>\n","protected":false},"author":720,"featured_media":0,"parent":0,"menu_order":0,"comment_status":"closed","ping_status":"closed","template":"","meta":{"footnotes":""},"class_list":["post-1029","page","type-page","status-publish","hentry"],"_links":{"self":[{"href":"https:\/\/wordpress.nibis.de\/gsflewes\/wp-json\/wp\/v2\/pages\/1029","targetHints":{"allow":["GET"]}}],"collection":[{"href":"https:\/\/wordpress.nibis.de\/gsflewes\/wp-json\/wp\/v2\/pages"}],"about":[{"href":"https:\/\/wordpress.nibis.de\/gsflewes\/wp-json\/wp\/v2\/types\/page"}],"author":[{"embeddable":true,"href":"https:\/\/wordpress.nibis.de\/gsflewes\/wp-json\/wp\/v2\/users\/720"}],"replies":[{"embeddable":true,"href":"https:\/\/wordpress.nibis.de\/gsflewes\/wp-json\/wp\/v2\/comments?post=1029"}],"version-history":[{"count":14,"href":"https:\/\/wordpress.nibis.de\/gsflewes\/wp-json\/wp\/v2\/pages\/1029\/revisions"}],"predecessor-version":[{"id":1152,"href":"https:\/\/wordpress.nibis.de\/gsflewes\/wp-json\/wp\/v2\/pages\/1029\/revisions\/1152"}],"wp:attachment":[{"href":"https:\/\/wordpress.nibis.de\/gsflewes\/wp-json\/wp\/v2\/media?parent=1029"}],"curies":[{"name":"wp","href":"https:\/\/api.w.org\/{rel}","templated":true}]}}