{"id":105,"date":"2015-05-26T14:48:52","date_gmt":"2015-05-26T12:48:52","guid":{"rendered":"http:\/\/wordpress.nibis.de\/gsflewes\/?page_id=105"},"modified":"2023-08-30T14:36:23","modified_gmt":"2023-08-30T12:36:23","slug":"geschichte-unserer-schule","status":"publish","type":"page","link":"https:\/\/wordpress.nibis.de\/gsflewes\/ueber-uns\/geschichte-unserer-schule\/","title":{"rendered":"Geschichte unserer Schule"},"content":{"rendered":"<p><strong>Die Geschichte der Schule Westerloh<\/strong><\/p>\n<p>\u00dcber das Schulwesen in Westerloh l\u00e4sst sich folgendes berichten. Bis zum Jahr 1824 werden lernbegierige Kinder aus Westerloh die Schule in Hasel\u00fcnne besucht haben. Sp\u00e4ter unterrichtete ein Sohn des Hofbesitzers Renzen die Sch\u00fcler. Er war wohl der erste Lehrer von Westerloh. 1828 wurde Lehrer Schuhmacher sein Nachfolger. Er stammte auch aus dem Dorfe. Nach seiner Eheschlie\u00dfung wurde ihm eine Wohnung in einem ehemaligen Schafstall eingerichtet. Jetzt erhielt die Bauerschaft ein eigenes Schulgeb\u00e4ude, ein Fachwerkhaus. In der Schulchronik wird von der Einweihung einer Schule vom 8. Januar 1936 berichtet. In jenem Schuljahr betrug die Sch\u00fclerzahl 58 Sch\u00fcler, 34 M\u00e4dchen und 24 Jungen.<\/p>\n<p>Nach dem zweiten Weltkrieg stieg die Kinderzahl durch den Fl\u00fcchtlingszustrom erheblich an. So waren es im Schuljahr 1946 82 Sch\u00fcler.<\/p>\n<p>Im Jahre 1963 wurde im Zuge der Zentralisierung das 7., 8. und 9. Schuljahr nach Ber\u00dfen abgeschult. Ab 1965 besuchen die Kinder ab Klasse 7 die Mittelpunktschule in Hasel\u00fcnne. Mit<br \/>\ndem Beginn der Orientierungsstufe 1979 wurden 16 Kinder in die Klasse 5 der &#8222;0S&#8220; nach Hasel\u00fcnne geschickt.<br \/>\n<strong>(Aus: Stadt Hasel\u00fcnne ,Hrsg., &#8220; 725 Jahre Stadt Hasel\u00fcnne&#8220;, 1997, S. 186- 187)<\/strong><\/p>\n<p><strong>Die Geschichte der Schule Flechum und des Kinderspielkreises Flechum<\/strong><\/p>\n<p>Eng mit der Geschichte der Ortschaft Flechum verbunden ist die Entwicklung der Schule. Der Sch\u00e4fer Johann K\u00f6tter war im Jahre 1823 der erste hauptamtliche Lehrer der Gemeinde. Er hatte in Osnabr\u00fcck einen Normalkurs von 6 Wochen absolviert. Der erste Schulbau muss jedoch weit vor dieser Zeit gelegen haben. Wie in den anderen Gemeinden auch war es ein einfaches Geb\u00e4ude mit d\u00fcnnen Lehmw\u00e4nden. So war bald ein neues und besseres Schulgeb\u00e4ude notwendig. Der Plan hierf\u00fcr datiert vom 25. April 1842. Im Jahre 1878 erhielt der Lehrer dann eine freie Dienstwohnung. Es hat sich um ein typisches emsl\u00e4ndisches Schulgeb\u00e4ude gehandelt, vergleichbar mit den noch heute bestehenden alten Schulgeb\u00e4uden in H\u00fclsen und Lohe. Auch dieses Geb\u00e4ude reichte nach einigen Jahrzehnten nicht mehr aus. So wurde 1930\/31 ein neues Schulgeb\u00e4ude errichtet, welches am 1. November 1931 eingeweiht wurde. Noch heute wird in diesem Geb\u00e4ude unterrichtet.<\/p>\n<p>Die einklassige katholische Volksschule wurde sp\u00e4ter Grundschule f\u00fcr die Klassen 1 bis 4, R\u00fcckl\u00e4ufige Sch\u00fclerzahlen brachten vor einigen Jahren Flechum den Ruf der ,,kleinsten Schule im Land Niedersachsen&#8220; ein. Gegen eine Schlie\u00dfung der Schule setzten die Flechumer sich vehement zur Wehr. Heute besteht die Grundschule Flechum-Westerloh. Die Kinder aus Flechum, H\u00fclsen und Westerloh des ersten und zweiten Jahrganges werden in Westerloh sowie die Kinder des dritten und vierten Jahres in Flechum unterrichtet. Auch heute ist die Schule Mittelpunkt der Gemeinde.<\/p>\n<p>Eine weitere wichtige Einrichtung ist der Kinderspielkreis Flechum, der eine eigene Geschichte hat. Vom damaligen, sehr aktiven Lehrer Gerhard Kampmeyer wurde gemeinsam mit den Flechumer Eltern in der ehemaligen Lehrerwohnung im ersten Stock der Schule ein Kindergarten eingerichtet. Tr\u00e4ger dieses Kindergartens war der Verein Kinderspielkreis Flechum e.V.. Diese Einrichtung wurde zum 1. Januar 1973 von der Gemeinde Flechum als Kindergarten \u00fcbernommen und ging mit der Gebietsreform zum 1. M\u00e4rz 1974 auf die Stadt Hasel\u00fcnne \u00fcber. Die sinkende Kinderzahl schloss auch den Kindergarten von einer Diskussion nicht aus. Auch ,,ihr&#8220; Kindergarten wurde von den Flechumern intensiv verteidigt. Als Kompromiss wurde der Kindergarten in einen Kinderspielkreis umgewandelt, in welchem die gleiche bzw. vergleichbare p\u00e4dagogische Arbeit wie in einem Kindergarten geleistet wird.<br \/>\nIm Jahre 2001 wurde ein neues Geb\u00e4ude f\u00fcr den Kinderspielkreis Flechum errichtet, das sich harmonisch an das Schulgeb\u00e4ude anf\u00fcgt.<br \/>\n<strong>(Aus: Stadt Hasel\u00fcnne, Hrsg, \u201e725 Jahre Stadt Hasel\u00fcnne&#8220;, 1997, S. 161)<\/strong><\/p>\n<p><strong>Zusammenlegung zur Schule Flechum-Westerloh<\/strong><\/p>\n<p>Zum Schuljahr 1991\/1992 sanken in den Schulen Flechum und Westerloh die Sch\u00fclerzahlen unter die erforderliche Mindestgrenze. Nach gro\u00dfem Protest der Bev\u00f6lkerung gegen eine Schlie\u00dfung bewilligte man eine organisatorische Zusammenlegung beider Schulen. Ab nun wurden die Kinder des 1. und 2. Schuljahres in Westerloh und die Kinder des 3. und 4. Schuljahres in Flechum unterrichtet.<\/p>\n<p><strong><br \/>\nStandortzusammenlegung der Schule Westerloh und Flechum<\/strong><\/p>\n<p>Am 01.08.2009 wird der Schulstandort Westerloh aufgel\u00f6st. Seit diesem Zeitpunkt besuchen alle Grundschulkinder der Ortschaften Flechum, Westerloh, Westerlohm\u00fchlen und H\u00fclsen und mit Ausnahmegenehmigung aus Randgebieten Klein Ber\u00dfens und Hasel\u00fcnnes die Grundschule Flechum-Westerloh in Flechum.<br \/>\nIm Gegenzug wird der Kindergartenstandort des Kinderspielkreises Flechum aufgel\u00f6st. Alle Kinder der Ortschaften Flechum, Westerloh, Westerlohm\u00fchlen und H\u00fclsen besuchen seither i.d. R. den Kindergarten Westerloh in Westerloh.<\/p>\n<p>Das ehemalige Schulgeb\u00e4ude in Westerloh wird zum Kindergarten Westerloh umgestaltet. Das Schul- und Kindergartengeb\u00e4ude in Flechum wird f\u00fcr eine rein schulische Nutzung umgestaltet.<\/p>\n<p><strong>Die Grundschule Flechum-Westerloh wird offene Ganztagsschule<\/strong><\/p>\n<p>Seit dem 01.08.2013 wird die Grundschule Flechum-Westerloh als offene Ganztagsschule gef\u00fchrt. Aus Brandschutzgr\u00fcnden darf die 1. Etage des Schulgeb\u00e4udes nur noch als Lagerraum genutzt werden, so dass das Schulgeb\u00e4ude um einen Anbau erweitert wurde, in dem sich ein Speiseraum und ein neuer Toilettentrakt befinden. Montags bis donnerstags findet nun ein Nachmittagsangebot von 13.00 Uhr bis 15.45 Uhr statt (Mittagessen, Lernzeit, AG). Pro Halbjahr besteht die M\u00f6glichkeit, ein Kind an einem Tag oder an mehreren Tagen f\u00fcr das Nachmittagsangebot anzumelden.<\/p>\n","protected":false},"excerpt":{"rendered":"<p>Die Geschichte der Schule Westerloh \u00dcber das Schulwesen in Westerloh l\u00e4sst sich folgendes berichten. Bis zum Jahr 1824 werden lernbegierige Kinder aus Westerloh die Schule in Hasel\u00fcnne besucht haben. Sp\u00e4ter unterrichtete ein Sohn des Hofbesitzers Renzen die Sch\u00fcler. Er war wohl der erste Lehrer von Westerloh. 1828 wurde Lehrer Schuhmacher sein Nachfolger. Er stammte auch [&hellip;]<\/p>\n","protected":false},"author":720,"featured_media":0,"parent":34,"menu_order":0,"comment_status":"closed","ping_status":"closed","template":"","meta":{"footnotes":""},"class_list":["post-105","page","type-page","status-publish","hentry"],"_links":{"self":[{"href":"https:\/\/wordpress.nibis.de\/gsflewes\/wp-json\/wp\/v2\/pages\/105","targetHints":{"allow":["GET"]}}],"collection":[{"href":"https:\/\/wordpress.nibis.de\/gsflewes\/wp-json\/wp\/v2\/pages"}],"about":[{"href":"https:\/\/wordpress.nibis.de\/gsflewes\/wp-json\/wp\/v2\/types\/page"}],"author":[{"embeddable":true,"href":"https:\/\/wordpress.nibis.de\/gsflewes\/wp-json\/wp\/v2\/users\/720"}],"replies":[{"embeddable":true,"href":"https:\/\/wordpress.nibis.de\/gsflewes\/wp-json\/wp\/v2\/comments?post=105"}],"version-history":[{"count":5,"href":"https:\/\/wordpress.nibis.de\/gsflewes\/wp-json\/wp\/v2\/pages\/105\/revisions"}],"predecessor-version":[{"id":1826,"href":"https:\/\/wordpress.nibis.de\/gsflewes\/wp-json\/wp\/v2\/pages\/105\/revisions\/1826"}],"up":[{"embeddable":true,"href":"https:\/\/wordpress.nibis.de\/gsflewes\/wp-json\/wp\/v2\/pages\/34"}],"wp:attachment":[{"href":"https:\/\/wordpress.nibis.de\/gsflewes\/wp-json\/wp\/v2\/media?parent=105"}],"curies":[{"name":"wp","href":"https:\/\/api.w.org\/{rel}","templated":true}]}}