{"id":110,"date":"2015-05-26T14:55:59","date_gmt":"2015-05-26T12:55:59","guid":{"rendered":"http:\/\/wordpress.nibis.de\/gsflewes\/?page_id=110"},"modified":"2021-02-24T13:41:40","modified_gmt":"2021-02-24T12:41:40","slug":"unser-paedagogisches-leitbild","status":"publish","type":"page","link":"https:\/\/wordpress.nibis.de\/gsflewes\/ueber-uns\/unser-paedagogisches-leitbild\/","title":{"rendered":"Unser p\u00e4dagogisches Leitbild"},"content":{"rendered":"<p style=\"text-align: center\"><a href=\"https:\/\/wordpress.nibis.de\/gsflewes\/69-2\/logo\/\" rel=\"attachment wp-att-844\"><img loading=\"lazy\" decoding=\"async\" class=\"alignnone  wp-image-844\" src=\"https:\/\/wordpress.nibis.de\/gsflewes\/files\/2018\/01\/Logo.jpg\" alt=\"\" width=\"262\" height=\"262\" srcset=\"https:\/\/wordpress.nibis.de\/gsflewes\/files\/2018\/01\/Logo.jpg 768w, https:\/\/wordpress.nibis.de\/gsflewes\/files\/2018\/01\/Logo-150x150.jpg 150w, https:\/\/wordpress.nibis.de\/gsflewes\/files\/2018\/01\/Logo-300x300.jpg 300w\" sizes=\"auto, (max-width: 262px) 100vw, 262px\" \/><\/a><\/p>\n<p><strong><u>Wir legen besonderen Wert auf ein soziales Miteinander.<\/u><\/strong><\/p>\n<p>Wir sch\u00e4tzen uns gegenseitig und schaffen eine Grundlage des Vertrauens.<\/p>\n<p>Wir tragen zur Entwicklung des Selbstvertrauens der Kinder bei und unterst\u00fctzen dadurch selbst\u00e4ndiges Arbeiten und soziale Kompetenz.<\/p>\n<p>Beispiele:<\/p>\n<ul>\n<li>Klassenregeln<\/li>\n<li>Schulregeln<\/li>\n<li>Schulordnung<\/li>\n<li>\u201eFair Play\u201c<\/li>\n<li>Klassen- und Sch\u00fclerrat<\/li>\n<li>Sch\u00fcler AG\u00b4s<\/li>\n<li>Spieleverleih<\/li>\n<li>Teamarbeit (Lehrer \u2013 PM)<\/li>\n<li>Elternmitarbeit<\/li>\n<li>Sportunterricht<\/li>\n<li>Ausfl\u00fcge<\/li>\n<li>Kooperationen (Kita)<\/li>\n<li>Erste Hilfe &#8211; Projekt<\/li>\n<\/ul>\n<p><strong><u>Das ganzheitliche Wohlergehen aller an Schule Beteiligten liegt uns am Herzen.<\/u><\/strong><\/p>\n<p>Gesunde Ern\u00e4hrung und Bewegung werden im Schulalltag gef\u00f6rdert.<\/p>\n<p>Beispiele:<\/p>\n<ul>\n<li>Obst- und Gem\u00fcsetag<\/li>\n<li>Ern\u00e4hrungsregeln (S\u00fc\u00dfigkeiten, Getr\u00e4nke)<\/li>\n<li>Pausenhof<\/li>\n<li>Spiele \u2013 AG\u00b4s<\/li>\n<li>Sport- und Schwimmunterricht<\/li>\n<li>Skipping Hearts<\/li>\n<li>Fahrradausbildung<\/li>\n<li>Fu\u00dfballtag<\/li>\n<li>Spieleverleih<\/li>\n<li>1. Hilfe \u2013 Projekt<\/li>\n<li>Wandertag<\/li>\n<li>SU-Themen<\/li>\n<li>Zahnprophylaxe<\/li>\n<\/ul>\n<p><strong><u>Wir sind eine offene Schulgemeinschaft<\/u><\/strong><\/p>\n<p>Wir beteiligen uns aktiv am Dorfgemeinschaftsleben und arbeiten mit anderen Institutionen zusammen.<\/p>\n<p>Beispiele:<\/p>\n<ul>\n<li>Kita<\/li>\n<li>Kirche<\/li>\n<li>Polizei<\/li>\n<li>Dorfgemeinschaft (Sch\u00fctzenfest)<\/li>\n<li>Malteser<\/li>\n<li>Schulen (kl. GS, Paulusschule, BOS, KGH)<\/li>\n<\/ul>\n<p><strong><u>Wir entwickeln uns in unserer p\u00e4dagogischen und didaktischen Arbeit weiter.<\/u><\/strong><\/p>\n<p>Der Einsatz vielf\u00e4ltiger Unterrichtsmethoden soll die Freude und Leistungsbereitschaft unserer Sch\u00fcler erhalten und f\u00f6rdern.<\/p>\n<p>Beispiele:<\/p>\n<ul>\n<li>Das Lesekonzept unserer Schule, welches im Rahmen der Fokusevaluation (2019 &#8211; 2020) erarbeitet wurde und stetig evaluiert wird.<\/li>\n<li>regelm\u00e4\u00dfige Fort- und Weiterbildungen<\/li>\n<li>Methodenkompetenz<\/li>\n<li>Projektarbeit<\/li>\n<li>au\u00dferschulische Partner (z.B. Hebamme, etc.)<\/li>\n<li>au\u00dferschulische Lernorte (z.B. B\u00fccherei, etc.)<\/li>\n<li>p\u00e4d. Konferenzen \/ Dienstbesprechungen<\/li>\n<li>themenbezogene Ausfl\u00fcge (z.B. Barlage\/Bauernhof)<\/li>\n<\/ul>\n<p><strong><u>Unser Schulleben bietet die M\u00f6glichkeit auf individuelle Bed\u00fcrfnisse einzugehen.<\/u><\/strong><\/p>\n<p>Aufgrund unseres kleinen Schulsystems k\u00f6nnen wir Gestaltungsm\u00f6glichkeiten sowohl im Vormittags- als auch im Nachmittagsbereich anbieten.<\/p>\n<p>Beispiele:<\/p>\n<ul>\n<li>Ganztagsangebote\/Betreuung<\/li>\n<li>F\u00f6rderung\/Differenzierung<\/li>\n<li>Lesetandem<\/li>\n<li>Inklusion\/Integration<\/li>\n<li>Elternsprechtage\/Infoabende<\/li>\n<li>Elternsprechzeiten\/Elterngespr\u00e4che<\/li>\n<\/ul>\n","protected":false},"excerpt":{"rendered":"<p>Wir legen besonderen Wert auf ein soziales Miteinander. Wir sch\u00e4tzen uns gegenseitig und schaffen eine Grundlage des Vertrauens. Wir tragen zur Entwicklung des Selbstvertrauens der Kinder bei und unterst\u00fctzen dadurch selbst\u00e4ndiges Arbeiten und soziale Kompetenz. Beispiele: Klassenregeln Schulregeln Schulordnung \u201eFair Play\u201c Klassen- und Sch\u00fclerrat Sch\u00fcler AG\u00b4s Spieleverleih Teamarbeit (Lehrer \u2013 PM) Elternmitarbeit Sportunterricht Ausfl\u00fcge Kooperationen [&hellip;]<\/p>\n","protected":false},"author":720,"featured_media":0,"parent":34,"menu_order":2,"comment_status":"closed","ping_status":"closed","template":"","meta":{"footnotes":""},"class_list":["post-110","page","type-page","status-publish","hentry"],"_links":{"self":[{"href":"https:\/\/wordpress.nibis.de\/gsflewes\/wp-json\/wp\/v2\/pages\/110","targetHints":{"allow":["GET"]}}],"collection":[{"href":"https:\/\/wordpress.nibis.de\/gsflewes\/wp-json\/wp\/v2\/pages"}],"about":[{"href":"https:\/\/wordpress.nibis.de\/gsflewes\/wp-json\/wp\/v2\/types\/page"}],"author":[{"embeddable":true,"href":"https:\/\/wordpress.nibis.de\/gsflewes\/wp-json\/wp\/v2\/users\/720"}],"replies":[{"embeddable":true,"href":"https:\/\/wordpress.nibis.de\/gsflewes\/wp-json\/wp\/v2\/comments?post=110"}],"version-history":[{"count":10,"href":"https:\/\/wordpress.nibis.de\/gsflewes\/wp-json\/wp\/v2\/pages\/110\/revisions"}],"predecessor-version":[{"id":1214,"href":"https:\/\/wordpress.nibis.de\/gsflewes\/wp-json\/wp\/v2\/pages\/110\/revisions\/1214"}],"up":[{"embeddable":true,"href":"https:\/\/wordpress.nibis.de\/gsflewes\/wp-json\/wp\/v2\/pages\/34"}],"wp:attachment":[{"href":"https:\/\/wordpress.nibis.de\/gsflewes\/wp-json\/wp\/v2\/media?parent=110"}],"curies":[{"name":"wp","href":"https:\/\/api.w.org\/{rel}","templated":true}]}}