{"id":113,"date":"2015-05-26T14:57:38","date_gmt":"2015-05-26T12:57:38","guid":{"rendered":"http:\/\/wordpress.nibis.de\/gsflewes\/?page_id=113"},"modified":"2022-09-07T11:12:53","modified_gmt":"2022-09-07T09:12:53","slug":"schulmessen","status":"publish","type":"page","link":"https:\/\/wordpress.nibis.de\/gsflewes\/schulleben\/schulmessen\/","title":{"rendered":"Schulmessen"},"content":{"rendered":"<p>In Flechum befindet sich die Franziskuskirche, die von der Bev\u00f6lkerung in gro\u00dfem Ma\u00dfe in Eigenarbeit gebaut \/ finanziert wurde und ihnen sehr am Herzen liegt. Die Gottesdienste werden von Hasel\u00fcnner Priestern \u201emitversorgt\u201c.<\/p>\n<p>Ab dem Schuljahr 2022\/23 finden nur noch zu besonderen \/ kirchlichen Anl\u00e4ssen wie Einschulung, Erntedank, Weihnachten, Ostern etc. Wortgottesdienste unserer Schulgemeinschaft in der Franziskuskirche statt.<\/p>\n<p>Die &#8222;Schulmessen&#8220; werden von einzelnen Klassen gestaltet und im Religionsunterricht vorbereitet.<\/p>\n<p>Die genauen Termine sind den Kirchlichen Nachrichten der Pfarrgemeinde Hasel\u00fcnne zu entnehmen oder bei IServ einzusehen.<\/p>\n\n","protected":false},"excerpt":{"rendered":"<p>In Flechum befindet sich die Franziskuskirche, die von der Bev\u00f6lkerung in gro\u00dfem Ma\u00dfe in Eigenarbeit gebaut \/ finanziert wurde und ihnen sehr am Herzen liegt. Die Gottesdienste werden von Hasel\u00fcnner Priestern \u201emitversorgt\u201c. Ab dem Schuljahr 2022\/23 finden nur noch zu besonderen \/ kirchlichen Anl\u00e4ssen wie Einschulung, Erntedank, Weihnachten, Ostern etc. Wortgottesdienste unserer Schulgemeinschaft in der [&hellip;]<\/p>\n","protected":false},"author":720,"featured_media":0,"parent":38,"menu_order":4,"comment_status":"closed","ping_status":"closed","template":"","meta":{"footnotes":""},"class_list":["post-113","page","type-page","status-publish","hentry"],"_links":{"self":[{"href":"https:\/\/wordpress.nibis.de\/gsflewes\/wp-json\/wp\/v2\/pages\/113","targetHints":{"allow":["GET"]}}],"collection":[{"href":"https:\/\/wordpress.nibis.de\/gsflewes\/wp-json\/wp\/v2\/pages"}],"about":[{"href":"https:\/\/wordpress.nibis.de\/gsflewes\/wp-json\/wp\/v2\/types\/page"}],"author":[{"embeddable":true,"href":"https:\/\/wordpress.nibis.de\/gsflewes\/wp-json\/wp\/v2\/users\/720"}],"replies":[{"embeddable":true,"href":"https:\/\/wordpress.nibis.de\/gsflewes\/wp-json\/wp\/v2\/comments?post=113"}],"version-history":[{"count":8,"href":"https:\/\/wordpress.nibis.de\/gsflewes\/wp-json\/wp\/v2\/pages\/113\/revisions"}],"predecessor-version":[{"id":1641,"href":"https:\/\/wordpress.nibis.de\/gsflewes\/wp-json\/wp\/v2\/pages\/113\/revisions\/1641"}],"up":[{"embeddable":true,"href":"https:\/\/wordpress.nibis.de\/gsflewes\/wp-json\/wp\/v2\/pages\/38"}],"wp:attachment":[{"href":"https:\/\/wordpress.nibis.de\/gsflewes\/wp-json\/wp\/v2\/media?parent=113"}],"curies":[{"name":"wp","href":"https:\/\/api.w.org\/{rel}","templated":true}]}}