{"id":116,"date":"2015-05-26T15:01:31","date_gmt":"2015-05-26T13:01:31","guid":{"rendered":"http:\/\/wordpress.nibis.de\/gsflewes\/?page_id=116"},"modified":"2023-08-30T14:06:30","modified_gmt":"2023-08-30T12:06:30","slug":"kooperationsstrukturen","status":"publish","type":"page","link":"https:\/\/wordpress.nibis.de\/gsflewes\/ueber-uns\/kooperationsstrukturen\/","title":{"rendered":"Kooperationsstrukturen"},"content":{"rendered":"<p><strong>\u00d6ffnung von Schule und Kooperation mit gesellschaftlichen Partnern<\/strong><br \/>\nSeit dem 01.08.2012 geh\u00f6rt die Grundschule Flechum-Westerloh zur \u201eBildungsregion Emsland\u201c.<\/p>\n<p>Im August 2016 schlossen sich alle Schulen der Stadt Hasel\u00fcnne zum &#8222;Schulverbund Hasel\u00fcnne&#8220; zusammen.<\/p>\n<p><strong>Zusammenarbeit mit anderen &#8222;kleinen&#8220; Grundschulen<\/strong><\/p>\n<p>Durch einen Erlass des Kultusministeriums sind Grundschulen in unserer Gr\u00f6\u00dfenordnung aufgefordert, mit anderen Grundschulen zusammenzuarbeiten. Unsere Schule arbeitet daher gern und erfolgreich mit den Grundschulen Andrup-Lage und Lehrte in Hasel\u00fcnne in p\u00e4dagogischen Bereichen zusammen.<br \/>\nDie Zusammenarbeit besteht in gemeinsamen p\u00e4dagogischen Konferenzen, Fachkonferenzen, Stufenkonferenzen sowie in gemeinsam organisierten Fortbildungstagungen. Veranstaltungen, wie Lehrerausflug, traditionelle gemeinsame Schullandheimaufenthalte der 3. und 4. Schuljahre, gemeinsame Sport-, und Spieletage, u. a. gestalten wir auch gemeinsam.<\/p>\n<p><strong>Kooperation mit der zentralen Grundschule \u201ePaulusschule\u201c<\/strong><\/p>\n<p>Es findet eine regelm\u00e4\u00dfige Zusammenarbeit auf der Ebene der Schulleitungen und der Fachkonferenzen statt. Ein Kooperationsvertrag liegt vor.<\/p>\n<p><strong><br \/>\nKooperation mit allen weiterf\u00fchrenden Schulen Hasel\u00fcnnes<\/strong><\/p>\n<p>Es findet ein regelm\u00e4\u00dfiger Austausch auf Ebene der Schulleitungen und ein Austausch der Fachlehrer der 4. und 5. Schuljahre statt. Es werden gegenseitige Hospitationen durchgef\u00fchrt.<br \/>\nEin Kooperationsvertrag liegt vor.<\/p>\n<p><strong>Kooperation mit der F\u00f6rderschule \u201eDon-Bosco-Schule\u201c<\/strong><\/p>\n<p>Unsere Schule wird durch abgeordnete Kolleginnen oder Kollegen von der Don-Bosco-Schule allgemein und in der Arbeit mit inklusiv beschulten Sch\u00fclerinnen und Sch\u00fclern beraten und unterst\u00fctzt. Es findet ein regelm\u00e4\u00dfiger Austausch auf Ebene der Schulleitungen und ein Austausch der Fach- und Klassenlehrer statt.<\/p>\n<p><strong><br \/>\nKooperation mit dem Kindergarten Westerloh<\/strong><\/p>\n<p>Ein Kooperationskalender zur Elternberatung und Schulvorbereitung der Vorschulkinder wurde ausgearbeitet und zu Beginn eines jeden Schuljahres aktualisiert. Ein Kooperationsvertrag liegt vor. So werden z.B.\u00a0 ein gemeinsamer Sport- und Spieletag und gegenseitige Besuche durchgef\u00fchrt. Mit dem Programm &#8222;Mit Mirola durch den Zauberwald&#8220; werden erste F\u00e4higkeiten und Fertigkeiten der Schulneulinge beobachtet und dokumentiert.<\/p>\n<p><strong>Kooperative Zusammenarbeit mit allen Kinderg\u00e4rten Hasel\u00fcnnes<\/strong><\/p>\n<p>Es findet eine Zusammenarbeit in der vorschulischen Vorbereitung auf die Schule statt. Es wurden gemeinsame p\u00e4dagogische Konzepte im Rahmen des \u201eBr\u00fcckenjahres\u201c entwickelt.<\/p>\n","protected":false},"excerpt":{"rendered":"<p>\u00d6ffnung von Schule und Kooperation mit gesellschaftlichen Partnern Seit dem 01.08.2012 geh\u00f6rt die Grundschule Flechum-Westerloh zur \u201eBildungsregion Emsland\u201c. Im August 2016 schlossen sich alle Schulen der Stadt Hasel\u00fcnne zum &#8222;Schulverbund Hasel\u00fcnne&#8220; zusammen. Zusammenarbeit mit anderen &#8222;kleinen&#8220; Grundschulen Durch einen Erlass des Kultusministeriums sind Grundschulen in unserer Gr\u00f6\u00dfenordnung aufgefordert, mit anderen Grundschulen zusammenzuarbeiten. Unsere Schule arbeitet [&hellip;]<\/p>\n","protected":false},"author":720,"featured_media":0,"parent":34,"menu_order":3,"comment_status":"closed","ping_status":"closed","template":"","meta":{"footnotes":""},"class_list":["post-116","page","type-page","status-publish","hentry"],"_links":{"self":[{"href":"https:\/\/wordpress.nibis.de\/gsflewes\/wp-json\/wp\/v2\/pages\/116","targetHints":{"allow":["GET"]}}],"collection":[{"href":"https:\/\/wordpress.nibis.de\/gsflewes\/wp-json\/wp\/v2\/pages"}],"about":[{"href":"https:\/\/wordpress.nibis.de\/gsflewes\/wp-json\/wp\/v2\/types\/page"}],"author":[{"embeddable":true,"href":"https:\/\/wordpress.nibis.de\/gsflewes\/wp-json\/wp\/v2\/users\/720"}],"replies":[{"embeddable":true,"href":"https:\/\/wordpress.nibis.de\/gsflewes\/wp-json\/wp\/v2\/comments?post=116"}],"version-history":[{"count":7,"href":"https:\/\/wordpress.nibis.de\/gsflewes\/wp-json\/wp\/v2\/pages\/116\/revisions"}],"predecessor-version":[{"id":1823,"href":"https:\/\/wordpress.nibis.de\/gsflewes\/wp-json\/wp\/v2\/pages\/116\/revisions\/1823"}],"up":[{"embeddable":true,"href":"https:\/\/wordpress.nibis.de\/gsflewes\/wp-json\/wp\/v2\/pages\/34"}],"wp:attachment":[{"href":"https:\/\/wordpress.nibis.de\/gsflewes\/wp-json\/wp\/v2\/media?parent=116"}],"curies":[{"name":"wp","href":"https:\/\/api.w.org\/{rel}","templated":true}]}}