{"id":118,"date":"2015-05-26T15:11:16","date_gmt":"2015-05-26T13:11:16","guid":{"rendered":"http:\/\/wordpress.nibis.de\/gsflewes\/?page_id=118"},"modified":"2025-08-29T10:10:46","modified_gmt":"2025-08-29T08:10:46","slug":"projekte-ausfluege","status":"publish","type":"page","link":"https:\/\/wordpress.nibis.de\/gsflewes\/schulleben\/projekte-ausfluege\/","title":{"rendered":"Projekte \/ Ausfl\u00fcge"},"content":{"rendered":"<p>Regelm\u00e4\u00dfig durchgef\u00fchrte Projekte und Ausfl\u00fcge unserer Schule<\/p>\n<p>Erste Hilfe Kurs f\u00fcr Kinder von der DLRG &#8222;Kinder leisten 1. Hilfe&#8220;<\/p>\n<p>Zahnprophylaxe in den Klassen 1 bis 4<\/p>\n<p>Medienpr\u00e4vention alle 2 Jahre in der Klasse 3\/4<\/p>\n<p>Schullandheimaufenthalt\u00a0 \/ Klasse 4<br \/>\nFahrradpr\u00fcfungen im Realraum mit der Polizei \/ Klasse 4<br \/>\nVerkehrssicherheitstraining auf dem Fahrradparcours \/ Klasse 3<br \/>\nFu\u00dfballturnier der Grundschulen \/ Klasse 3 und 4<br \/>\nBesuch der Waldb\u00fchne Ahmsen mit einem Theaterst\u00fcck Sommer \/ Klassen 1 bis 4<br \/>\nBesuch Tierpark Rheine \/ Nordhorn Klassen 1 bis 3<br \/>\nBesuch Schloss Clemenswerth \/ Moormuseum Klassen 1 bis 3<br \/>\nBesuch Museumsdorf Cloppenburg \/ Klassen 1-3<\/p>\n<p>Schulkino in Hasel\u00fcnne<\/p>\n<p>Besuch eines Weihnachtstheaterst\u00fcckes \/ Klassen 1-4<\/p>\n<p style=\"text-align: justify\">Besuch der kath. B\u00fccherei Hasel\u00fcnne \/ Klasse 1 \/ 2<\/p>\n<p style=\"text-align: justify\">Besuch der EWE Hasel\u00fcnne \/ Klasse 3 \/4<br \/>\nAlle zwei Jahre nehmen wir am \u201ePlattdeutschen Lesewettbewerb\u201c und am Projekt &#8222;Skipping Hearts&#8220; teil.<\/p>\n<p>Alle 4 Jahre beteiligen wir uns an der Aktion &#8220; Hasel\u00fcnne liest und singt&#8220;.<\/p>\n<p><span style=\"text-decoration: underline\">Sonstige Projekte:<\/span><\/p>\n<p>Im Schuljahr 2024\/25 haben wir folgende Projekte durchgef\u00fchrt: einen Sachunterrichtstag zum Thema &#8222;Experimente&#8220;, einen vierteiligen Pr\u00e4ventionskurs in allen Klassen &#8222;Kinder stark machen&#8220;, einen Gro\u00dfelternnachmittag mit dem Kindergarten im Rahmen von Hasel\u00fcnne liest und singt, einen Vormittag am Hasel\u00fcnner See &#8222;Gew\u00e4sser untersuchen mit dem Gash\u00fcpfermobil&#8220;,<\/p>\n<p>Zum Schuljahresabschluss 2023\/24 hat die Autorin Maja von Vogel uns besucht. Sie hat uns aus \u00b4Schokuspokus` vorgelesen und von Ihrem Beruf berichtet.<\/p>\n<p>Im Schuljahr 2023 \/24 haben wir zwei Projekttage mit der Handwerkskammer zum Thema Holz durchgef\u00fchrt.<\/p>\n<p>Der Glasbl\u00e4ser Herr Sommer hat uns im Schuljahr 2023\/24 wieder besucht und uns die Kunst des Glasblasens vorgestellt.<\/p>\n<p>Im Schuljahr 2023 \/24 haben die Klassen 3 und 4 wieder am \u201eSkipping Hearts\u201c Projekt der deutschen Herzstiftung teilgenommen.<\/p>\n<p>Zum Schuljahresende des Schuljahres 2022 \/ 23 fand eine Projektwoche mit Wandertag zum Thema &#8222;Natur&#8220; statt. Zum Abschluss der Projektwoche haben wir ein Schulfest am Samstag, den 24. Juni 2023 gefeiert.<\/p>\n<p>Im Schuljahr 2022 \/ 23 haben wir ein eint\u00e4giges Trommelprojekt mit dem &#8222;TrommelTheater&#8220; aus M\u00fcnster durchgef\u00fchrt. (Fotos s. Bilder)<\/p>\n<p>Im Schuljahr 2021\/ 22 haben wir an zwei Tagen an einem &#8222;Selbstbehauptungskurs&#8220; teilgenommen.<\/p>\n<p>Im Schuljahr 2021 \/ 22 haben die Klassen 3 und 4 wieder am \u201eSkipping Hearts\u201c Projekt der deutschen Herzstiftung teilgenommen.<\/p>\n<p>Im Schuljahr 2019 \/20 wollten wir im Sommer eine Projektwoche zum Thema Natur durchf\u00fchren und zum Schluss ein gemeinsames Schulfest feiern. Anlass war, dass unsere Schule seit 10 Jahren an nur noch einem Standort (Flechum) besteht. Leider mussten wir das Schulfest aufgrund der Coronapandemie verschieben.<\/p>\n<p>Im Schuljahr 2018 \/ 19 haben wir wieder am &#8222;Skipping Hearts&#8220; Projekt der deutschen Herzstiftung teilgenommen.<\/p>\n<p>2019 haben wir uns gemeinsam mit dem Kindergarten Westerloh an der Aktion &#8222;Hasel\u00fcnne liest und singt&#8220; beteiligt. Die Schulkinder haben mit Kamishibais den Kindergartenkindern in Kleingruppen Geschichten vorgelesen.<\/p>\n<p>Im Schuljahr 2017 \/ 2018 haben wir im Rahmen des Flechumer Kirchenjubil\u00e4ums an der Veranstaltung &#8222;Flechum liest und singt&#8220; mitgewirkt. Des Weiteren haben wir von Januar bis April wieder am Projekt &#8222;Klasse! Wir singen&#8220; teilgenommen.<\/p>\n<p>Im Schujahr 2016 \/ 2017 konnten wird Dank ortsans\u00e4ssiger Sponsoren einen Fu\u00dfballtag mit dem Trainer Markus Wuckel von der Firma Future Sport durchf\u00fchren.<\/p>\n<p>Im Schuljahr 2015\/16 haben wir am ersten Projektteil von &#8222;Skipping Hearts&#8220; teilgenommen und dieses im Schuljahr 2016\/17 mit dem zweiten Teil fortgef\u00fchrt. Alle 2 Jahre nehmen wir mit den Klassen 3 und 4 wieder daran teilnehmen.<\/p>\n<p>Ende 2014 &#8222;Hasel\u00fcnne liest und singt&#8220;<\/p>\n<p>Februar bis April 2011 &#8211; \u201eKlasse, wir singen!\u201c<\/p>\n<p>Oktober 2010 &#8211; Projekttag mit dem Hasel\u00fcnner Landfrauenverein \u201eFit durch gesunde<br \/>\nErn\u00e4hrung\u201c<\/p>\n<p>Nach den Osterferien 2009<br \/>\nProjekttag mit dem Hasel\u00fcnner Landfrauenverein \u201eFit durch gesunde Ern\u00e4hrung\u201c<br \/>\nProjekt mit einem Flechumer Fu\u00dfballtrainer \u201eFit durch Bewegung\u201c<\/p>\n<p>November 2009<br \/>\nMuseumsdorf Cloppenburg \u201eLeben wie fr\u00fcher\u201c<br \/>\nMuseumsdorf Cloppenburg \u201eBrotbacken wie fr\u00fcher\u201c<br \/>\n\u201eHasel\u00fcnne liest und singt<\/p>\n<p>13. November 2009 &#8211; Bundesdeutscher Vorlesetag<\/p>\n<p>Sommer 2008 \u201eJudentum verstehen\u201c mit Abgesandten der j\u00fcdischen Gemeinde Osnabr\u00fcck<\/p>\n","protected":false},"excerpt":{"rendered":"<p>Regelm\u00e4\u00dfig durchgef\u00fchrte Projekte und Ausfl\u00fcge unserer Schule Erste Hilfe Kurs f\u00fcr Kinder von der DLRG &#8222;Kinder leisten 1. Hilfe&#8220; Zahnprophylaxe in den Klassen 1 bis 4 Medienpr\u00e4vention alle 2 Jahre in der Klasse 3\/4 Schullandheimaufenthalt\u00a0 \/ Klasse 4 Fahrradpr\u00fcfungen im Realraum mit der Polizei \/ Klasse 4 Verkehrssicherheitstraining auf dem Fahrradparcours \/ Klasse 3 Fu\u00dfballturnier [&hellip;]<\/p>\n","protected":false},"author":720,"featured_media":0,"parent":38,"menu_order":4,"comment_status":"closed","ping_status":"closed","template":"","meta":{"footnotes":""},"class_list":["post-118","page","type-page","status-publish","hentry"],"_links":{"self":[{"href":"https:\/\/wordpress.nibis.de\/gsflewes\/wp-json\/wp\/v2\/pages\/118","targetHints":{"allow":["GET"]}}],"collection":[{"href":"https:\/\/wordpress.nibis.de\/gsflewes\/wp-json\/wp\/v2\/pages"}],"about":[{"href":"https:\/\/wordpress.nibis.de\/gsflewes\/wp-json\/wp\/v2\/types\/page"}],"author":[{"embeddable":true,"href":"https:\/\/wordpress.nibis.de\/gsflewes\/wp-json\/wp\/v2\/users\/720"}],"replies":[{"embeddable":true,"href":"https:\/\/wordpress.nibis.de\/gsflewes\/wp-json\/wp\/v2\/comments?post=118"}],"version-history":[{"count":18,"href":"https:\/\/wordpress.nibis.de\/gsflewes\/wp-json\/wp\/v2\/pages\/118\/revisions"}],"predecessor-version":[{"id":2133,"href":"https:\/\/wordpress.nibis.de\/gsflewes\/wp-json\/wp\/v2\/pages\/118\/revisions\/2133"}],"up":[{"embeddable":true,"href":"https:\/\/wordpress.nibis.de\/gsflewes\/wp-json\/wp\/v2\/pages\/38"}],"wp:attachment":[{"href":"https:\/\/wordpress.nibis.de\/gsflewes\/wp-json\/wp\/v2\/media?parent=118"}],"curies":[{"name":"wp","href":"https:\/\/api.w.org\/{rel}","templated":true}]}}