{"id":178,"date":"2015-06-04T17:02:22","date_gmt":"2015-06-04T15:02:22","guid":{"rendered":"http:\/\/wordpress.nibis.de\/gsflewes\/?page_id=178"},"modified":"2025-12-18T13:24:54","modified_gmt":"2025-12-18T12:24:54","slug":"bilder","status":"publish","type":"page","link":"https:\/\/wordpress.nibis.de\/gsflewes\/bilder\/","title":{"rendered":"Bilder"},"content":{"rendered":"\n<p><strong>Englischsprachiges Theaterst\u00fcck in der Stadthalle<\/strong><\/p>\n<div class=\"wp-block-image\"><a href=\"https:\/\/wordpress.nibis.de\/gsflewes\/bilder\/theater\/\" rel=\"attachment wp-att-2271\"><img loading=\"lazy\" decoding=\"async\" class=\"wpa-warning wpa-image-missing-alt alignnone size-medium wp-image-2271\" src=\"https:\/\/wordpress.nibis.de\/gsflewes\/files\/2025\/12\/Theater-300x225.png\" alt=\"\" width=\"300\" height=\"225\" data-warning=\"Missing alt text\" srcset=\"https:\/\/wordpress.nibis.de\/gsflewes\/files\/2025\/12\/Theater-300x225.png 300w, https:\/\/wordpress.nibis.de\/gsflewes\/files\/2025\/12\/Theater-1024x768.png 1024w, https:\/\/wordpress.nibis.de\/gsflewes\/files\/2025\/12\/Theater-768x576.png 768w, https:\/\/wordpress.nibis.de\/gsflewes\/files\/2025\/12\/Theater-100x75.png 100w, https:\/\/wordpress.nibis.de\/gsflewes\/files\/2025\/12\/Theater-1536x1152.png 1536w, https:\/\/wordpress.nibis.de\/gsflewes\/files\/2025\/12\/Theater-624x468.png 624w, https:\/\/wordpress.nibis.de\/gsflewes\/files\/2025\/12\/Theater.png 1600w\" sizes=\"auto, (max-width: 300px) 100vw, 300px\" \/><\/a><\/div>\n<p>Am letzten Schultag vor den Herbstferien, dem 10. Oktober, kamen alle Dritt- und Viertkl\u00e4ssler der Grundschulen der Stadt Hasel\u00fcnne in den besonderen Genuss eines englischsprachigen Theaterst\u00fccks. Zu Gast waren zwei Schauspieler, die das St\u00fcck \u201eThe Mysterious Case Of\u2026?\u201c auff\u00fchrten und damit die Kinder auf eine spannende und zugleich lustige Reise nach England mitnahmen.<\/p>\n<p>Mit viel Witz, ausdrucksstarker Mimik und Gestik schafften es die beiden Schauspieler, die Kinder von Beginn an zu fesseln. Obwohl das St\u00fcck \u00fcberwiegend auf Englisch gespielt wurde, wurde hier und da auch Deutsch gesprochen, was hilfreich war, um der Handlung noch besser folgen zu k\u00f6nnen. So konnten die Kinder verstehen, worum es ging und gleichzeitig auf spielerische Weise ihr Englisch verbessern.<\/p>\n<p>Ein herzlicher Dank geht an die Angela Merici Stiftung in Hasel\u00fcnne, die den Ausflug zum gr\u00f6\u00dften Teil finanzierte und den Kindern dieses besondere kulturelle Erlebnis erm\u00f6glichte.<\/p>\n\n\n\n<p>Projekttag mit der AOK &#8222;Gesunde Brotdose&#8220;<\/p>\n\n\n\n<p><a href=\"https:\/\/wordpress.nibis.de\/gsflewes\/bilder\/img_0202\/\" rel=\"attachment wp-att-2168\"><img loading=\"lazy\" decoding=\"async\" class=\"alignnone size-medium wp-image-2168\" src=\"https:\/\/wordpress.nibis.de\/gsflewes\/files\/2025\/12\/IMG_0202-300x225.jpeg\" alt=\"\" width=\"300\" height=\"225\" srcset=\"https:\/\/wordpress.nibis.de\/gsflewes\/files\/2025\/12\/IMG_0202-300x225.jpeg 300w, https:\/\/wordpress.nibis.de\/gsflewes\/files\/2025\/12\/IMG_0202-1024x768.jpeg 1024w, https:\/\/wordpress.nibis.de\/gsflewes\/files\/2025\/12\/IMG_0202-768x576.jpeg 768w, https:\/\/wordpress.nibis.de\/gsflewes\/files\/2025\/12\/IMG_0202-1536x1152.jpeg 1536w, https:\/\/wordpress.nibis.de\/gsflewes\/files\/2025\/12\/IMG_0202-2048x1536.jpeg 2048w, https:\/\/wordpress.nibis.de\/gsflewes\/files\/2025\/12\/IMG_0202-624x468.jpeg 624w\" sizes=\"auto, (max-width: 300px) 100vw, 300px\" \/><\/a><a href=\"https:\/\/wordpress.nibis.de\/gsflewes\/bilder\/img_0209\/\" rel=\"attachment wp-att-2171\"><img loading=\"lazy\" decoding=\"async\" class=\"alignnone size-medium wp-image-2171\" src=\"https:\/\/wordpress.nibis.de\/gsflewes\/files\/2025\/12\/IMG_0209-225x300.jpeg\" alt=\"\" width=\"225\" height=\"300\" srcset=\"https:\/\/wordpress.nibis.de\/gsflewes\/files\/2025\/12\/IMG_0209-225x300.jpeg 225w, https:\/\/wordpress.nibis.de\/gsflewes\/files\/2025\/12\/IMG_0209-768x1024.jpeg 768w, https:\/\/wordpress.nibis.de\/gsflewes\/files\/2025\/12\/IMG_0209-1152x1536.jpeg 1152w, https:\/\/wordpress.nibis.de\/gsflewes\/files\/2025\/12\/IMG_0209-1536x2048.jpeg 1536w, https:\/\/wordpress.nibis.de\/gsflewes\/files\/2025\/12\/IMG_0209-624x832.jpeg 624w, https:\/\/wordpress.nibis.de\/gsflewes\/files\/2025\/12\/IMG_0209-scaled.jpeg 1920w\" sizes=\"auto, (max-width: 225px) 100vw, 225px\" \/><\/a><a href=\"https:\/\/wordpress.nibis.de\/gsflewes\/bilder\/img_0211\/\" rel=\"attachment wp-att-2172\"><img loading=\"lazy\" decoding=\"async\" class=\"alignnone size-medium wp-image-2172\" src=\"https:\/\/wordpress.nibis.de\/gsflewes\/files\/2025\/12\/IMG_0211-225x300.jpeg\" alt=\"\" width=\"225\" height=\"300\" srcset=\"https:\/\/wordpress.nibis.de\/gsflewes\/files\/2025\/12\/IMG_0211-225x300.jpeg 225w, https:\/\/wordpress.nibis.de\/gsflewes\/files\/2025\/12\/IMG_0211-768x1024.jpeg 768w, https:\/\/wordpress.nibis.de\/gsflewes\/files\/2025\/12\/IMG_0211-1152x1536.jpeg 1152w, https:\/\/wordpress.nibis.de\/gsflewes\/files\/2025\/12\/IMG_0211-1536x2048.jpeg 1536w, https:\/\/wordpress.nibis.de\/gsflewes\/files\/2025\/12\/IMG_0211-624x832.jpeg 624w, https:\/\/wordpress.nibis.de\/gsflewes\/files\/2025\/12\/IMG_0211-scaled.jpeg 1920w\" sizes=\"auto, (max-width: 225px) 100vw, 225px\" \/><\/a><a href=\"https:\/\/wordpress.nibis.de\/gsflewes\/bilder\/img_0207\/\" rel=\"attachment wp-att-2170\"><img loading=\"lazy\" decoding=\"async\" class=\"alignnone size-medium wp-image-2170\" src=\"https:\/\/wordpress.nibis.de\/gsflewes\/files\/2025\/12\/IMG_0207-225x300.jpeg\" alt=\"\" width=\"225\" height=\"300\" srcset=\"https:\/\/wordpress.nibis.de\/gsflewes\/files\/2025\/12\/IMG_0207-225x300.jpeg 225w, https:\/\/wordpress.nibis.de\/gsflewes\/files\/2025\/12\/IMG_0207-768x1024.jpeg 768w, https:\/\/wordpress.nibis.de\/gsflewes\/files\/2025\/12\/IMG_0207-1152x1536.jpeg 1152w, https:\/\/wordpress.nibis.de\/gsflewes\/files\/2025\/12\/IMG_0207-1536x2048.jpeg 1536w, https:\/\/wordpress.nibis.de\/gsflewes\/files\/2025\/12\/IMG_0207-624x832.jpeg 624w, https:\/\/wordpress.nibis.de\/gsflewes\/files\/2025\/12\/IMG_0207-scaled.jpeg 1920w\" sizes=\"auto, (max-width: 225px) 100vw, 225px\" \/><\/a><a href=\"https:\/\/wordpress.nibis.de\/gsflewes\/bilder\/img_0216\/\" rel=\"attachment wp-att-2173\"><img loading=\"lazy\" decoding=\"async\" class=\"alignnone size-medium wp-image-2173\" src=\"https:\/\/wordpress.nibis.de\/gsflewes\/files\/2025\/12\/IMG_0216-225x300.jpeg\" alt=\"\" width=\"225\" height=\"300\" srcset=\"https:\/\/wordpress.nibis.de\/gsflewes\/files\/2025\/12\/IMG_0216-225x300.jpeg 225w, https:\/\/wordpress.nibis.de\/gsflewes\/files\/2025\/12\/IMG_0216-768x1024.jpeg 768w, https:\/\/wordpress.nibis.de\/gsflewes\/files\/2025\/12\/IMG_0216-1152x1536.jpeg 1152w, https:\/\/wordpress.nibis.de\/gsflewes\/files\/2025\/12\/IMG_0216-1536x2048.jpeg 1536w, https:\/\/wordpress.nibis.de\/gsflewes\/files\/2025\/12\/IMG_0216-624x832.jpeg 624w, https:\/\/wordpress.nibis.de\/gsflewes\/files\/2025\/12\/IMG_0216-scaled.jpeg 1920w\" sizes=\"auto, (max-width: 225px) 100vw, 225px\" \/><\/a><a href=\"https:\/\/wordpress.nibis.de\/gsflewes\/bilder\/img_0223\/\" rel=\"attachment wp-att-2176\"><img loading=\"lazy\" decoding=\"async\" class=\"alignnone size-medium wp-image-2176\" src=\"https:\/\/wordpress.nibis.de\/gsflewes\/files\/2025\/12\/IMG_0223-225x300.jpeg\" alt=\"\" width=\"225\" height=\"300\" srcset=\"https:\/\/wordpress.nibis.de\/gsflewes\/files\/2025\/12\/IMG_0223-225x300.jpeg 225w, https:\/\/wordpress.nibis.de\/gsflewes\/files\/2025\/12\/IMG_0223-768x1024.jpeg 768w, https:\/\/wordpress.nibis.de\/gsflewes\/files\/2025\/12\/IMG_0223-1152x1536.jpeg 1152w, https:\/\/wordpress.nibis.de\/gsflewes\/files\/2025\/12\/IMG_0223-1536x2048.jpeg 1536w, https:\/\/wordpress.nibis.de\/gsflewes\/files\/2025\/12\/IMG_0223-624x832.jpeg 624w, https:\/\/wordpress.nibis.de\/gsflewes\/files\/2025\/12\/IMG_0223-scaled.jpeg 1920w\" sizes=\"auto, (max-width: 225px) 100vw, 225px\" \/><\/a><a href=\"https:\/\/wordpress.nibis.de\/gsflewes\/bilder\/img_0221\/\" rel=\"attachment wp-att-2175\"><img loading=\"lazy\" decoding=\"async\" class=\"alignnone size-medium wp-image-2175\" src=\"https:\/\/wordpress.nibis.de\/gsflewes\/files\/2025\/12\/IMG_0221-225x300.jpeg\" alt=\"\" width=\"225\" height=\"300\" srcset=\"https:\/\/wordpress.nibis.de\/gsflewes\/files\/2025\/12\/IMG_0221-225x300.jpeg 225w, https:\/\/wordpress.nibis.de\/gsflewes\/files\/2025\/12\/IMG_0221-768x1024.jpeg 768w, https:\/\/wordpress.nibis.de\/gsflewes\/files\/2025\/12\/IMG_0221-1152x1536.jpeg 1152w, https:\/\/wordpress.nibis.de\/gsflewes\/files\/2025\/12\/IMG_0221-1536x2048.jpeg 1536w, https:\/\/wordpress.nibis.de\/gsflewes\/files\/2025\/12\/IMG_0221-624x832.jpeg 624w, https:\/\/wordpress.nibis.de\/gsflewes\/files\/2025\/12\/IMG_0221-scaled.jpeg 1920w\" sizes=\"auto, (max-width: 225px) 100vw, 225px\" \/><\/a><a href=\"https:\/\/wordpress.nibis.de\/gsflewes\/bilder\/img_0225\/\" rel=\"attachment wp-att-2178\"><img loading=\"lazy\" decoding=\"async\" class=\"alignnone size-medium wp-image-2178\" src=\"https:\/\/wordpress.nibis.de\/gsflewes\/files\/2025\/12\/IMG_0225-225x300.jpeg\" alt=\"\" width=\"225\" height=\"300\" srcset=\"https:\/\/wordpress.nibis.de\/gsflewes\/files\/2025\/12\/IMG_0225-225x300.jpeg 225w, https:\/\/wordpress.nibis.de\/gsflewes\/files\/2025\/12\/IMG_0225-768x1024.jpeg 768w, https:\/\/wordpress.nibis.de\/gsflewes\/files\/2025\/12\/IMG_0225-1152x1536.jpeg 1152w, https:\/\/wordpress.nibis.de\/gsflewes\/files\/2025\/12\/IMG_0225-1536x2048.jpeg 1536w, https:\/\/wordpress.nibis.de\/gsflewes\/files\/2025\/12\/IMG_0225-624x832.jpeg 624w, https:\/\/wordpress.nibis.de\/gsflewes\/files\/2025\/12\/IMG_0225-scaled.jpeg 1920w\" sizes=\"auto, (max-width: 225px) 100vw, 225px\" \/><\/a><\/p>\n\n\n\n<p><a href=\"https:\/\/wordpress.nibis.de\/gsflewes\/aktuelles\/ahmsen-waldbuehne-01-07-2025\/\" rel=\"attachment wp-att-2116\"><img loading=\"lazy\" decoding=\"async\" class=\"alignnone size-medium wp-image-2116\" src=\"https:\/\/wordpress.nibis.de\/gsflewes\/files\/2025\/07\/Ahmsen-Waldbuehne-01.07.2025-300x225.jpg\" alt=\"\" width=\"300\" height=\"225\" srcset=\"https:\/\/wordpress.nibis.de\/gsflewes\/files\/2025\/07\/Ahmsen-Waldbuehne-01.07.2025-300x225.jpg 300w, https:\/\/wordpress.nibis.de\/gsflewes\/files\/2025\/07\/Ahmsen-Waldbuehne-01.07.2025-1024x769.jpg 1024w, https:\/\/wordpress.nibis.de\/gsflewes\/files\/2025\/07\/Ahmsen-Waldbuehne-01.07.2025-768x576.jpg 768w, https:\/\/wordpress.nibis.de\/gsflewes\/files\/2025\/07\/Ahmsen-Waldbuehne-01.07.2025-1536x1153.jpg 1536w, https:\/\/wordpress.nibis.de\/gsflewes\/files\/2025\/07\/Ahmsen-Waldbuehne-01.07.2025-624x468.jpg 624w, https:\/\/wordpress.nibis.de\/gsflewes\/files\/2025\/07\/Ahmsen-Waldbuehne-01.07.2025.jpg 2048w\" sizes=\"auto, (max-width: 300px) 100vw, 300px\" \/>Auf der Waldb\u00fchne Ahmsen Sommer 2025<\/a><\/p>\n\n\n\n<p>In den Pausen ist viel los&#8230;<\/p>\n\n\n\n<h1><a href=\"https:\/\/wordpress.nibis.de\/gsflewes\/schulleben\/klassen\/1-klasse-2\/img_1585\/\" rel=\"attachment wp-att-1988\"><img loading=\"lazy\" decoding=\"async\" class=\"alignnone size-medium wp-image-1988\" src=\"https:\/\/wordpress.nibis.de\/gsflewes\/files\/2024\/08\/IMG_1585-300x225.jpeg\" alt=\"\" width=\"300\" height=\"225\" srcset=\"https:\/\/wordpress.nibis.de\/gsflewes\/files\/2024\/08\/IMG_1585-300x225.jpeg 300w, https:\/\/wordpress.nibis.de\/gsflewes\/files\/2024\/08\/IMG_1585-1024x768.jpeg 1024w, https:\/\/wordpress.nibis.de\/gsflewes\/files\/2024\/08\/IMG_1585-768x576.jpeg 768w, https:\/\/wordpress.nibis.de\/gsflewes\/files\/2024\/08\/IMG_1585-1536x1152.jpeg 1536w, https:\/\/wordpress.nibis.de\/gsflewes\/files\/2024\/08\/IMG_1585-2048x1536.jpeg 2048w, https:\/\/wordpress.nibis.de\/gsflewes\/files\/2024\/08\/IMG_1585-624x468.jpeg 624w\" sizes=\"auto, (max-width: 300px) 100vw, 300px\" \/><\/a><a href=\"https:\/\/wordpress.nibis.de\/gsflewes\/69-2\/img_1583\/\" rel=\"attachment wp-att-1978\"><img loading=\"lazy\" decoding=\"async\" class=\"alignnone size-medium wp-image-1978\" src=\"https:\/\/wordpress.nibis.de\/gsflewes\/files\/2024\/08\/IMG_1583-300x225.jpeg\" alt=\"\" width=\"300\" height=\"225\" srcset=\"https:\/\/wordpress.nibis.de\/gsflewes\/files\/2024\/08\/IMG_1583-300x225.jpeg 300w, https:\/\/wordpress.nibis.de\/gsflewes\/files\/2024\/08\/IMG_1583-1024x768.jpeg 1024w, https:\/\/wordpress.nibis.de\/gsflewes\/files\/2024\/08\/IMG_1583-768x576.jpeg 768w, https:\/\/wordpress.nibis.de\/gsflewes\/files\/2024\/08\/IMG_1583-1536x1152.jpeg 1536w, https:\/\/wordpress.nibis.de\/gsflewes\/files\/2024\/08\/IMG_1583-2048x1536.jpeg 2048w, https:\/\/wordpress.nibis.de\/gsflewes\/files\/2024\/08\/IMG_1583-624x468.jpeg 624w\" sizes=\"auto, (max-width: 300px) 100vw, 300px\" \/><\/a><a href=\"https:\/\/wordpress.nibis.de\/gsflewes\/bilder\/img_1568\/\" rel=\"attachment wp-att-2015\"><img loading=\"lazy\" decoding=\"async\" class=\"alignnone size-medium wp-image-2015\" src=\"https:\/\/wordpress.nibis.de\/gsflewes\/files\/2024\/08\/IMG_1568-300x225.jpeg\" alt=\"\" width=\"300\" height=\"225\" srcset=\"https:\/\/wordpress.nibis.de\/gsflewes\/files\/2024\/08\/IMG_1568-300x225.jpeg 300w, https:\/\/wordpress.nibis.de\/gsflewes\/files\/2024\/08\/IMG_1568-1024x768.jpeg 1024w, https:\/\/wordpress.nibis.de\/gsflewes\/files\/2024\/08\/IMG_1568-768x576.jpeg 768w, https:\/\/wordpress.nibis.de\/gsflewes\/files\/2024\/08\/IMG_1568-1536x1152.jpeg 1536w, https:\/\/wordpress.nibis.de\/gsflewes\/files\/2024\/08\/IMG_1568-2048x1536.jpeg 2048w, https:\/\/wordpress.nibis.de\/gsflewes\/files\/2024\/08\/IMG_1568-624x468.jpeg 624w\" sizes=\"auto, (max-width: 300px) 100vw, 300px\" \/><\/a><a href=\"https:\/\/wordpress.nibis.de\/gsflewes\/bilder\/img_1571\/\" rel=\"attachment wp-att-2016\"><img loading=\"lazy\" decoding=\"async\" class=\"alignnone size-medium wp-image-2016\" src=\"https:\/\/wordpress.nibis.de\/gsflewes\/files\/2024\/08\/IMG_1571-300x225.jpeg\" alt=\"\" width=\"300\" height=\"225\" srcset=\"https:\/\/wordpress.nibis.de\/gsflewes\/files\/2024\/08\/IMG_1571-300x225.jpeg 300w, https:\/\/wordpress.nibis.de\/gsflewes\/files\/2024\/08\/IMG_1571-1024x768.jpeg 1024w, https:\/\/wordpress.nibis.de\/gsflewes\/files\/2024\/08\/IMG_1571-768x576.jpeg 768w, https:\/\/wordpress.nibis.de\/gsflewes\/files\/2024\/08\/IMG_1571-1536x1152.jpeg 1536w, https:\/\/wordpress.nibis.de\/gsflewes\/files\/2024\/08\/IMG_1571-2048x1536.jpeg 2048w, https:\/\/wordpress.nibis.de\/gsflewes\/files\/2024\/08\/IMG_1571-624x468.jpeg 624w\" sizes=\"auto, (max-width: 300px) 100vw, 300px\" \/><\/a><a href=\"https:\/\/wordpress.nibis.de\/gsflewes\/bilder\/img_1578\/\" rel=\"attachment wp-att-2017\"><img loading=\"lazy\" decoding=\"async\" class=\"alignnone size-medium wp-image-2017\" src=\"https:\/\/wordpress.nibis.de\/gsflewes\/files\/2024\/08\/IMG_1578-300x225.jpeg\" alt=\"\" width=\"300\" height=\"225\" srcset=\"https:\/\/wordpress.nibis.de\/gsflewes\/files\/2024\/08\/IMG_1578-300x225.jpeg 300w, https:\/\/wordpress.nibis.de\/gsflewes\/files\/2024\/08\/IMG_1578-1024x768.jpeg 1024w, https:\/\/wordpress.nibis.de\/gsflewes\/files\/2024\/08\/IMG_1578-768x576.jpeg 768w, https:\/\/wordpress.nibis.de\/gsflewes\/files\/2024\/08\/IMG_1578-1536x1152.jpeg 1536w, https:\/\/wordpress.nibis.de\/gsflewes\/files\/2024\/08\/IMG_1578-2048x1536.jpeg 2048w, https:\/\/wordpress.nibis.de\/gsflewes\/files\/2024\/08\/IMG_1578-624x468.jpeg 624w\" sizes=\"auto, (max-width: 300px) 100vw, 300px\" \/><\/a><\/h1>\n\n\n\n\n\n\n\n\n\n\n\n\n\n\n","protected":false},"excerpt":{"rendered":"<p>Englischsprachiges Theaterst\u00fcck in der Stadthalle Am letzten Schultag vor den Herbstferien, dem 10. Oktober, kamen alle Dritt- und Viertkl\u00e4ssler der Grundschulen der Stadt Hasel\u00fcnne in den besonderen Genuss eines englischsprachigen Theaterst\u00fccks. Zu Gast waren zwei Schauspieler, die das St\u00fcck \u201eThe Mysterious Case Of\u2026?\u201c auff\u00fchrten und damit die Kinder auf eine spannende und zugleich lustige Reise [&hellip;]<\/p>\n","protected":false},"author":720,"featured_media":0,"parent":0,"menu_order":0,"comment_status":"closed","ping_status":"closed","template":"","meta":{"footnotes":""},"class_list":["post-178","page","type-page","status-publish","hentry"],"_links":{"self":[{"href":"https:\/\/wordpress.nibis.de\/gsflewes\/wp-json\/wp\/v2\/pages\/178","targetHints":{"allow":["GET"]}}],"collection":[{"href":"https:\/\/wordpress.nibis.de\/gsflewes\/wp-json\/wp\/v2\/pages"}],"about":[{"href":"https:\/\/wordpress.nibis.de\/gsflewes\/wp-json\/wp\/v2\/types\/page"}],"author":[{"embeddable":true,"href":"https:\/\/wordpress.nibis.de\/gsflewes\/wp-json\/wp\/v2\/users\/720"}],"replies":[{"embeddable":true,"href":"https:\/\/wordpress.nibis.de\/gsflewes\/wp-json\/wp\/v2\/comments?post=178"}],"version-history":[{"count":90,"href":"https:\/\/wordpress.nibis.de\/gsflewes\/wp-json\/wp\/v2\/pages\/178\/revisions"}],"predecessor-version":[{"id":2272,"href":"https:\/\/wordpress.nibis.de\/gsflewes\/wp-json\/wp\/v2\/pages\/178\/revisions\/2272"}],"wp:attachment":[{"href":"https:\/\/wordpress.nibis.de\/gsflewes\/wp-json\/wp\/v2\/media?parent=178"}],"curies":[{"name":"wp","href":"https:\/\/api.w.org\/{rel}","templated":true}]}}