{"id":19,"date":"2015-05-18T19:31:48","date_gmt":"2015-05-18T17:31:48","guid":{"rendered":"http:\/\/wordpress.nibis.de\/gsflewes\/?page_id=19"},"modified":"2022-09-27T14:08:37","modified_gmt":"2022-09-27T12:08:37","slug":"termine","status":"publish","type":"page","link":"https:\/\/wordpress.nibis.de\/gsflewes\/termine\/","title":{"rendered":"Termine \/ Unterrichtsausfall (Schnee \/ Hitze)"},"content":{"rendered":"<p><span style=\"color: #0000ff\"><strong>Alle Termin sind unter IServ einzusehen. Dort werden die Termine w\u00f6chentlich aktualisiert.<\/strong><\/span><\/p>\n<p><strong>Schulausfall bei extremen Wetterverh\u00e4ltnissen: Landkreis entscheidet<\/strong><\/p>\n<p>Die Entscheidung, ob Unterricht stattfindet oder nicht, trifft der Landkreis Emsland in der Regel erst am fr\u00fchen Morgen des jeweiligen Schultages. Genaue <strong>Informationen<\/strong> werden \u00fcber Rundfunksender zusammen mit den Verkehrshinweisen, das Internet <strong>www.emsland.de<\/strong> oder auch \u00fcber einen SMS-Service bekannt gegeben.<\/p>\n<p>Grunds\u00e4tzlich gilt, dass Erziehungsberechtigte von Sch\u00fclerinnen und Sch\u00fclern im Primarbereich und im Sekundarbereich I, die eine <strong>unzumutbare Gef\u00e4hrdung<\/strong> ihrer Kinder auf dem Schulweg durch extreme Witterungsverh\u00e4ltnisse bef\u00fcrchten, ihre Kinder auch dann zu Hause behalten oder vorzeitig vom Unterricht abholen k\u00f6nnen, wenn kein genereller Unterrichtsausfall angeordnet worden ist. Eine <strong>telefonische Abmeldung<\/strong> ist aber <strong>erforderlich<\/strong>!<\/p>\n<p><strong>Die Schulen gew\u00e4hrleisten<\/strong> f\u00fcr Sch\u00fclerinnen und Sch\u00fcler, die trotz des angeordneten Unterrichtsausfalls zur Schule kommen, die <strong>Betreuung<\/strong>.<\/p>\n<p>&#8212;&#8212;&#8212;&#8212;&#8212;&#8212;&#8212;&#8212;&#8212;&#8212;&#8212;&#8212;&#8212;&#8212;&#8212;&#8212;&#8212;&#8212;&#8212;&#8212;&#8212;&#8212;&#8212;&#8212;&#8212;&#8212;&#8212;&#8212;&#8212;&#8212;&#8212;&#8212;&#8212;&#8212;&#8212;&#8212;&#8212;-<\/p>\n<p>Am <strong>Reformationstag<\/strong> (ev. Sch\u00fclerInnen), <strong>Allerheiligen<\/strong> und <strong>Fronleichnam<\/strong> (kath. Sch\u00fclerInnen) darf ein Sch\u00fcler \/ eine Sch\u00fclerin nur nach Antrag der Erziehungsberechtigten f\u00fcr die kirchliche Feier stundenweise vom Unterricht befreit werden. F\u00fcr den <strong>Tag nach der Erstkommunion<\/strong> kann die Katechetin mit dem Einverst\u00e4ndnis der Erziehungsberechtigten einen Sammelantrag auf Beurlaubung der Kommunionkinder stellen. <strong>Antr\u00e4ge<\/strong> sind an die Klassenlehrer zu richten. F\u00fcr alle \u00fcbrigen Kinder ist an diesen Tagen regul\u00e4rer Unterricht.<\/p>\n<p>&#8212;&#8212;&#8212;&#8212;&#8212;&#8212;&#8212;&#8212;&#8212;&#8212;&#8212;&#8212;&#8212;&#8212;&#8212;&#8212;&#8212;&#8212;&#8212;&#8212;&#8212;&#8212;&#8212;&#8212;&#8212;&#8212;&#8212;&#8212;&#8212;&#8212;&#8212;&#8212;&#8212;&#8212;&#8212;&#8212;&#8212;-<\/p>\n<p><strong>\u201eHitzefrei\u201c<\/strong> kann es in Absprache mit den anderen Hasel\u00fcnner Schulen geben, aber fr\u00fchestens ab 12:oo Uhr.\u00a0 Eine Notbetreuung steht an solchen Tagen im Rahmen der verl\u00e4sslichen Grundschule <u>immer<\/u> zur Verf\u00fcgung.<\/p>\n<p>&#8212;&#8212;&#8212;&#8212;&#8212;&#8212;&#8212;&#8212;&#8212;&#8212;&#8212;&#8212;&#8212;&#8212;&#8212;&#8212;&#8212;&#8212;&#8212;&#8212;&#8212;&#8212;&#8212;&#8212;&#8212;&#8212;&#8212;&#8212;&#8212;&#8212;&#8212;&#8212;&#8212;&#8212;&#8212;&#8212;&#8212;&#8212;<\/p>\n<p><span style=\"color: #ff0000\"><strong>Kein Kind wird ohne telefonische R\u00fccksprache nach Hause geschickt!<\/strong><\/span><\/p>\n","protected":false},"excerpt":{"rendered":"<p>Alle Termin sind unter IServ einzusehen. Dort werden die Termine w\u00f6chentlich aktualisiert. Schulausfall bei extremen Wetterverh\u00e4ltnissen: Landkreis entscheidet Die Entscheidung, ob Unterricht stattfindet oder nicht, trifft der Landkreis Emsland in der Regel erst am fr\u00fchen Morgen des jeweiligen Schultages. Genaue Informationen werden \u00fcber Rundfunksender zusammen mit den Verkehrshinweisen, das Internet www.emsland.de oder auch \u00fcber einen [&hellip;]<\/p>\n","protected":false},"author":720,"featured_media":0,"parent":0,"menu_order":0,"comment_status":"closed","ping_status":"closed","template":"","meta":{"footnotes":""},"class_list":["post-19","page","type-page","status-publish","hentry"],"_links":{"self":[{"href":"https:\/\/wordpress.nibis.de\/gsflewes\/wp-json\/wp\/v2\/pages\/19","targetHints":{"allow":["GET"]}}],"collection":[{"href":"https:\/\/wordpress.nibis.de\/gsflewes\/wp-json\/wp\/v2\/pages"}],"about":[{"href":"https:\/\/wordpress.nibis.de\/gsflewes\/wp-json\/wp\/v2\/types\/page"}],"author":[{"embeddable":true,"href":"https:\/\/wordpress.nibis.de\/gsflewes\/wp-json\/wp\/v2\/users\/720"}],"replies":[{"embeddable":true,"href":"https:\/\/wordpress.nibis.de\/gsflewes\/wp-json\/wp\/v2\/comments?post=19"}],"version-history":[{"count":45,"href":"https:\/\/wordpress.nibis.de\/gsflewes\/wp-json\/wp\/v2\/pages\/19\/revisions"}],"predecessor-version":[{"id":1666,"href":"https:\/\/wordpress.nibis.de\/gsflewes\/wp-json\/wp\/v2\/pages\/19\/revisions\/1666"}],"wp:attachment":[{"href":"https:\/\/wordpress.nibis.de\/gsflewes\/wp-json\/wp\/v2\/media?parent=19"}],"curies":[{"name":"wp","href":"https:\/\/api.w.org\/{rel}","templated":true}]}}