{"id":34,"date":"2015-05-18T19:24:13","date_gmt":"2015-05-18T17:24:13","guid":{"rendered":"http:\/\/wordpress.nibis.de\/gsflewes\/?page_id=34"},"modified":"2025-12-05T12:59:09","modified_gmt":"2025-12-05T11:59:09","slug":"ueber-uns","status":"publish","type":"page","link":"https:\/\/wordpress.nibis.de\/gsflewes\/ueber-uns\/","title":{"rendered":"\u00dcber uns"},"content":{"rendered":"<p><a href=\"https:\/\/wordpress.nibis.de\/gsflewes\/69-2\/logo\/\" rel=\"attachment wp-att-844\"><img loading=\"lazy\" decoding=\"async\" class=\"alignnone size-medium wp-image-844\" src=\"https:\/\/wordpress.nibis.de\/gsflewes\/files\/2018\/01\/Logo-300x300.jpg\" alt=\"\" width=\"300\" height=\"300\" srcset=\"https:\/\/wordpress.nibis.de\/gsflewes\/files\/2018\/01\/Logo-300x300.jpg 300w, https:\/\/wordpress.nibis.de\/gsflewes\/files\/2018\/01\/Logo-150x150.jpg 150w, https:\/\/wordpress.nibis.de\/gsflewes\/files\/2018\/01\/Logo.jpg 768w\" sizes=\"auto, (max-width: 300px) 100vw, 300px\" \/><\/a><\/p>\n<p>Die Grundschule Flechum-Westerloh ist eine kleine Grundschule, die zur Stadt Hasel\u00fcnne geh\u00f6rt.<br \/>\nIm Schuljahr 2025\/2026 besuchen 40 Sch\u00fclerinnen und Sch\u00fcler unsere Schule:<br \/>\n1. Klasse: 10 Kinder<br \/>\n2. Klasse: 14 Kinder<br \/>\n3. Klasse: 7 Kinder<br \/>\n4. Klasse: 9 Kinder<\/p>\n<p>Die Klassen 3 und 4 werden kombiniert unterrichtet.<\/p>\n<p>Die Kinder kommen aus den Hasel\u00fcnner Ortschaften Westerloh, Flechum, H\u00fclsen und mit Ausnahmegenehmigung aus Randgebieten Klein Ber\u00dfens und der Stadt Hasel\u00fcnne.<\/p>\n<p>Vorz\u00fcge unseres &#8222;kleinen&#8220; Systems<\/p>\n<p>Die Vorz\u00fcge unseres Systems liegen vor allem in der \u00dcberschaubarkeit und Sch\u00fclerzentriertheit. Wir sind wie eine &#8222;Familie&#8220;. Die Lehrer kennen jeden Sch\u00fcler mit Namen. \u00c4ngste bei den Sch\u00fclern gibt es kaum.<\/p>\n<p>Verl\u00e4ssliche Grundschule<br \/>\nSeit dem 01.08.2000 wird unsere Schule als so genannte \u201eVerl\u00e4ssliche Grundschule\u201c gef\u00fchrt, d.h. es wird Unterricht im 1.und 2. Schuljahr von 8.00 Uhr bis 12.00 Uhr und eine zus\u00e4tzliche t\u00e4gliche Betreuung von 12.00-12.45 Uhr garantiert. Im 3.und 4. Schuljahr wird Unterricht von 8.00 Uhr bis 12.45 Uhr ohne Unterrichtsausfall garantiert.<\/p>\n<p>Das 3.und 4. Schuljahr haben zudem 2 Stunden w\u00f6chentlich Englischunterricht, der im 3. Schuljahr noch nicht benotet wird.<\/p>\n<p>Zur Betreuung m\u00fcssen Kinder des 1. u. 2. Schuljahres jeweils f\u00fcr ein Halbjahr verbindlich angemeldet werden. Die Anmeldung zur Betreuung ist allerdings freiwillig.<\/p>\n<p>Ganztag:<\/p>\n<p>An vier Nachmittagen findet der Ganztagsbetrieb an unserer Schule bis 15:45 Uhr statt. Nach einem gemeinsamen Mittagsessen finden die Lernzeit und im Anschluss daran t\u00e4glich verschiedene Arbeitsgemeinschaften statt.<\/p>\n","protected":false},"excerpt":{"rendered":"<p>Die Grundschule Flechum-Westerloh ist eine kleine Grundschule, die zur Stadt Hasel\u00fcnne geh\u00f6rt. Im Schuljahr 2025\/2026 besuchen 40 Sch\u00fclerinnen und Sch\u00fcler unsere Schule: 1. Klasse: 10 Kinder 2. Klasse: 14 Kinder 3. Klasse: 7 Kinder 4. Klasse: 9 Kinder Die Klassen 3 und 4 werden kombiniert unterrichtet. Die Kinder kommen aus den Hasel\u00fcnner Ortschaften Westerloh, Flechum, [&hellip;]<\/p>\n","protected":false},"author":720,"featured_media":0,"parent":0,"menu_order":0,"comment_status":"closed","ping_status":"closed","template":"sidebar-page.php","meta":{"footnotes":""},"class_list":["post-34","page","type-page","status-publish","hentry"],"_links":{"self":[{"href":"https:\/\/wordpress.nibis.de\/gsflewes\/wp-json\/wp\/v2\/pages\/34","targetHints":{"allow":["GET"]}}],"collection":[{"href":"https:\/\/wordpress.nibis.de\/gsflewes\/wp-json\/wp\/v2\/pages"}],"about":[{"href":"https:\/\/wordpress.nibis.de\/gsflewes\/wp-json\/wp\/v2\/types\/page"}],"author":[{"embeddable":true,"href":"https:\/\/wordpress.nibis.de\/gsflewes\/wp-json\/wp\/v2\/users\/720"}],"replies":[{"embeddable":true,"href":"https:\/\/wordpress.nibis.de\/gsflewes\/wp-json\/wp\/v2\/comments?post=34"}],"version-history":[{"count":24,"href":"https:\/\/wordpress.nibis.de\/gsflewes\/wp-json\/wp\/v2\/pages\/34\/revisions"}],"predecessor-version":[{"id":2164,"href":"https:\/\/wordpress.nibis.de\/gsflewes\/wp-json\/wp\/v2\/pages\/34\/revisions\/2164"}],"wp:attachment":[{"href":"https:\/\/wordpress.nibis.de\/gsflewes\/wp-json\/wp\/v2\/media?parent=34"}],"curies":[{"name":"wp","href":"https:\/\/api.w.org\/{rel}","templated":true}]}}