{"id":57,"date":"2015-05-19T20:12:37","date_gmt":"2015-05-19T18:12:37","guid":{"rendered":"http:\/\/wordpress.nibis.de\/gsflewes\/?page_id=57"},"modified":"2025-12-05T12:51:03","modified_gmt":"2025-12-05T11:51:03","slug":"eltern","status":"publish","type":"page","link":"https:\/\/wordpress.nibis.de\/gsflewes\/schulleben\/eltern\/","title":{"rendered":"Elternmitarbeit &#8211; Schulelternrat"},"content":{"rendered":"<p>Der Austausch zwischen Elternhaus und Schule ist f\u00fcr alle Mitglieder der Schulgemeinschaft wichtig (Sch\u00fclerinnen und Sch\u00fcler, Lehrkr\u00e4fte, Eltern, p\u00e4dagogische und alle weiteren Mitarbeiterinnen und Mitarbeiter).<\/p>\n<p>Dazu gibt es die verschiedensten Gespr\u00e4chsgelegenheiten und insbesondere f\u00fcr interessierte Eltern bieten sich M\u00f6glichkeiten sich zu engagieren:<\/p>\n<ul>\n<li>Elternsprechtage<\/li>\n<li>Projekte<\/li>\n<li>Klassen- und Schulfeste<\/li>\n<li>Sport- und Spieletag<\/li>\n<li>Radfahrpr\u00fcfung<\/li>\n<li>Klassenelternrat \/ Elternabend<\/li>\n<li>Schulelternrat<\/li>\n<li>Gesamtkonferenz<\/li>\n<li>F\u00f6rderverein<\/li>\n<\/ul>\n<p>Wenn es au\u00dferhalb der Elternsprechtage Gespr\u00e4chsbedarfe gibt, so werden Gespr\u00e4che zu angebotenen Sprechzeiten der Lehrkr\u00e4fte oder zu vereinbarten Terminen gef\u00fchrt. F\u00fcr alle Gespr\u00e4chspartner sind sogenannte T\u00fcr- und Angelgespr\u00e4che in den Pausen oder vor Unterrichtsbeginn nicht zielf\u00fchrend.<\/p>\n<p>Eltern werden gern auch zur Unterst\u00fctzung des Unterrichts, besonders des Sachunterrichts, als \u201eExperten\u201c eingeladen (z.B. J\u00e4ger, Ern\u00e4hrung,\u2026)<\/p>\n<p>Viele dieser Veranstaltungen sind ohne die rege Mithilfe unserer Elternschaft nicht durchf\u00fchrbar. Veranstaltungen dieser Art verbessern die Kommunikation und schaffen eine offene und transparente Kommunikationskultur.<\/p>\n<p><a href=\"https:\/\/wordpress.nibis.de\/gsflewes\/schulleben\/eltern\/img_2152\/\" rel=\"attachment wp-att-2148\"><img loading=\"lazy\" decoding=\"async\" class=\"alignnone size-medium wp-image-2148\" src=\"https:\/\/wordpress.nibis.de\/gsflewes\/files\/2025\/12\/IMG_2152-300x225.jpeg\" alt=\"\" width=\"300\" height=\"225\" srcset=\"https:\/\/wordpress.nibis.de\/gsflewes\/files\/2025\/12\/IMG_2152-300x225.jpeg 300w, https:\/\/wordpress.nibis.de\/gsflewes\/files\/2025\/12\/IMG_2152-1024x768.jpeg 1024w, https:\/\/wordpress.nibis.de\/gsflewes\/files\/2025\/12\/IMG_2152-768x576.jpeg 768w, https:\/\/wordpress.nibis.de\/gsflewes\/files\/2025\/12\/IMG_2152-1536x1152.jpeg 1536w, https:\/\/wordpress.nibis.de\/gsflewes\/files\/2025\/12\/IMG_2152-2048x1536.jpeg 2048w, https:\/\/wordpress.nibis.de\/gsflewes\/files\/2025\/12\/IMG_2152-624x468.jpeg 624w\" sizes=\"auto, (max-width: 300px) 100vw, 300px\" \/><\/a><\/p>\n<p><span style=\"color: #0000ff\"><strong>Schulelternrat im Schuljahr 2025\/26<\/strong><\/span><\/p>\n<hr \/>\n<p><strong>Klassenelternvertreter<\/strong><\/p>\n<p>Die Klassenelternschaft w\u00e4hlt Elternvertreterinnen und -vertreter, von denen die Vorsitzende oder der Vorsit\u00adzende und eine Stellvertreterin oder ein Stellvertreter Mitglieder des Schulelternrates sind. Damit w\u00e4hlt sie an unserer Schule gleichzeitig die Elternvertreter, die an den Klassen- und Zensurenkonferenzen teilnehmen. Da die Wahl f\u00fcr zwei Schuljahre erfolgt, findet sie zu Beginn des 1. und 3. Schuljahres statt.<\/p>\n<p>Die gew\u00e4hlten Elternvertreter unserer Schule arbeiten in den Gremien des Schulelternrates und der Gesamtkonferenz an der Gestaltung des Schullebens mit.<\/p>\n<p>Herzlichen Dank an alle Eltern, die uns unterst\u00fctzen und immer ansprechbar sind!<\/p>\n","protected":false},"excerpt":{"rendered":"<p>Der Austausch zwischen Elternhaus und Schule ist f\u00fcr alle Mitglieder der Schulgemeinschaft wichtig (Sch\u00fclerinnen und Sch\u00fcler, Lehrkr\u00e4fte, Eltern, p\u00e4dagogische und alle weiteren Mitarbeiterinnen und Mitarbeiter). Dazu gibt es die verschiedensten Gespr\u00e4chsgelegenheiten und insbesondere f\u00fcr interessierte Eltern bieten sich M\u00f6glichkeiten sich zu engagieren: Elternsprechtage Projekte Klassen- und Schulfeste Sport- und Spieletag Radfahrpr\u00fcfung Klassenelternrat \/ Elternabend Schulelternrat [&hellip;]<\/p>\n","protected":false},"author":720,"featured_media":0,"parent":38,"menu_order":0,"comment_status":"closed","ping_status":"closed","template":"","meta":{"footnotes":""},"class_list":["post-57","page","type-page","status-publish","hentry"],"_links":{"self":[{"href":"https:\/\/wordpress.nibis.de\/gsflewes\/wp-json\/wp\/v2\/pages\/57","targetHints":{"allow":["GET"]}}],"collection":[{"href":"https:\/\/wordpress.nibis.de\/gsflewes\/wp-json\/wp\/v2\/pages"}],"about":[{"href":"https:\/\/wordpress.nibis.de\/gsflewes\/wp-json\/wp\/v2\/types\/page"}],"author":[{"embeddable":true,"href":"https:\/\/wordpress.nibis.de\/gsflewes\/wp-json\/wp\/v2\/users\/720"}],"replies":[{"embeddable":true,"href":"https:\/\/wordpress.nibis.de\/gsflewes\/wp-json\/wp\/v2\/comments?post=57"}],"version-history":[{"count":13,"href":"https:\/\/wordpress.nibis.de\/gsflewes\/wp-json\/wp\/v2\/pages\/57\/revisions"}],"predecessor-version":[{"id":2149,"href":"https:\/\/wordpress.nibis.de\/gsflewes\/wp-json\/wp\/v2\/pages\/57\/revisions\/2149"}],"up":[{"embeddable":true,"href":"https:\/\/wordpress.nibis.de\/gsflewes\/wp-json\/wp\/v2\/pages\/38"}],"wp:attachment":[{"href":"https:\/\/wordpress.nibis.de\/gsflewes\/wp-json\/wp\/v2\/media?parent=57"}],"curies":[{"name":"wp","href":"https:\/\/api.w.org\/{rel}","templated":true}]}}