{"id":949,"date":"2018-09-10T14:01:52","date_gmt":"2018-09-10T12:01:52","guid":{"rendered":"http:\/\/wordpress.nibis.de\/gsflewes\/?page_id=949"},"modified":"2023-08-29T15:34:13","modified_gmt":"2023-08-29T13:34:13","slug":"entwicklungsziele","status":"publish","type":"page","link":"https:\/\/wordpress.nibis.de\/gsflewes\/ueber-uns\/entwicklungsziele\/","title":{"rendered":"Entwicklungsziele"},"content":{"rendered":"<p class=\"Default\"><span style=\"color: #000000\">1\u00a0<\/span><\/p>\n<p class=\"Default\"><span style=\"color: #000000\">Bis Juli 2024 besteht eine einheitliche Feedbackkultur, die Feedback von den SUS einfordert, um Selbstst\u00e4ndigkeit und Mitbestimmung zu f\u00f6rdern. <\/span><\/p>\n<p class=\"Default\"><span style=\"color: #000000\">2 <\/span><\/p>\n<p class=\"Default\"><span style=\"color: #000000\">Bis Juli 2025 hat die Schulgemeinschaft im Bereich Bildung f\u00fcr nachhaltige Entwicklung (BNE) Konzepte zur M\u00fcllvermeidung und zum Energiesparen entwickelt und in den Schulalltag etabliert. <\/span><\/p>\n<p class=\"Default\"><span style=\"color: #000000\">3 <\/span><\/p>\n<p class=\"Default\"><span style=\"color: #006fc0\"><span style=\"color: #000000\">Bis Juli 2026 werden die schuleigenen Arbeitspl\u00e4ne im Fach Sachunterricht jahrgangsaufsteigend aktualisiert, sodass ein lehrwerkunabh\u00e4ngiges sowie fachdidaktisch und methodisch progressives Arbeiten gew\u00e4hrleistet wird.<\/span> <\/span><\/p>\n","protected":false},"excerpt":{"rendered":"<p>1\u00a0 Bis Juli 2024 besteht eine einheitliche Feedbackkultur, die Feedback von den SUS einfordert, um Selbstst\u00e4ndigkeit und Mitbestimmung zu f\u00f6rdern. 2 Bis Juli 2025 hat die Schulgemeinschaft im Bereich Bildung f\u00fcr nachhaltige Entwicklung (BNE) Konzepte zur M\u00fcllvermeidung und zum Energiesparen entwickelt und in den Schulalltag etabliert. 3 Bis Juli 2026 werden die schuleigenen Arbeitspl\u00e4ne im [&hellip;]<\/p>\n","protected":false},"author":720,"featured_media":0,"parent":34,"menu_order":0,"comment_status":"closed","ping_status":"closed","template":"","meta":{"footnotes":""},"class_list":["post-949","page","type-page","status-publish","hentry"],"_links":{"self":[{"href":"https:\/\/wordpress.nibis.de\/gsflewes\/wp-json\/wp\/v2\/pages\/949","targetHints":{"allow":["GET"]}}],"collection":[{"href":"https:\/\/wordpress.nibis.de\/gsflewes\/wp-json\/wp\/v2\/pages"}],"about":[{"href":"https:\/\/wordpress.nibis.de\/gsflewes\/wp-json\/wp\/v2\/types\/page"}],"author":[{"embeddable":true,"href":"https:\/\/wordpress.nibis.de\/gsflewes\/wp-json\/wp\/v2\/users\/720"}],"replies":[{"embeddable":true,"href":"https:\/\/wordpress.nibis.de\/gsflewes\/wp-json\/wp\/v2\/comments?post=949"}],"version-history":[{"count":4,"href":"https:\/\/wordpress.nibis.de\/gsflewes\/wp-json\/wp\/v2\/pages\/949\/revisions"}],"predecessor-version":[{"id":1818,"href":"https:\/\/wordpress.nibis.de\/gsflewes\/wp-json\/wp\/v2\/pages\/949\/revisions\/1818"}],"up":[{"embeddable":true,"href":"https:\/\/wordpress.nibis.de\/gsflewes\/wp-json\/wp\/v2\/pages\/34"}],"wp:attachment":[{"href":"https:\/\/wordpress.nibis.de\/gsflewes\/wp-json\/wp\/v2\/media?parent=949"}],"curies":[{"name":"wp","href":"https:\/\/api.w.org\/{rel}","templated":true}]}}