{"id":150,"date":"2016-05-23T15:01:29","date_gmt":"2016-05-23T13:01:29","guid":{"rendered":"http:\/\/wordpress.nibis.de\/gsftssol\/?page_id=150"},"modified":"2025-02-23T06:18:45","modified_gmt":"2025-02-23T05:18:45","slug":"kunstprojekt","status":"publish","type":"page","link":"https:\/\/wordpress.nibis.de\/gsftssol\/kunstprojekt\/","title":{"rendered":"Kunstprojekt"},"content":{"rendered":"\n<figure class=\"wp-block-gallery has-nested-images columns-default is-cropped wp-block-gallery-1 is-layout-flex wp-block-gallery-is-layout-flex\"><\/figure>\n\n\n<p>Das Kunstprojekt wird mit allen Kindern der 3. Klassen in der Freudenthalschule durchgef\u00fchrt. Geplant und vorbereitet wird das Projekt in Zusammenarbeit mit Frau Reinholz sowie einer regionalen K\u00fcnstlerin. Gef\u00f6rdert wird das Projekt vom F\u00f6rderverein der Freudenthalschule. Zielsetzung des Projektes ist, dass die Kinder Maltechniken verschiedener K\u00fcnstler kennenlernen. Jedes Kind hat 3 Schulstunden Zeit, den jeweiligen Auftrag umzusetzen.<br \/>Das Kunstprojekt schlie\u00dft mit einer Vernisage ab, in der die Arbeiten der Kinder gew\u00fcrdigt werden.<\/p>","protected":false},"excerpt":{"rendered":"<p>Das Kunstprojekt wird mit allen Kindern der 3. Klassen in der Freudenthalschule durchgef\u00fchrt. Geplant und vorbereitet wird das Projekt in Zusammenarbeit mit Frau Reinholz sowie einer regionalen K\u00fcnstlerin. Gef\u00f6rdert wird das Projekt vom F\u00f6rderverein der Freudenthalschule. Zielsetzung des Projektes ist, dass die Kinder Maltechniken verschiedener K\u00fcnstler kennenlernen. Jedes Kind hat 3 Schulstunden Zeit, den jeweiligen &hellip; <a href=\"https:\/\/wordpress.nibis.de\/gsftssol\/kunstprojekt\/\" class=\"more-link\">Weiterlesen <span class=\"screen-reader-text\">Kunstprojekt<\/span><\/a><\/p>\n","protected":false},"author":1010,"featured_media":1071,"parent":0,"menu_order":0,"comment_status":"closed","ping_status":"closed","template":"","meta":{"footnotes":""},"class_list":["post-150","page","type-page","status-publish","has-post-thumbnail","hentry","with-featured-image"],"_links":{"self":[{"href":"https:\/\/wordpress.nibis.de\/gsftssol\/wp-json\/wp\/v2\/pages\/150","targetHints":{"allow":["GET"]}}],"collection":[{"href":"https:\/\/wordpress.nibis.de\/gsftssol\/wp-json\/wp\/v2\/pages"}],"about":[{"href":"https:\/\/wordpress.nibis.de\/gsftssol\/wp-json\/wp\/v2\/types\/page"}],"author":[{"embeddable":true,"href":"https:\/\/wordpress.nibis.de\/gsftssol\/wp-json\/wp\/v2\/users\/1010"}],"replies":[{"embeddable":true,"href":"https:\/\/wordpress.nibis.de\/gsftssol\/wp-json\/wp\/v2\/comments?post=150"}],"version-history":[{"count":18,"href":"https:\/\/wordpress.nibis.de\/gsftssol\/wp-json\/wp\/v2\/pages\/150\/revisions"}],"predecessor-version":[{"id":1654,"href":"https:\/\/wordpress.nibis.de\/gsftssol\/wp-json\/wp\/v2\/pages\/150\/revisions\/1654"}],"wp:featuredmedia":[{"embeddable":true,"href":"https:\/\/wordpress.nibis.de\/gsftssol\/wp-json\/wp\/v2\/media\/1071"}],"wp:attachment":[{"href":"https:\/\/wordpress.nibis.de\/gsftssol\/wp-json\/wp\/v2\/media?parent=150"}],"curies":[{"name":"wp","href":"https:\/\/api.w.org\/{rel}","templated":true}]}}