{"id":1628,"date":"2025-02-23T05:43:03","date_gmt":"2025-02-23T04:43:03","guid":{"rendered":"https:\/\/wordpress.nibis.de\/gsftssol\/?page_id=1628"},"modified":"2025-02-23T05:43:03","modified_gmt":"2025-02-23T04:43:03","slug":"toter-winkel","status":"publish","type":"page","link":"https:\/\/wordpress.nibis.de\/gsftssol\/toter-winkel\/","title":{"rendered":"Toter Winkel"},"content":{"rendered":"\n<p><span style=\"color: #000000\">Am Freitag, den 23.06.2023 fand ein Aktionstag zu den Gefahren des Toten Winkels statt. Die Dritt- und Viertkl\u00e4ssler wurden klassenweise durch Herrn Rohleder und Herrn Brunkhorst auf den Toten Winkel bei LKWs aufmerksam gemacht. Ganz praktisch wurden sie f\u00fcr diese Gefahrensituation sensibilisiert. Sie durften im F\u00fchrerhaus sitzen und ausprobieren, was ein Fahrer sehen kann und was er nicht sieht. Das war sehr eindr\u00fccklich. Im Toten Winkel<\/span> kann man vom LKW-Fahrer weder direkt noch \u00fcber einen Spiegel gesehen werden. Unter fachkundiger Anleitung \u00fcberlegten sie, wo sie sich als Verkehrsteilnehmer auf gar keinen Fall aufhalten sollten, und erhielten konkrete Tipps f\u00fcr sichere Verhaltensweisen. Abschlie\u00dfend stellten sich die Klassen im Toten Winkel auf einer Plane auf.<\/p>\n<p>\u00a0<\/p>\n","protected":false},"excerpt":{"rendered":"<p>Am Freitag, den 23.06.2023 fand ein Aktionstag zu den Gefahren des Toten Winkels statt. Die Dritt- und Viertkl\u00e4ssler wurden klassenweise durch Herrn Rohleder und Herrn Brunkhorst auf den Toten Winkel bei LKWs aufmerksam gemacht. Ganz praktisch wurden sie f\u00fcr diese Gefahrensituation sensibilisiert. Sie durften im F\u00fchrerhaus sitzen und ausprobieren, was ein Fahrer sehen kann und &hellip; <a href=\"https:\/\/wordpress.nibis.de\/gsftssol\/toter-winkel\/\" class=\"more-link\">Weiterlesen <span class=\"screen-reader-text\">Toter Winkel<\/span><\/a><\/p>\n","protected":false},"author":1010,"featured_media":1564,"parent":0,"menu_order":0,"comment_status":"closed","ping_status":"closed","template":"","meta":{"footnotes":""},"class_list":["post-1628","page","type-page","status-publish","has-post-thumbnail","hentry","with-featured-image"],"_links":{"self":[{"href":"https:\/\/wordpress.nibis.de\/gsftssol\/wp-json\/wp\/v2\/pages\/1628","targetHints":{"allow":["GET"]}}],"collection":[{"href":"https:\/\/wordpress.nibis.de\/gsftssol\/wp-json\/wp\/v2\/pages"}],"about":[{"href":"https:\/\/wordpress.nibis.de\/gsftssol\/wp-json\/wp\/v2\/types\/page"}],"author":[{"embeddable":true,"href":"https:\/\/wordpress.nibis.de\/gsftssol\/wp-json\/wp\/v2\/users\/1010"}],"replies":[{"embeddable":true,"href":"https:\/\/wordpress.nibis.de\/gsftssol\/wp-json\/wp\/v2\/comments?post=1628"}],"version-history":[{"count":1,"href":"https:\/\/wordpress.nibis.de\/gsftssol\/wp-json\/wp\/v2\/pages\/1628\/revisions"}],"predecessor-version":[{"id":1629,"href":"https:\/\/wordpress.nibis.de\/gsftssol\/wp-json\/wp\/v2\/pages\/1628\/revisions\/1629"}],"wp:featuredmedia":[{"embeddable":true,"href":"https:\/\/wordpress.nibis.de\/gsftssol\/wp-json\/wp\/v2\/media\/1564"}],"wp:attachment":[{"href":"https:\/\/wordpress.nibis.de\/gsftssol\/wp-json\/wp\/v2\/media?parent=1628"}],"curies":[{"name":"wp","href":"https:\/\/api.w.org\/{rel}","templated":true}]}}