{"id":1632,"date":"2025-02-23T05:45:36","date_gmt":"2025-02-23T04:45:36","guid":{"rendered":"https:\/\/wordpress.nibis.de\/gsftssol\/?page_id=1632"},"modified":"2025-02-23T05:45:36","modified_gmt":"2025-02-23T04:45:36","slug":"fanny-und-das-grosse-experiment","status":"publish","type":"page","link":"https:\/\/wordpress.nibis.de\/gsftssol\/fanny-und-das-grosse-experiment\/","title":{"rendered":"Fanny und das gro\u00dfe Experiment"},"content":{"rendered":"\n<p><span style=\"color: #000000\">Am 16.06.2023 hatten die Erst- und Zweitkl\u00e4ssler ein ganz besonderes Konzerterlebnis. Die L\u00fcneburger Symphoniker sowie ein kleines Ensemble des L\u00fcneburger Theaters f\u00fchrten das St\u00fcck &#8222;Fanny und das gro\u00dfe Experiment&#8220; auf. Musiker und Schauspieler wirkten zusammen und schafften eine einzigartige Atmosph\u00e4re. Die Auff\u00fchrung fand in der Turnhalle statt, so dass die Sch\u00fcler*innen ganz nah bei den Musikern sitzen konnten. Sie konnten sie genau beobachten. Auf der B\u00fchne agierten Fanny, die Ur-Ur-Ur-Ur-Enkelin des legend\u00e4ren Wissenschaftlers Frankenstein sowie ihr Teddy, den sie in einem Experiment zum Leben erweckte. Musik, Tanz und Schauspiel erg\u00e4nzten sich perfekt. Die kleinen Zuschauer folgten dem Zusammenspiel gebannt. Es war eine wunderbare, mitrei\u00dfende Auff\u00fchrung, der die jungen Konzertbesucher gut und begeistert folgen konnten.<\/span><\/p>\n","protected":false},"excerpt":{"rendered":"<p>Am 16.06.2023 hatten die Erst- und Zweitkl\u00e4ssler ein ganz besonderes Konzerterlebnis. Die L\u00fcneburger Symphoniker sowie ein kleines Ensemble des L\u00fcneburger Theaters f\u00fchrten das St\u00fcck &#8222;Fanny und das gro\u00dfe Experiment&#8220; auf. Musiker und Schauspieler wirkten zusammen und schafften eine einzigartige Atmosph\u00e4re. Die Auff\u00fchrung fand in der Turnhalle statt, so dass die Sch\u00fcler*innen ganz nah bei den &hellip; <a href=\"https:\/\/wordpress.nibis.de\/gsftssol\/fanny-und-das-grosse-experiment\/\" class=\"more-link\">Weiterlesen <span class=\"screen-reader-text\">Fanny und das gro\u00dfe Experiment<\/span><\/a><\/p>\n","protected":false},"author":1010,"featured_media":1561,"parent":0,"menu_order":0,"comment_status":"closed","ping_status":"closed","template":"","meta":{"footnotes":""},"class_list":["post-1632","page","type-page","status-publish","has-post-thumbnail","hentry","with-featured-image"],"_links":{"self":[{"href":"https:\/\/wordpress.nibis.de\/gsftssol\/wp-json\/wp\/v2\/pages\/1632","targetHints":{"allow":["GET"]}}],"collection":[{"href":"https:\/\/wordpress.nibis.de\/gsftssol\/wp-json\/wp\/v2\/pages"}],"about":[{"href":"https:\/\/wordpress.nibis.de\/gsftssol\/wp-json\/wp\/v2\/types\/page"}],"author":[{"embeddable":true,"href":"https:\/\/wordpress.nibis.de\/gsftssol\/wp-json\/wp\/v2\/users\/1010"}],"replies":[{"embeddable":true,"href":"https:\/\/wordpress.nibis.de\/gsftssol\/wp-json\/wp\/v2\/comments?post=1632"}],"version-history":[{"count":1,"href":"https:\/\/wordpress.nibis.de\/gsftssol\/wp-json\/wp\/v2\/pages\/1632\/revisions"}],"predecessor-version":[{"id":1633,"href":"https:\/\/wordpress.nibis.de\/gsftssol\/wp-json\/wp\/v2\/pages\/1632\/revisions\/1633"}],"wp:featuredmedia":[{"embeddable":true,"href":"https:\/\/wordpress.nibis.de\/gsftssol\/wp-json\/wp\/v2\/media\/1561"}],"wp:attachment":[{"href":"https:\/\/wordpress.nibis.de\/gsftssol\/wp-json\/wp\/v2\/media?parent=1632"}],"curies":[{"name":"wp","href":"https:\/\/api.w.org\/{rel}","templated":true}]}}