{"id":1636,"date":"2025-02-23T05:50:04","date_gmt":"2025-02-23T04:50:04","guid":{"rendered":"https:\/\/wordpress.nibis.de\/gsftssol\/?page_id=1636"},"modified":"2025-02-23T05:50:04","modified_gmt":"2025-02-23T04:50:04","slug":"unsere-aktionen-fuer-den-frieden-2","status":"publish","type":"page","link":"https:\/\/wordpress.nibis.de\/gsftssol\/unsere-aktionen-fuer-den-frieden-2\/","title":{"rendered":"Unsere Aktionen f\u00fcr den Frieden"},"content":{"rendered":"\n<p><span style=\"color: #000000\">Alle Kinder der Freudenthalschule haben am 20.01.2023 in klassen\u00fcbergreifenden Projekten sich mit dem Thema \u201eFrieden\u201c besch\u00e4ftigt und ihre Ergebnisse im Schulgeb\u00e4ude pr\u00e4sentiert.<strong><br \/><\/strong><strong>Die Ergebnisse der Kinder finden Sie <a style=\"color: #000000\" href=\"http:\/\/wordpress.nibis.de\/gsftssol\/files\/2023\/03\/Unsere-Aktionen-fuer-den-Frieden-1.pdf\" target=\"_blank\" rel=\"noopener\">hier.<\/a><\/strong><\/span><\/p>\n","protected":false},"excerpt":{"rendered":"<p>Alle Kinder der Freudenthalschule haben am 20.01.2023 in klassen\u00fcbergreifenden Projekten sich mit dem Thema \u201eFrieden\u201c besch\u00e4ftigt und ihre Ergebnisse im Schulgeb\u00e4ude pr\u00e4sentiert.Die Ergebnisse der Kinder finden Sie hier.<\/p>\n","protected":false},"author":1010,"featured_media":1637,"parent":0,"menu_order":0,"comment_status":"closed","ping_status":"closed","template":"","meta":{"footnotes":""},"class_list":["post-1636","page","type-page","status-publish","has-post-thumbnail","hentry","with-featured-image"],"_links":{"self":[{"href":"https:\/\/wordpress.nibis.de\/gsftssol\/wp-json\/wp\/v2\/pages\/1636","targetHints":{"allow":["GET"]}}],"collection":[{"href":"https:\/\/wordpress.nibis.de\/gsftssol\/wp-json\/wp\/v2\/pages"}],"about":[{"href":"https:\/\/wordpress.nibis.de\/gsftssol\/wp-json\/wp\/v2\/types\/page"}],"author":[{"embeddable":true,"href":"https:\/\/wordpress.nibis.de\/gsftssol\/wp-json\/wp\/v2\/users\/1010"}],"replies":[{"embeddable":true,"href":"https:\/\/wordpress.nibis.de\/gsftssol\/wp-json\/wp\/v2\/comments?post=1636"}],"version-history":[{"count":1,"href":"https:\/\/wordpress.nibis.de\/gsftssol\/wp-json\/wp\/v2\/pages\/1636\/revisions"}],"predecessor-version":[{"id":1638,"href":"https:\/\/wordpress.nibis.de\/gsftssol\/wp-json\/wp\/v2\/pages\/1636\/revisions\/1638"}],"wp:featuredmedia":[{"embeddable":true,"href":"https:\/\/wordpress.nibis.de\/gsftssol\/wp-json\/wp\/v2\/media\/1637"}],"wp:attachment":[{"href":"https:\/\/wordpress.nibis.de\/gsftssol\/wp-json\/wp\/v2\/media?parent=1636"}],"curies":[{"name":"wp","href":"https:\/\/api.w.org\/{rel}","templated":true}]}}