{"id":164,"date":"2016-05-24T11:10:05","date_gmt":"2016-05-24T09:10:05","guid":{"rendered":"http:\/\/wordpress.nibis.de\/gsftssol\/?page_id=164"},"modified":"2023-11-13T14:30:18","modified_gmt":"2023-11-13T13:30:18","slug":"mathematik-olympiade","status":"publish","type":"page","link":"https:\/\/wordpress.nibis.de\/gsftssol\/mathematik-olympiade\/","title":{"rendered":"Mathematik-Olympiade"},"content":{"rendered":"<p style=\"text-align: justify\">In jedem Jahr nimmt die Freudenthalschule an der niedersachsenweiten Mathematik-Olympiade f\u00fcr Klasse 3 und 4 teil.<br \/>\nDie Teilnahme erfolgt in drei Runden.<br \/>\nWir w\u00fcnschen allen Teilnehmern viel Erfolg und auch Spa\u00df am Knobeln!<\/p>\n","protected":false},"excerpt":{"rendered":"<p>In jedem Jahr nimmt die Freudenthalschule an der niedersachsenweiten Mathematik-Olympiade f\u00fcr Klasse 3 und 4 teil. Die Teilnahme erfolgt in drei Runden. Wir w\u00fcnschen allen Teilnehmern viel Erfolg und auch Spa\u00df am Knobeln!<\/p>\n","protected":false},"author":1010,"featured_media":0,"parent":0,"menu_order":0,"comment_status":"closed","ping_status":"closed","template":"","meta":{"footnotes":""},"class_list":["post-164","page","type-page","status-publish","hentry","without-featured-image"],"_links":{"self":[{"href":"https:\/\/wordpress.nibis.de\/gsftssol\/wp-json\/wp\/v2\/pages\/164","targetHints":{"allow":["GET"]}}],"collection":[{"href":"https:\/\/wordpress.nibis.de\/gsftssol\/wp-json\/wp\/v2\/pages"}],"about":[{"href":"https:\/\/wordpress.nibis.de\/gsftssol\/wp-json\/wp\/v2\/types\/page"}],"author":[{"embeddable":true,"href":"https:\/\/wordpress.nibis.de\/gsftssol\/wp-json\/wp\/v2\/users\/1010"}],"replies":[{"embeddable":true,"href":"https:\/\/wordpress.nibis.de\/gsftssol\/wp-json\/wp\/v2\/comments?post=164"}],"version-history":[{"count":6,"href":"https:\/\/wordpress.nibis.de\/gsftssol\/wp-json\/wp\/v2\/pages\/164\/revisions"}],"predecessor-version":[{"id":1583,"href":"https:\/\/wordpress.nibis.de\/gsftssol\/wp-json\/wp\/v2\/pages\/164\/revisions\/1583"}],"wp:attachment":[{"href":"https:\/\/wordpress.nibis.de\/gsftssol\/wp-json\/wp\/v2\/media?parent=164"}],"curies":[{"name":"wp","href":"https:\/\/api.w.org\/{rel}","templated":true}]}}