{"id":170,"date":"2016-05-23T14:59:37","date_gmt":"2016-05-23T12:59:37","guid":{"rendered":"http:\/\/wordpress.nibis.de\/gsftssol\/?page_id=170"},"modified":"2023-11-13T15:02:36","modified_gmt":"2023-11-13T14:02:36","slug":"netzdschungel","status":"publish","type":"page","link":"https:\/\/wordpress.nibis.de\/gsftssol\/netzdschungel\/","title":{"rendered":"Wie geht es nach der Grundschule weiter?"},"content":{"rendered":"<p><strong><u>\u00dcbergang auf eine weiterf\u00fchrende Schule<\/u><\/strong><\/p>\n<p style=\"text-align: justify\">Am Ende des vierten Schuljahres entscheiden die Eltern, welche weiterf\u00fchrende Schule Ihr Kind vom n\u00e4chsten Schuljahr an besuchen soll. Deshalb bieten wir Ihnen zwei Beratungsgespr\u00e4che mit den Klassenlehrern an.<\/p>\n<p style=\"text-align: justify\">Inhalte der Beratungsgespr\u00e4che sind das Arbeits- und Sozialverhalten sowie die Lernentwicklung der Kinder.<\/p>\n<p style=\"text-align: justify\">Nach dem zweiten Beratungsgespr\u00e4ch erhalten die Eltern dann eine Kopie des Beratungsprotokolls.<\/p>\n","protected":false},"excerpt":{"rendered":"<p>\u00dcbergang auf eine weiterf\u00fchrende Schule Am Ende des vierten Schuljahres entscheiden die Eltern, welche weiterf\u00fchrende Schule Ihr Kind vom n\u00e4chsten Schuljahr an besuchen soll. Deshalb bieten wir Ihnen zwei Beratungsgespr\u00e4che mit den Klassenlehrern an. Inhalte der Beratungsgespr\u00e4che sind das Arbeits- und Sozialverhalten sowie die Lernentwicklung der Kinder. Nach dem zweiten Beratungsgespr\u00e4ch erhalten die Eltern dann &hellip; <a href=\"https:\/\/wordpress.nibis.de\/gsftssol\/netzdschungel\/\" class=\"more-link\">Weiterlesen <span class=\"screen-reader-text\">Wie geht es nach der Grundschule weiter?<\/span><\/a><\/p>\n","protected":false},"author":1010,"featured_media":994,"parent":0,"menu_order":0,"comment_status":"closed","ping_status":"closed","template":"","meta":{"footnotes":""},"class_list":["post-170","page","type-page","status-publish","has-post-thumbnail","hentry","with-featured-image"],"_links":{"self":[{"href":"https:\/\/wordpress.nibis.de\/gsftssol\/wp-json\/wp\/v2\/pages\/170","targetHints":{"allow":["GET"]}}],"collection":[{"href":"https:\/\/wordpress.nibis.de\/gsftssol\/wp-json\/wp\/v2\/pages"}],"about":[{"href":"https:\/\/wordpress.nibis.de\/gsftssol\/wp-json\/wp\/v2\/types\/page"}],"author":[{"embeddable":true,"href":"https:\/\/wordpress.nibis.de\/gsftssol\/wp-json\/wp\/v2\/users\/1010"}],"replies":[{"embeddable":true,"href":"https:\/\/wordpress.nibis.de\/gsftssol\/wp-json\/wp\/v2\/comments?post=170"}],"version-history":[{"count":9,"href":"https:\/\/wordpress.nibis.de\/gsftssol\/wp-json\/wp\/v2\/pages\/170\/revisions"}],"predecessor-version":[{"id":1604,"href":"https:\/\/wordpress.nibis.de\/gsftssol\/wp-json\/wp\/v2\/pages\/170\/revisions\/1604"}],"wp:featuredmedia":[{"embeddable":true,"href":"https:\/\/wordpress.nibis.de\/gsftssol\/wp-json\/wp\/v2\/media\/994"}],"wp:attachment":[{"href":"https:\/\/wordpress.nibis.de\/gsftssol\/wp-json\/wp\/v2\/media?parent=170"}],"curies":[{"name":"wp","href":"https:\/\/api.w.org\/{rel}","templated":true}]}}