{"id":178,"date":"2016-05-23T15:06:55","date_gmt":"2016-05-23T13:06:55","guid":{"rendered":"http:\/\/wordpress.nibis.de\/gsftssol\/?page_id=178"},"modified":"2025-02-23T06:26:06","modified_gmt":"2025-02-23T05:26:06","slug":"autorenlesung","status":"publish","type":"page","link":"https:\/\/wordpress.nibis.de\/gsftssol\/autorenlesung\/","title":{"rendered":"Autorenlesung"},"content":{"rendered":"<p>Ein gro\u00dfer Dank gilt hier unserem F\u00f6rderverein, der den 2. Klassen der Freudenthalschule regelm\u00e4\u00dfig eine Autorenlesung erm\u00f6glicht.<\/p>\n\n\n<figure class=\"wp-block-gallery aligncenter has-nested-images columns-default is-cropped wp-block-gallery-1 is-layout-flex wp-block-gallery-is-layout-flex\"><\/figure>\n","protected":false},"excerpt":{"rendered":"<p>Ein gro\u00dfer Dank gilt hier unserem F\u00f6rderverein, der den 2. Klassen der Freudenthalschule regelm\u00e4\u00dfig eine Autorenlesung erm\u00f6glicht.<\/p>\n","protected":false},"author":1010,"featured_media":0,"parent":0,"menu_order":0,"comment_status":"closed","ping_status":"closed","template":"","meta":{"footnotes":""},"class_list":["post-178","page","type-page","status-publish","hentry","without-featured-image"],"_links":{"self":[{"href":"https:\/\/wordpress.nibis.de\/gsftssol\/wp-json\/wp\/v2\/pages\/178","targetHints":{"allow":["GET"]}}],"collection":[{"href":"https:\/\/wordpress.nibis.de\/gsftssol\/wp-json\/wp\/v2\/pages"}],"about":[{"href":"https:\/\/wordpress.nibis.de\/gsftssol\/wp-json\/wp\/v2\/types\/page"}],"author":[{"embeddable":true,"href":"https:\/\/wordpress.nibis.de\/gsftssol\/wp-json\/wp\/v2\/users\/1010"}],"replies":[{"embeddable":true,"href":"https:\/\/wordpress.nibis.de\/gsftssol\/wp-json\/wp\/v2\/comments?post=178"}],"version-history":[{"count":8,"href":"https:\/\/wordpress.nibis.de\/gsftssol\/wp-json\/wp\/v2\/pages\/178\/revisions"}],"predecessor-version":[{"id":1656,"href":"https:\/\/wordpress.nibis.de\/gsftssol\/wp-json\/wp\/v2\/pages\/178\/revisions\/1656"}],"wp:attachment":[{"href":"https:\/\/wordpress.nibis.de\/gsftssol\/wp-json\/wp\/v2\/media?parent=178"}],"curies":[{"name":"wp","href":"https:\/\/api.w.org\/{rel}","templated":true}]}}