{"id":189,"date":"2016-05-23T15:16:44","date_gmt":"2016-05-23T13:16:44","guid":{"rendered":"http:\/\/wordpress.nibis.de\/gsftssol\/?page_id=189"},"modified":"2023-11-13T14:25:30","modified_gmt":"2023-11-13T13:25:30","slug":"vorlesewettbewerb","status":"publish","type":"page","link":"https:\/\/wordpress.nibis.de\/gsftssol\/vorlesewettbewerb\/","title":{"rendered":"Vorlesewettbewerb"},"content":{"rendered":"<p>Wenn im Herbst die Tage k\u00fcrzer werden und es drau\u00dfen manchmal ungem\u00fctlich ist, haben die Sch\u00fclerinnen und Sch\u00fcler unserer Schule Lust zum Lesen. Frau Reinholz und das Fach Deutsch rufen zum Vorlesewettbewerb auf und geben damit einen zus\u00e4tzlichen Anreiz, sich ein gutes Buch zu suchen und ausgiebig zu schm\u00f6kern. Der F\u00f6rderverein der Schule unterst\u00fctzt seit vielen Jahren diese Veranstaltung und spendiert die liebevoll ausgesuchten Buchpreise.<\/p>\n<p>So wird in allen Klassen der Schule flei\u00dfig gelesen und vorgelesen \u2013 zuerst ein selbst ausgesuchter Text, dann auch noch ein unge\u00fcbter, fremder Text.<br \/>\nEinige Klassen bewerteten sich dabei sogar gegenseitig, damit das Urteil ganz fair und ehrlich gef\u00e4llt wird.<\/p>\n","protected":false},"excerpt":{"rendered":"<p>Wenn im Herbst die Tage k\u00fcrzer werden und es drau\u00dfen manchmal ungem\u00fctlich ist, haben die Sch\u00fclerinnen und Sch\u00fcler unserer Schule Lust zum Lesen. Frau Reinholz und das Fach Deutsch rufen zum Vorlesewettbewerb auf und geben damit einen zus\u00e4tzlichen Anreiz, sich ein gutes Buch zu suchen und ausgiebig zu schm\u00f6kern. Der F\u00f6rderverein der Schule unterst\u00fctzt seit &hellip; <a href=\"https:\/\/wordpress.nibis.de\/gsftssol\/vorlesewettbewerb\/\" class=\"more-link\">Weiterlesen <span class=\"screen-reader-text\">Vorlesewettbewerb<\/span><\/a><\/p>\n","protected":false},"author":1010,"featured_media":0,"parent":0,"menu_order":0,"comment_status":"closed","ping_status":"closed","template":"","meta":{"footnotes":""},"class_list":["post-189","page","type-page","status-publish","hentry","without-featured-image"],"_links":{"self":[{"href":"https:\/\/wordpress.nibis.de\/gsftssol\/wp-json\/wp\/v2\/pages\/189","targetHints":{"allow":["GET"]}}],"collection":[{"href":"https:\/\/wordpress.nibis.de\/gsftssol\/wp-json\/wp\/v2\/pages"}],"about":[{"href":"https:\/\/wordpress.nibis.de\/gsftssol\/wp-json\/wp\/v2\/types\/page"}],"author":[{"embeddable":true,"href":"https:\/\/wordpress.nibis.de\/gsftssol\/wp-json\/wp\/v2\/users\/1010"}],"replies":[{"embeddable":true,"href":"https:\/\/wordpress.nibis.de\/gsftssol\/wp-json\/wp\/v2\/comments?post=189"}],"version-history":[{"count":5,"href":"https:\/\/wordpress.nibis.de\/gsftssol\/wp-json\/wp\/v2\/pages\/189\/revisions"}],"predecessor-version":[{"id":1580,"href":"https:\/\/wordpress.nibis.de\/gsftssol\/wp-json\/wp\/v2\/pages\/189\/revisions\/1580"}],"wp:attachment":[{"href":"https:\/\/wordpress.nibis.de\/gsftssol\/wp-json\/wp\/v2\/media?parent=189"}],"curies":[{"name":"wp","href":"https:\/\/api.w.org\/{rel}","templated":true}]}}