{"id":198,"date":"2016-05-23T15:20:04","date_gmt":"2016-05-23T13:20:04","guid":{"rendered":"http:\/\/wordpress.nibis.de\/gsftssol\/?page_id=198"},"modified":"2025-02-23T06:28:34","modified_gmt":"2025-02-23T05:28:34","slug":"spielefest","status":"publish","type":"page","link":"https:\/\/wordpress.nibis.de\/gsftssol\/spielefest\/","title":{"rendered":"Spielefest"},"content":{"rendered":"<p>Kurz vor den Sommerferien veranstaltet die Freudenthalschule ihr traditionelles Spielefest auf dem Grillplatz der Stadt Soltau.<\/p>\n<p>Die Klassen des 3. und 4. Jahrgangs d\u00fcrfen an diesem besonderen Tag ihre Hefte und B\u00fccher zu Hause lassen und sich den gesamten Vormittag an den Spielstationen vergn\u00fcgen, einen Tag sp\u00e4ter sind die Kinder der Jahrg\u00e4nge 1 und 2 an der Reihe.<\/p>\n<p>An beiden Tagen stehen zehn Stationen bereit, die von den Sportlehrerinnen und Sportlehrern vorbereitet werden:<br \/>\nSchubkarrenwettlauf, Dosenwerfen, Sackh\u00fcpfen, Gummistiefelweitwurf waren einige der beliebtesten Spiele, ebenso das Wettwringen sowie ein Wasserspiel, das besonders bei gutem Wetter Anklang findet.<\/p>\n<p>Das Spielefest, das seit vielen Jahren ein fester Bestandteil des schulischen Lebens ist, wird seit dem Jahr 2013 ausschlie\u00dflich von Sch\u00fclern geleitet. Zweitkl\u00e4ssler stehen an jeder Station bereit, um den \u00c4lteren die Spiele zu erkl\u00e4ren und sie anschlie\u00dfend zu leiten. Auch am zweiten Tag kann die Schule sich auf ihre Sch\u00fcler verlassen, die das Spielfest unter ihrer Leitung fortsetzen.<\/p>\n<p>Diese zwei Spieletage sind ein sch\u00f6ner H\u00f6hepunkt des Schuljahres und werden alle zwei Jahre gerne durchgef\u00fchrt.<\/p>\n","protected":false},"excerpt":{"rendered":"<p>Kurz vor den Sommerferien veranstaltet die Freudenthalschule ihr traditionelles Spielefest auf dem Grillplatz der Stadt Soltau. Die Klassen des 3. und 4. Jahrgangs d\u00fcrfen an diesem besonderen Tag ihre Hefte und B\u00fccher zu Hause lassen und sich den gesamten Vormittag an den Spielstationen vergn\u00fcgen, einen Tag sp\u00e4ter sind die Kinder der Jahrg\u00e4nge 1 und 2 &hellip; <a href=\"https:\/\/wordpress.nibis.de\/gsftssol\/spielefest\/\" class=\"more-link\">Weiterlesen <span class=\"screen-reader-text\">Spielefest<\/span><\/a><\/p>\n","protected":false},"author":1010,"featured_media":256,"parent":0,"menu_order":0,"comment_status":"closed","ping_status":"closed","template":"","meta":{"footnotes":""},"class_list":["post-198","page","type-page","status-publish","has-post-thumbnail","hentry","with-featured-image"],"_links":{"self":[{"href":"https:\/\/wordpress.nibis.de\/gsftssol\/wp-json\/wp\/v2\/pages\/198","targetHints":{"allow":["GET"]}}],"collection":[{"href":"https:\/\/wordpress.nibis.de\/gsftssol\/wp-json\/wp\/v2\/pages"}],"about":[{"href":"https:\/\/wordpress.nibis.de\/gsftssol\/wp-json\/wp\/v2\/types\/page"}],"author":[{"embeddable":true,"href":"https:\/\/wordpress.nibis.de\/gsftssol\/wp-json\/wp\/v2\/users\/1010"}],"replies":[{"embeddable":true,"href":"https:\/\/wordpress.nibis.de\/gsftssol\/wp-json\/wp\/v2\/comments?post=198"}],"version-history":[{"count":5,"href":"https:\/\/wordpress.nibis.de\/gsftssol\/wp-json\/wp\/v2\/pages\/198\/revisions"}],"predecessor-version":[{"id":1658,"href":"https:\/\/wordpress.nibis.de\/gsftssol\/wp-json\/wp\/v2\/pages\/198\/revisions\/1658"}],"wp:featuredmedia":[{"embeddable":true,"href":"https:\/\/wordpress.nibis.de\/gsftssol\/wp-json\/wp\/v2\/media\/256"}],"wp:attachment":[{"href":"https:\/\/wordpress.nibis.de\/gsftssol\/wp-json\/wp\/v2\/media?parent=198"}],"curies":[{"name":"wp","href":"https:\/\/api.w.org\/{rel}","templated":true}]}}