{"id":212,"date":"2016-05-23T15:26:00","date_gmt":"2016-05-23T13:26:00","guid":{"rendered":"http:\/\/wordpress.nibis.de\/gsftssol\/?page_id=212"},"modified":"2023-11-13T14:21:14","modified_gmt":"2023-11-13T13:21:14","slug":"fasching","status":"publish","type":"page","link":"https:\/\/wordpress.nibis.de\/gsftssol\/fasching\/","title":{"rendered":"Fasching"},"content":{"rendered":"<p style=\"text-align: justify\">Am Rosenmontag geht es in jedem Jahr hoch her in unserer Schule. Fast alle Sch\u00fcler und Sch\u00fclerinnen, die Schulleiterin und die Konrektorin, die Lehrerinnen und Lehrer, die p\u00e4dagogischen Mitarbeiterinnen sowie die Sekret\u00e4rin, der Hausmeister und sein Mitarbeiter verkleiden sich. Die Klassenr\u00e4ume werden sch\u00f6n dekoriert, wobei die meisten Dekorationen von den Kindern selbst hergestellt werden. \u00dcberall gibt es leckere, von den Eltern zubereitete und gespendete Leckereien. Nun kann ausgelassen getanzt, gespielt und gebastelt werden. Ein H\u00f6hepunkt ist die Riesenpolonaise mit allen Beteiligten durch das Schulgeb\u00e4ude.<\/p>\n\n\n<figure class=\"wp-block-gallery has-nested-images columns-default is-cropped wp-block-gallery-1 is-layout-flex wp-block-gallery-is-layout-flex\"><\/figure>\n","protected":false},"excerpt":{"rendered":"<p>Am Rosenmontag geht es in jedem Jahr hoch her in unserer Schule. Fast alle Sch\u00fcler und Sch\u00fclerinnen, die Schulleiterin und die Konrektorin, die Lehrerinnen und Lehrer, die p\u00e4dagogischen Mitarbeiterinnen sowie die Sekret\u00e4rin, der Hausmeister und sein Mitarbeiter verkleiden sich. Die Klassenr\u00e4ume werden sch\u00f6n dekoriert, wobei die meisten Dekorationen von den Kindern selbst hergestellt werden. \u00dcberall &hellip; <a href=\"https:\/\/wordpress.nibis.de\/gsftssol\/fasching\/\" class=\"more-link\">Weiterlesen <span class=\"screen-reader-text\">Fasching<\/span><\/a><\/p>\n","protected":false},"author":1010,"featured_media":0,"parent":0,"menu_order":0,"comment_status":"closed","ping_status":"closed","template":"","meta":{"footnotes":""},"class_list":["post-212","page","type-page","status-publish","hentry","without-featured-image"],"_links":{"self":[{"href":"https:\/\/wordpress.nibis.de\/gsftssol\/wp-json\/wp\/v2\/pages\/212","targetHints":{"allow":["GET"]}}],"collection":[{"href":"https:\/\/wordpress.nibis.de\/gsftssol\/wp-json\/wp\/v2\/pages"}],"about":[{"href":"https:\/\/wordpress.nibis.de\/gsftssol\/wp-json\/wp\/v2\/types\/page"}],"author":[{"embeddable":true,"href":"https:\/\/wordpress.nibis.de\/gsftssol\/wp-json\/wp\/v2\/users\/1010"}],"replies":[{"embeddable":true,"href":"https:\/\/wordpress.nibis.de\/gsftssol\/wp-json\/wp\/v2\/comments?post=212"}],"version-history":[{"count":6,"href":"https:\/\/wordpress.nibis.de\/gsftssol\/wp-json\/wp\/v2\/pages\/212\/revisions"}],"predecessor-version":[{"id":1577,"href":"https:\/\/wordpress.nibis.de\/gsftssol\/wp-json\/wp\/v2\/pages\/212\/revisions\/1577"}],"wp:attachment":[{"href":"https:\/\/wordpress.nibis.de\/gsftssol\/wp-json\/wp\/v2\/media?parent=212"}],"curies":[{"name":"wp","href":"https:\/\/api.w.org\/{rel}","templated":true}]}}