{"id":215,"date":"2016-05-23T15:26:27","date_gmt":"2016-05-23T13:26:27","guid":{"rendered":"http:\/\/wordpress.nibis.de\/gsftssol\/?page_id=215"},"modified":"2023-11-13T14:24:26","modified_gmt":"2023-11-13T13:24:26","slug":"lichterfest","status":"publish","type":"page","link":"https:\/\/wordpress.nibis.de\/gsftssol\/lichterfest\/","title":{"rendered":"Lichterfest"},"content":{"rendered":"<p>Im September findet in Soltau das Lichterfest statt. Die Freudenthalschule nimmt gemeinsam mit den Kindertagesst\u00e4tten Stalmannstra\u00dfe und Wiesenstra\u00dfe daran teil.<br \/>\nJede Institution legt ihr Logo aus Teelichtern.<br \/>\nBesucherkinder k\u00f6nnen dann Br\u00fccken legen von ihrem Kindergarten zu ihrer Schule. Die Aktion wurde in der Vergangenheit sehr gut angenommen, so dass am Ende des Abends die Kindertagesst\u00e4tten durch viele Br\u00fccken mit der Freudenthalschule verbunden waren.<\/p>\n<p><img loading=\"lazy\" decoding=\"async\" class=\"aligncenter wp-image-1578 size-full\" src=\"http:\/\/wordpress.nibis.de\/gsftssol\/files\/2023\/11\/IMG_2619.jpg\" alt=\"\" width=\"320\" height=\"240\" srcset=\"https:\/\/wordpress.nibis.de\/gsftssol\/files\/2023\/11\/IMG_2619.jpg 320w, https:\/\/wordpress.nibis.de\/gsftssol\/files\/2023\/11\/IMG_2619-300x225.jpg 300w\" sizes=\"auto, (max-width: 320px) 100vw, 320px\" \/><\/p>\n","protected":false},"excerpt":{"rendered":"<p>Im September findet in Soltau das Lichterfest statt. Die Freudenthalschule nimmt gemeinsam mit den Kindertagesst\u00e4tten Stalmannstra\u00dfe und Wiesenstra\u00dfe daran teil. Jede Institution legt ihr Logo aus Teelichtern. Besucherkinder k\u00f6nnen dann Br\u00fccken legen von ihrem Kindergarten zu ihrer Schule. Die Aktion wurde in der Vergangenheit sehr gut angenommen, so dass am Ende des Abends die Kindertagesst\u00e4tten &hellip; <a href=\"https:\/\/wordpress.nibis.de\/gsftssol\/lichterfest\/\" class=\"more-link\">Weiterlesen <span class=\"screen-reader-text\">Lichterfest<\/span><\/a><\/p>\n","protected":false},"author":1010,"featured_media":0,"parent":0,"menu_order":0,"comment_status":"closed","ping_status":"closed","template":"","meta":{"footnotes":""},"class_list":["post-215","page","type-page","status-publish","hentry","without-featured-image"],"_links":{"self":[{"href":"https:\/\/wordpress.nibis.de\/gsftssol\/wp-json\/wp\/v2\/pages\/215","targetHints":{"allow":["GET"]}}],"collection":[{"href":"https:\/\/wordpress.nibis.de\/gsftssol\/wp-json\/wp\/v2\/pages"}],"about":[{"href":"https:\/\/wordpress.nibis.de\/gsftssol\/wp-json\/wp\/v2\/types\/page"}],"author":[{"embeddable":true,"href":"https:\/\/wordpress.nibis.de\/gsftssol\/wp-json\/wp\/v2\/users\/1010"}],"replies":[{"embeddable":true,"href":"https:\/\/wordpress.nibis.de\/gsftssol\/wp-json\/wp\/v2\/comments?post=215"}],"version-history":[{"count":4,"href":"https:\/\/wordpress.nibis.de\/gsftssol\/wp-json\/wp\/v2\/pages\/215\/revisions"}],"predecessor-version":[{"id":1579,"href":"https:\/\/wordpress.nibis.de\/gsftssol\/wp-json\/wp\/v2\/pages\/215\/revisions\/1579"}],"wp:attachment":[{"href":"https:\/\/wordpress.nibis.de\/gsftssol\/wp-json\/wp\/v2\/media?parent=215"}],"curies":[{"name":"wp","href":"https:\/\/api.w.org\/{rel}","templated":true}]}}