{"id":228,"date":"2016-05-23T16:12:49","date_gmt":"2016-05-23T14:12:49","guid":{"rendered":"http:\/\/wordpress.nibis.de\/gsftssol\/?page_id=228"},"modified":"2016-05-23T16:13:23","modified_gmt":"2016-05-23T14:13:23","slug":"jahreszeiten-singen","status":"publish","type":"page","link":"https:\/\/wordpress.nibis.de\/gsftssol\/jahreszeiten-singen\/","title":{"rendered":"Musikalische Veranstaltungen"},"content":{"rendered":"<p>Allj\u00e4hrlich begr\u00fc\u00dfen wir die Jahreszeiten mit Liedern und Gesang. So treffen sich alle Sch\u00fcler und Sch\u00fclerinnen in der Aula, um das Herbstsingen, Fr\u00fchlingssingen oder Adventssingen anzustimmen.<\/p>\n","protected":false},"excerpt":{"rendered":"<p>Allj\u00e4hrlich begr\u00fc\u00dfen wir die Jahreszeiten mit Liedern und Gesang. So treffen sich alle Sch\u00fcler und Sch\u00fclerinnen in der Aula, um das Herbstsingen, Fr\u00fchlingssingen oder Adventssingen anzustimmen.<\/p>\n","protected":false},"author":1010,"featured_media":0,"parent":0,"menu_order":0,"comment_status":"closed","ping_status":"closed","template":"","meta":{"footnotes":""},"class_list":["post-228","page","type-page","status-publish","hentry","without-featured-image"],"_links":{"self":[{"href":"https:\/\/wordpress.nibis.de\/gsftssol\/wp-json\/wp\/v2\/pages\/228","targetHints":{"allow":["GET"]}}],"collection":[{"href":"https:\/\/wordpress.nibis.de\/gsftssol\/wp-json\/wp\/v2\/pages"}],"about":[{"href":"https:\/\/wordpress.nibis.de\/gsftssol\/wp-json\/wp\/v2\/types\/page"}],"author":[{"embeddable":true,"href":"https:\/\/wordpress.nibis.de\/gsftssol\/wp-json\/wp\/v2\/users\/1010"}],"replies":[{"embeddable":true,"href":"https:\/\/wordpress.nibis.de\/gsftssol\/wp-json\/wp\/v2\/comments?post=228"}],"version-history":[{"count":3,"href":"https:\/\/wordpress.nibis.de\/gsftssol\/wp-json\/wp\/v2\/pages\/228\/revisions"}],"predecessor-version":[{"id":250,"href":"https:\/\/wordpress.nibis.de\/gsftssol\/wp-json\/wp\/v2\/pages\/228\/revisions\/250"}],"wp:attachment":[{"href":"https:\/\/wordpress.nibis.de\/gsftssol\/wp-json\/wp\/v2\/media?parent=228"}],"curies":[{"name":"wp","href":"https:\/\/api.w.org\/{rel}","templated":true}]}}