{"id":396,"date":"2016-05-24T15:36:02","date_gmt":"2016-05-24T13:36:02","guid":{"rendered":"http:\/\/wordpress.nibis.de\/gsftssol\/?page_id=396"},"modified":"2023-11-13T14:48:27","modified_gmt":"2023-11-13T13:48:27","slug":"musikalische-bildung","status":"publish","type":"page","link":"https:\/\/wordpress.nibis.de\/gsftssol\/musikalische-bildung\/","title":{"rendered":"Musikalische Bildung"},"content":{"rendered":"<ul>\n<li style=\"text-align: justify\">Zusatzangebot: Schulchor mit Chorauftritte innerhalb der Schule (Einschulungsfeier, Preisverleihung des Vorlesewettbewerbs) und au\u00dferhalb der Schule (Klasse wir singen, Kinderchorfestival, \u00f6ffentliche Veranstaltungen in der Stadt, CD-Produktion: Soltauer Weihnacht)<\/li>\n<li style=\"text-align: justify\">Regelm\u00e4\u00dfige gemeinsame Schulveranstaltungen: Herbstsingen, Fr\u00fchlingssingen, Adventssingen, Verabschiedung der Viertkl\u00e4ssler (Chor, Lehrerchor)<\/li>\n<li style=\"text-align: justify\">gemeinsames Singen bei anderen Schulveranstaltungen<\/li>\n<li style=\"text-align: justify\">gemeinsame Lieder<\/li>\n<li style=\"text-align: justify\">Instrumentalbeitr\u00e4ge von Sch\u00fclerInnen bei Schulveranstaltungen<\/li>\n<li style=\"text-align: justify\">Klassenfeste (Weihnachtsfeiern) mit musikalischen Beitr\u00e4gen<\/li>\n<li style=\"text-align: justify\">Besuch der Musikschullehrkr\u00e4fte im 2. Schuljahr: Vorstellen ihrer Instrumente<\/li>\n<li>Musik in allen F\u00e4cher:\n<ul>\n<li style=\"text-align: justify\">Deutsch: ABC-Lieder, Gedichte und Geschichten verklanglichen<\/li>\n<li style=\"text-align: justify\">Mathe: Mengen h\u00f6ren, Zahlenlieder, Einmaleinslieder, gr\u00f6\u00dfer-kleiner Vergleiche,<\/li>\n<li style=\"text-align: justify\">Sachunterricht: Jahreszeitenlieder, themenbezogene Lieder, Schall, Klangerzeuger<\/li>\n<li style=\"text-align: justify\">Englisch: Lieder, Rhythmicals<\/li>\n<li style=\"text-align: justify\">Sport: Tanzen, Bewegungsformen<\/li>\n<li style=\"text-align: justify\">Bewegungslieder f\u00fcr Zwischendurch<\/li>\n<\/ul>\n<\/li>\n<\/ul>\n","protected":false},"excerpt":{"rendered":"<p>Zusatzangebot: Schulchor mit Chorauftritte innerhalb der Schule (Einschulungsfeier, Preisverleihung des Vorlesewettbewerbs) und au\u00dferhalb der Schule (Klasse wir singen, Kinderchorfestival, \u00f6ffentliche Veranstaltungen in der Stadt, CD-Produktion: Soltauer Weihnacht) Regelm\u00e4\u00dfige gemeinsame Schulveranstaltungen: Herbstsingen, Fr\u00fchlingssingen, Adventssingen, Verabschiedung der Viertkl\u00e4ssler (Chor, Lehrerchor) gemeinsames Singen bei anderen Schulveranstaltungen gemeinsame Lieder Instrumentalbeitr\u00e4ge von Sch\u00fclerInnen bei Schulveranstaltungen Klassenfeste (Weihnachtsfeiern) mit musikalischen Beitr\u00e4gen &hellip; <a href=\"https:\/\/wordpress.nibis.de\/gsftssol\/musikalische-bildung\/\" class=\"more-link\">Weiterlesen <span class=\"screen-reader-text\">Musikalische Bildung<\/span><\/a><\/p>\n","protected":false},"author":1010,"featured_media":0,"parent":0,"menu_order":0,"comment_status":"closed","ping_status":"closed","template":"","meta":{"footnotes":""},"class_list":["post-396","page","type-page","status-publish","hentry","without-featured-image"],"_links":{"self":[{"href":"https:\/\/wordpress.nibis.de\/gsftssol\/wp-json\/wp\/v2\/pages\/396","targetHints":{"allow":["GET"]}}],"collection":[{"href":"https:\/\/wordpress.nibis.de\/gsftssol\/wp-json\/wp\/v2\/pages"}],"about":[{"href":"https:\/\/wordpress.nibis.de\/gsftssol\/wp-json\/wp\/v2\/types\/page"}],"author":[{"embeddable":true,"href":"https:\/\/wordpress.nibis.de\/gsftssol\/wp-json\/wp\/v2\/users\/1010"}],"replies":[{"embeddable":true,"href":"https:\/\/wordpress.nibis.de\/gsftssol\/wp-json\/wp\/v2\/comments?post=396"}],"version-history":[{"count":4,"href":"https:\/\/wordpress.nibis.de\/gsftssol\/wp-json\/wp\/v2\/pages\/396\/revisions"}],"predecessor-version":[{"id":1586,"href":"https:\/\/wordpress.nibis.de\/gsftssol\/wp-json\/wp\/v2\/pages\/396\/revisions\/1586"}],"wp:attachment":[{"href":"https:\/\/wordpress.nibis.de\/gsftssol\/wp-json\/wp\/v2\/media?parent=396"}],"curies":[{"name":"wp","href":"https:\/\/api.w.org\/{rel}","templated":true}]}}