{"id":404,"date":"2017-03-25T16:02:39","date_gmt":"2017-03-25T15:02:39","guid":{"rendered":"http:\/\/wordpress.nibis.de\/gsftssol\/?page_id=404"},"modified":"2023-11-13T14:52:17","modified_gmt":"2023-11-13T13:52:17","slug":"schuelerparlament","status":"publish","type":"page","link":"https:\/\/wordpress.nibis.de\/gsftssol\/schuelerparlament\/","title":{"rendered":"Sch\u00fclerparlament"},"content":{"rendered":"<p style=\"text-align: justify\">Das Sch\u00fclerparlament der Freudenthalschule tagt <b>regelm\u00e4\u00dfig<\/b>. Dabei geht es demokratisch zu und\u00a0 es gibt\u00a0 feste Regeln:<\/p>\n<ul style=\"text-align: justify\">\n<li><strong>Die Klassen der Jahrg\u00e4nge 2, 3 und 4 w\u00e4hlen je zwei Vertreter f\u00fcr das Sch\u00fclerparlament.<\/strong><\/li>\n<li><strong>Die Abgeordneten werden von ihren Klassen beauftragt, die Themen anzusprechen, die der Klasse wichtig sind.<\/strong><\/li>\n<\/ul>\n<p style=\"text-align: justify\"><strong>Das Sch\u00fclerparlament der Freudenthalschule besteht schon seit dem Schuljahr 2002\/2003.<\/strong><\/p>\n<p style=\"text-align: justify\">\n","protected":false},"excerpt":{"rendered":"<p>Das Sch\u00fclerparlament der Freudenthalschule tagt regelm\u00e4\u00dfig. Dabei geht es demokratisch zu und\u00a0 es gibt\u00a0 feste Regeln: Die Klassen der Jahrg\u00e4nge 2, 3 und 4 w\u00e4hlen je zwei Vertreter f\u00fcr das Sch\u00fclerparlament. Die Abgeordneten werden von ihren Klassen beauftragt, die Themen anzusprechen, die der Klasse wichtig sind. Das Sch\u00fclerparlament der Freudenthalschule besteht schon seit dem Schuljahr &hellip; <a href=\"https:\/\/wordpress.nibis.de\/gsftssol\/schuelerparlament\/\" class=\"more-link\">Weiterlesen <span class=\"screen-reader-text\">Sch\u00fclerparlament<\/span><\/a><\/p>\n","protected":false},"author":1010,"featured_media":0,"parent":0,"menu_order":0,"comment_status":"closed","ping_status":"closed","template":"","meta":{"footnotes":""},"class_list":["post-404","page","type-page","status-publish","hentry","without-featured-image"],"_links":{"self":[{"href":"https:\/\/wordpress.nibis.de\/gsftssol\/wp-json\/wp\/v2\/pages\/404","targetHints":{"allow":["GET"]}}],"collection":[{"href":"https:\/\/wordpress.nibis.de\/gsftssol\/wp-json\/wp\/v2\/pages"}],"about":[{"href":"https:\/\/wordpress.nibis.de\/gsftssol\/wp-json\/wp\/v2\/types\/page"}],"author":[{"embeddable":true,"href":"https:\/\/wordpress.nibis.de\/gsftssol\/wp-json\/wp\/v2\/users\/1010"}],"replies":[{"embeddable":true,"href":"https:\/\/wordpress.nibis.de\/gsftssol\/wp-json\/wp\/v2\/comments?post=404"}],"version-history":[{"count":6,"href":"https:\/\/wordpress.nibis.de\/gsftssol\/wp-json\/wp\/v2\/pages\/404\/revisions"}],"predecessor-version":[{"id":1590,"href":"https:\/\/wordpress.nibis.de\/gsftssol\/wp-json\/wp\/v2\/pages\/404\/revisions\/1590"}],"wp:attachment":[{"href":"https:\/\/wordpress.nibis.de\/gsftssol\/wp-json\/wp\/v2\/media?parent=404"}],"curies":[{"name":"wp","href":"https:\/\/api.w.org\/{rel}","templated":true}]}}