{"id":406,"date":"2017-02-06T16:12:06","date_gmt":"2017-02-06T15:12:06","guid":{"rendered":"http:\/\/wordpress.nibis.de\/gsftssol\/?page_id=406"},"modified":"2025-02-18T13:53:00","modified_gmt":"2025-02-18T12:53:00","slug":"zusammenarbeit-mit-den-kindertagesstaetten","status":"publish","type":"page","link":"https:\/\/wordpress.nibis.de\/gsftssol\/zusammenarbeit-mit-den-kindertagesstaetten\/","title":{"rendered":"Zusammenarbeit mit den Kindertagesst\u00e4tten"},"content":{"rendered":"<p style=\"text-align: justify\">Seit 2007 findet eine enge Zusammenarbeit mit den KiTas statt, die im Laufe der Jahre intensiviert und ausgebaut worden ist. Dazu geh\u00f6ren regelm\u00e4\u00dfige Treffen. Diese Treffen dienen dem Austausch und der gemeinsamen Planung von Angeboten innerhalb des Kooperationskalenders.<\/p>\n<p style=\"text-align: justify\">\n","protected":false},"excerpt":{"rendered":"<p>Seit 2007 findet eine enge Zusammenarbeit mit den KiTas statt, die im Laufe der Jahre intensiviert und ausgebaut worden ist. Dazu geh\u00f6ren regelm\u00e4\u00dfige Treffen. Diese Treffen dienen dem Austausch und der gemeinsamen Planung von Angeboten innerhalb des Kooperationskalenders.<\/p>\n","protected":false},"author":1010,"featured_media":0,"parent":0,"menu_order":0,"comment_status":"closed","ping_status":"closed","template":"","meta":{"footnotes":""},"class_list":["post-406","page","type-page","status-publish","hentry","without-featured-image"],"_links":{"self":[{"href":"https:\/\/wordpress.nibis.de\/gsftssol\/wp-json\/wp\/v2\/pages\/406","targetHints":{"allow":["GET"]}}],"collection":[{"href":"https:\/\/wordpress.nibis.de\/gsftssol\/wp-json\/wp\/v2\/pages"}],"about":[{"href":"https:\/\/wordpress.nibis.de\/gsftssol\/wp-json\/wp\/v2\/types\/page"}],"author":[{"embeddable":true,"href":"https:\/\/wordpress.nibis.de\/gsftssol\/wp-json\/wp\/v2\/users\/1010"}],"replies":[{"embeddable":true,"href":"https:\/\/wordpress.nibis.de\/gsftssol\/wp-json\/wp\/v2\/comments?post=406"}],"version-history":[{"count":6,"href":"https:\/\/wordpress.nibis.de\/gsftssol\/wp-json\/wp\/v2\/pages\/406\/revisions"}],"predecessor-version":[{"id":1625,"href":"https:\/\/wordpress.nibis.de\/gsftssol\/wp-json\/wp\/v2\/pages\/406\/revisions\/1625"}],"wp:attachment":[{"href":"https:\/\/wordpress.nibis.de\/gsftssol\/wp-json\/wp\/v2\/media?parent=406"}],"curies":[{"name":"wp","href":"https:\/\/api.w.org\/{rel}","templated":true}]}}