{"id":414,"date":"2016-05-24T11:52:30","date_gmt":"2016-05-24T09:52:30","guid":{"rendered":"http:\/\/wordpress.nibis.de\/gsftssol\/?page_id=414"},"modified":"2025-02-23T06:29:05","modified_gmt":"2025-02-23T05:29:05","slug":"besuch-in-der-bibliothek-waldmuehle","status":"publish","type":"page","link":"https:\/\/wordpress.nibis.de\/gsftssol\/besuch-in-der-bibliothek-waldmuehle\/","title":{"rendered":"Besuch in der &#8222;Bibliothek Waldm\u00fchle&#8220;"},"content":{"rendered":"<p>Gern besuchen die Klassen der Freudenthalschule die &#8222;Bibliothek Waldm\u00fchle&#8220;. Bei ihrem ersten Besuchen wird ihnen ein Bilderbuchkino pr\u00e4sentiert. Anschlie\u00dfend\u00a0 st\u00f6bern die Sch\u00fcler durch die B\u00fccherregale und entdecken spannende B\u00fccher oder kurzweilige Spiele. Bei der Suche werden die Sch\u00fcler kundig von einer Mitarbeiterin unterst\u00fctzt. Jedes Kind sucht sich ein Buch aus, das zum Lesen im Klassenzimmer f\u00fcr einen Monat ausgeliehen wird. Auf diese Weise werden sie ermuntert auch mit ihrer eigenen Lesekarte bei einem privaten Besuch, B\u00fccher f\u00fcr den Gebrauch zu Hause auszuleihen.<\/p>\n\n\n<figure class=\"wp-block-gallery aligncenter has-nested-images columns-default is-cropped wp-block-gallery-1 is-layout-flex wp-block-gallery-is-layout-flex\"><\/figure>\n","protected":false},"excerpt":{"rendered":"<p>Gern besuchen die Klassen der Freudenthalschule die &#8222;Bibliothek Waldm\u00fchle&#8220;. Bei ihrem ersten Besuchen wird ihnen ein Bilderbuchkino pr\u00e4sentiert. Anschlie\u00dfend\u00a0 st\u00f6bern die Sch\u00fcler durch die B\u00fccherregale und entdecken spannende B\u00fccher oder kurzweilige Spiele. Bei der Suche werden die Sch\u00fcler kundig von einer Mitarbeiterin unterst\u00fctzt. Jedes Kind sucht sich ein Buch aus, das zum Lesen im Klassenzimmer &hellip; <a href=\"https:\/\/wordpress.nibis.de\/gsftssol\/besuch-in-der-bibliothek-waldmuehle\/\" class=\"more-link\">Weiterlesen <span class=\"screen-reader-text\">Besuch in der &#8222;Bibliothek Waldm\u00fchle&#8220;<\/span><\/a><\/p>\n","protected":false},"author":1010,"featured_media":0,"parent":0,"menu_order":0,"comment_status":"closed","ping_status":"closed","template":"","meta":{"footnotes":""},"class_list":["post-414","page","type-page","status-publish","hentry","without-featured-image"],"_links":{"self":[{"href":"https:\/\/wordpress.nibis.de\/gsftssol\/wp-json\/wp\/v2\/pages\/414","targetHints":{"allow":["GET"]}}],"collection":[{"href":"https:\/\/wordpress.nibis.de\/gsftssol\/wp-json\/wp\/v2\/pages"}],"about":[{"href":"https:\/\/wordpress.nibis.de\/gsftssol\/wp-json\/wp\/v2\/types\/page"}],"author":[{"embeddable":true,"href":"https:\/\/wordpress.nibis.de\/gsftssol\/wp-json\/wp\/v2\/users\/1010"}],"replies":[{"embeddable":true,"href":"https:\/\/wordpress.nibis.de\/gsftssol\/wp-json\/wp\/v2\/comments?post=414"}],"version-history":[{"count":5,"href":"https:\/\/wordpress.nibis.de\/gsftssol\/wp-json\/wp\/v2\/pages\/414\/revisions"}],"predecessor-version":[{"id":1660,"href":"https:\/\/wordpress.nibis.de\/gsftssol\/wp-json\/wp\/v2\/pages\/414\/revisions\/1660"}],"wp:attachment":[{"href":"https:\/\/wordpress.nibis.de\/gsftssol\/wp-json\/wp\/v2\/media?parent=414"}],"curies":[{"name":"wp","href":"https:\/\/api.w.org\/{rel}","templated":true}]}}