{"id":467,"date":"2016-05-24T12:25:49","date_gmt":"2016-05-24T10:25:49","guid":{"rendered":"http:\/\/wordpress.nibis.de\/gsftssol\/?page_id=467"},"modified":"2020-06-11T09:55:32","modified_gmt":"2020-06-11T07:55:32","slug":"netz-dschungel","status":"publish","type":"page","link":"https:\/\/wordpress.nibis.de\/gsftssol\/netz-dschungel\/","title":{"rendered":"&#8222;Netz-Dschungel&#8220;"},"content":{"rendered":"<p>Die 3. und 4. Klassen der Freudenthalschule hatten Anfang September 2013 die <strong>Pr\u00e4ventionspuppenb\u00fchne der Polizeidirektion L\u00fcneburg<\/strong> zu Gast. Wir sind stolz darauf, dass unsere Schule als eine der ersten das neue Programm sehen durften.<\/p>\n<p>Die Veranstaltung begann mit einem Elternabend. Das St\u00fcck wurde den Eltern vorgestellt und das Thema diskutiert und Fragen beantwortet.<\/p>\n<p><strong>\u201eNetz-Dschungel\u201c behandelt das Thema Medienkompetenz.<\/strong><br \/>Mit dem 10-j\u00e4hrigen Tobias gehen die Zuschauer\u00a0 auf eine Reise durch das weltweite Netz und besuchen viele lustige Tiere auf allen Kontinenten.<br \/>Erst ganz langsam merken die Kinder, wie unbedarft Tobias Freundschaft schlie\u00dft und pers\u00f6nliche Daten von sich preisgibt.<br \/>Aber am Ende kann er sich auf die Hilfe seiner Mutter und seines besten Freundes verlassen.<\/p>\n<p>Nach der Auff\u00fchrung fand in den Klassen eine Nachbearbeitung mit den Polizisten statt.<\/p>\n<p>Jetzt erinnert in den Klassenr\u00e4umen ein Plakat daran, wie man sicherer durch den Netz-Dschungel kommt.<\/p>\n\n\n<ul class=\"wp-block-gallery columns-3 is-cropped wp-block-gallery-1 is-layout-flex wp-block-gallery-is-layout-flex\"><li class=\"blocks-gallery-item\"><figure><img loading=\"lazy\" decoding=\"async\" width=\"600\" height=\"416\" src=\"http:\/\/wordpress.nibis.de\/gsftssol\/files\/2016\/05\/Puppenbuehne.jpg\" alt=\"\" data-id=\"469\" data-link=\"http:\/\/wordpress.nibis.de\/gsftssol\/netz-dschungel\/puppenbuehne\/#main\" class=\"wp-image-469\" srcset=\"https:\/\/wordpress.nibis.de\/gsftssol\/files\/2016\/05\/Puppenbuehne.jpg 600w, https:\/\/wordpress.nibis.de\/gsftssol\/files\/2016\/05\/Puppenbuehne-300x208.jpg 300w, https:\/\/wordpress.nibis.de\/gsftssol\/files\/2016\/05\/Puppenbuehne-433x300.jpg 433w\" sizes=\"auto, (max-width: 600px) 100vw, 600px\" \/><\/figure><\/li><li class=\"blocks-gallery-item\"><figure><img loading=\"lazy\" decoding=\"async\" width=\"600\" height=\"399\" src=\"http:\/\/wordpress.nibis.de\/gsftssol\/files\/2016\/05\/Puppenbuehne_1.jpg\" alt=\"\" data-id=\"470\" data-link=\"http:\/\/wordpress.nibis.de\/gsftssol\/netz-dschungel\/puppenbuehne_1\/#main\" class=\"wp-image-470\" srcset=\"https:\/\/wordpress.nibis.de\/gsftssol\/files\/2016\/05\/Puppenbuehne_1.jpg 600w, https:\/\/wordpress.nibis.de\/gsftssol\/files\/2016\/05\/Puppenbuehne_1-300x200.jpg 300w, https:\/\/wordpress.nibis.de\/gsftssol\/files\/2016\/05\/Puppenbuehne_1-451x300.jpg 451w\" sizes=\"auto, (max-width: 600px) 100vw, 600px\" \/><\/figure><\/li><li class=\"blocks-gallery-item\"><figure><img loading=\"lazy\" decoding=\"async\" width=\"600\" height=\"399\" src=\"http:\/\/wordpress.nibis.de\/gsftssol\/files\/2016\/05\/Puppenbuehne_6.jpg\" alt=\"\" data-id=\"475\" data-link=\"http:\/\/wordpress.nibis.de\/gsftssol\/netz-dschungel\/puppenbuehne_6\/#main\" class=\"wp-image-475\" srcset=\"https:\/\/wordpress.nibis.de\/gsftssol\/files\/2016\/05\/Puppenbuehne_6.jpg 600w, https:\/\/wordpress.nibis.de\/gsftssol\/files\/2016\/05\/Puppenbuehne_6-300x200.jpg 300w, https:\/\/wordpress.nibis.de\/gsftssol\/files\/2016\/05\/Puppenbuehne_6-451x300.jpg 451w\" sizes=\"auto, (max-width: 600px) 100vw, 600px\" \/><\/figure><\/li><li class=\"blocks-gallery-item\"><figure><img loading=\"lazy\" decoding=\"async\" width=\"600\" height=\"399\" src=\"http:\/\/wordpress.nibis.de\/gsftssol\/files\/2016\/05\/Puppenbuehne_5.jpg\" alt=\"\" data-id=\"474\" data-link=\"http:\/\/wordpress.nibis.de\/gsftssol\/netz-dschungel\/puppenbuehne_5\/#main\" class=\"wp-image-474\" srcset=\"https:\/\/wordpress.nibis.de\/gsftssol\/files\/2016\/05\/Puppenbuehne_5.jpg 600w, https:\/\/wordpress.nibis.de\/gsftssol\/files\/2016\/05\/Puppenbuehne_5-300x200.jpg 300w, https:\/\/wordpress.nibis.de\/gsftssol\/files\/2016\/05\/Puppenbuehne_5-451x300.jpg 451w\" sizes=\"auto, (max-width: 600px) 100vw, 600px\" \/><\/figure><\/li><li class=\"blocks-gallery-item\"><figure><img loading=\"lazy\" decoding=\"async\" width=\"600\" height=\"399\" src=\"http:\/\/wordpress.nibis.de\/gsftssol\/files\/2016\/05\/Puppenbuehne_4.jpg\" alt=\"\" data-id=\"473\" data-link=\"http:\/\/wordpress.nibis.de\/gsftssol\/netz-dschungel\/puppenbuehne_4\/#main\" class=\"wp-image-473\" srcset=\"https:\/\/wordpress.nibis.de\/gsftssol\/files\/2016\/05\/Puppenbuehne_4.jpg 600w, https:\/\/wordpress.nibis.de\/gsftssol\/files\/2016\/05\/Puppenbuehne_4-300x200.jpg 300w, https:\/\/wordpress.nibis.de\/gsftssol\/files\/2016\/05\/Puppenbuehne_4-451x300.jpg 451w\" sizes=\"auto, (max-width: 600px) 100vw, 600px\" \/><\/figure><\/li><li class=\"blocks-gallery-item\"><figure><img loading=\"lazy\" decoding=\"async\" width=\"600\" height=\"399\" src=\"http:\/\/wordpress.nibis.de\/gsftssol\/files\/2016\/05\/Puppenbuehne_3.jpg\" alt=\"\" data-id=\"472\" data-link=\"http:\/\/wordpress.nibis.de\/gsftssol\/netz-dschungel\/puppenbuehne_3\/#main\" class=\"wp-image-472\" srcset=\"https:\/\/wordpress.nibis.de\/gsftssol\/files\/2016\/05\/Puppenbuehne_3.jpg 600w, https:\/\/wordpress.nibis.de\/gsftssol\/files\/2016\/05\/Puppenbuehne_3-300x200.jpg 300w, https:\/\/wordpress.nibis.de\/gsftssol\/files\/2016\/05\/Puppenbuehne_3-451x300.jpg 451w\" sizes=\"auto, (max-width: 600px) 100vw, 600px\" \/><\/figure><\/li><\/ul>\n","protected":false},"excerpt":{"rendered":"<p>Die 3. und 4. Klassen der Freudenthalschule hatten Anfang September 2013 die Pr\u00e4ventionspuppenb\u00fchne der Polizeidirektion L\u00fcneburg zu Gast. Wir sind stolz darauf, dass unsere Schule als eine der ersten das neue Programm sehen durften. Die Veranstaltung begann mit einem Elternabend. Das St\u00fcck wurde den Eltern vorgestellt und das Thema diskutiert und Fragen beantwortet. \u201eNetz-Dschungel\u201c behandelt &hellip; <a href=\"https:\/\/wordpress.nibis.de\/gsftssol\/netz-dschungel\/\" class=\"more-link\">Weiterlesen <span class=\"screen-reader-text\">&#8222;Netz-Dschungel&#8220;<\/span><\/a><\/p>\n","protected":false},"author":1010,"featured_media":0,"parent":0,"menu_order":0,"comment_status":"closed","ping_status":"closed","template":"","meta":{"footnotes":""},"class_list":["post-467","page","type-page","status-publish","hentry","without-featured-image"],"_links":{"self":[{"href":"https:\/\/wordpress.nibis.de\/gsftssol\/wp-json\/wp\/v2\/pages\/467","targetHints":{"allow":["GET"]}}],"collection":[{"href":"https:\/\/wordpress.nibis.de\/gsftssol\/wp-json\/wp\/v2\/pages"}],"about":[{"href":"https:\/\/wordpress.nibis.de\/gsftssol\/wp-json\/wp\/v2\/types\/page"}],"author":[{"embeddable":true,"href":"https:\/\/wordpress.nibis.de\/gsftssol\/wp-json\/wp\/v2\/users\/1010"}],"replies":[{"embeddable":true,"href":"https:\/\/wordpress.nibis.de\/gsftssol\/wp-json\/wp\/v2\/comments?post=467"}],"version-history":[{"count":3,"href":"https:\/\/wordpress.nibis.de\/gsftssol\/wp-json\/wp\/v2\/pages\/467\/revisions"}],"predecessor-version":[{"id":1094,"href":"https:\/\/wordpress.nibis.de\/gsftssol\/wp-json\/wp\/v2\/pages\/467\/revisions\/1094"}],"wp:attachment":[{"href":"https:\/\/wordpress.nibis.de\/gsftssol\/wp-json\/wp\/v2\/media?parent=467"}],"curies":[{"name":"wp","href":"https:\/\/api.w.org\/{rel}","templated":true}]}}