{"id":485,"date":"2016-05-24T12:38:15","date_gmt":"2016-05-24T10:38:15","guid":{"rendered":"http:\/\/wordpress.nibis.de\/gsftssol\/?page_id=485"},"modified":"2025-02-23T06:13:34","modified_gmt":"2025-02-23T05:13:34","slug":"unser-beratungskonzept","status":"publish","type":"page","link":"https:\/\/wordpress.nibis.de\/gsftssol\/unser-beratungskonzept\/","title":{"rendered":"Unser Kommunikationskonzept"},"content":{"rendered":"<p style=\"text-align: justify\">Ein Grundpfeiler der vertrauensvollen Zusammenarbeit ist die gegenseitge Achtung, deshalb handeln wir getreu dem r\u00f6mischen Sprichwort: \u201eBevor man sich mit jemanden auseinandersetzt, sollte man sich mit ihm zusammensetzen.\u201c<br \/>\nGegenseitge Akzeptanz und Wertsch\u00e4tzung sind grundlegend. Wir gehen mit den Kindern und<br \/>\nErwachsenen respektvoll um, gleiches setzen wir bei den Sch\u00fclerinnen und Sch\u00fclern sowie deren Eltern voraus, einen respektvollen und angemessenen Umgangston.<\/p>\n<p>Mehr Informationen finden Sie hier:<\/p>\n<p><a href=\"http:\/\/wordpress.nibis.de\/gsftssol\/files\/2025\/02\/Kommunikationskonzept.pdf\">Kommunikationskonzept der Freudenthalschule<\/a><\/p>\n<p>Zum Betrachten der Datei ben\u00f6tigen Sie den &#8222;Acrobat Reader&#8220;.<br \/>\nKostenloser Download: <a href=\"http:\/\/www.adobe.de\/products\/acrobat\/readstep2.html\" target=\"_blank\" rel=\"noopener noreferrer\">http:\/\/www.adobe.de\/products\/acrobat\/readstep2.html<\/a><\/p>\n","protected":false},"excerpt":{"rendered":"<p>Ein Grundpfeiler der vertrauensvollen Zusammenarbeit ist die gegenseitge Achtung, deshalb handeln wir getreu dem r\u00f6mischen Sprichwort: \u201eBevor man sich mit jemanden auseinandersetzt, sollte man sich mit ihm zusammensetzen.\u201c Gegenseitge Akzeptanz und Wertsch\u00e4tzung sind grundlegend. Wir gehen mit den Kindern und Erwachsenen respektvoll um, gleiches setzen wir bei den Sch\u00fclerinnen und Sch\u00fclern sowie deren Eltern voraus, &hellip; <a href=\"https:\/\/wordpress.nibis.de\/gsftssol\/unser-beratungskonzept\/\" class=\"more-link\">Weiterlesen <span class=\"screen-reader-text\">Unser Kommunikationskonzept<\/span><\/a><\/p>\n","protected":false},"author":1010,"featured_media":999,"parent":0,"menu_order":0,"comment_status":"closed","ping_status":"closed","template":"","meta":{"footnotes":""},"class_list":["post-485","page","type-page","status-publish","has-post-thumbnail","hentry","with-featured-image"],"_links":{"self":[{"href":"https:\/\/wordpress.nibis.de\/gsftssol\/wp-json\/wp\/v2\/pages\/485","targetHints":{"allow":["GET"]}}],"collection":[{"href":"https:\/\/wordpress.nibis.de\/gsftssol\/wp-json\/wp\/v2\/pages"}],"about":[{"href":"https:\/\/wordpress.nibis.de\/gsftssol\/wp-json\/wp\/v2\/types\/page"}],"author":[{"embeddable":true,"href":"https:\/\/wordpress.nibis.de\/gsftssol\/wp-json\/wp\/v2\/users\/1010"}],"replies":[{"embeddable":true,"href":"https:\/\/wordpress.nibis.de\/gsftssol\/wp-json\/wp\/v2\/comments?post=485"}],"version-history":[{"count":6,"href":"https:\/\/wordpress.nibis.de\/gsftssol\/wp-json\/wp\/v2\/pages\/485\/revisions"}],"predecessor-version":[{"id":1648,"href":"https:\/\/wordpress.nibis.de\/gsftssol\/wp-json\/wp\/v2\/pages\/485\/revisions\/1648"}],"wp:featuredmedia":[{"embeddable":true,"href":"https:\/\/wordpress.nibis.de\/gsftssol\/wp-json\/wp\/v2\/media\/999"}],"wp:attachment":[{"href":"https:\/\/wordpress.nibis.de\/gsftssol\/wp-json\/wp\/v2\/media?parent=485"}],"curies":[{"name":"wp","href":"https:\/\/api.w.org\/{rel}","templated":true}]}}