{"id":545,"date":"2016-05-24T15:03:41","date_gmt":"2016-05-24T13:03:41","guid":{"rendered":"http:\/\/wordpress.nibis.de\/gsftssol\/?page_id=545"},"modified":"2016-05-24T15:03:41","modified_gmt":"2016-05-24T13:03:41","slug":"englisch","status":"publish","type":"page","link":"https:\/\/wordpress.nibis.de\/gsftssol\/englisch\/","title":{"rendered":"Englisch"},"content":{"rendered":"<p>Der Englischunterricht in der Grundschule basiert auf den Kompetenzen H\u00f6r-\/ und H\u00f6rsehverstehen, Sprechen, Lesen, Schreiben und Sprachmittlung. Im 3. Schuljahr bekommen die Sch\u00fcler und Sch\u00fclerinnen noch keine Noten. Hier steht das \u00dcberwinden von Sprachhemmungen und der Spa\u00df an der Fremdsprache im Mittelpunkt. Ab Klasse 4 werden im Fach Englisch Noten erteilt, die gr\u00f6\u00dftenteils auf dem H\u00f6r-\/ und H\u00f6rsehverstehen basieren, gefolgt von der Kompetenz Sprechen. Das Kerncurriculum weist der Kompetent Schreiben eine untergeordnete Funktion zu. Sie darf im Englischunterricht der Grundschule nicht bewertet werden.<\/p>\n<p><a href=\"http:\/\/wordpress.nibis.de\/gsftssol\/files\/2016\/05\/Englisch_Wortschatz_Klasse_3.pdf\">Englisch_Wortschatz_Klasse_3<\/a><\/p>\n<p><a href=\"http:\/\/wordpress.nibis.de\/gsftssol\/files\/2016\/05\/Englisch_Wortschatz_Klasse_4.pdf\">Englisch_Wortschatz_Klasse_4<\/a><\/p>\n","protected":false},"excerpt":{"rendered":"<p>Der Englischunterricht in der Grundschule basiert auf den Kompetenzen H\u00f6r-\/ und H\u00f6rsehverstehen, Sprechen, Lesen, Schreiben und Sprachmittlung. Im 3. Schuljahr bekommen die Sch\u00fcler und Sch\u00fclerinnen noch keine Noten. Hier steht das \u00dcberwinden von Sprachhemmungen und der Spa\u00df an der Fremdsprache im Mittelpunkt. Ab Klasse 4 werden im Fach Englisch Noten erteilt, die gr\u00f6\u00dftenteils auf dem &hellip; <a href=\"https:\/\/wordpress.nibis.de\/gsftssol\/englisch\/\" class=\"more-link\">Weiterlesen <span class=\"screen-reader-text\">Englisch<\/span><\/a><\/p>\n","protected":false},"author":1010,"featured_media":0,"parent":0,"menu_order":0,"comment_status":"closed","ping_status":"closed","template":"","meta":{"footnotes":""},"class_list":["post-545","page","type-page","status-publish","hentry","without-featured-image"],"_links":{"self":[{"href":"https:\/\/wordpress.nibis.de\/gsftssol\/wp-json\/wp\/v2\/pages\/545","targetHints":{"allow":["GET"]}}],"collection":[{"href":"https:\/\/wordpress.nibis.de\/gsftssol\/wp-json\/wp\/v2\/pages"}],"about":[{"href":"https:\/\/wordpress.nibis.de\/gsftssol\/wp-json\/wp\/v2\/types\/page"}],"author":[{"embeddable":true,"href":"https:\/\/wordpress.nibis.de\/gsftssol\/wp-json\/wp\/v2\/users\/1010"}],"replies":[{"embeddable":true,"href":"https:\/\/wordpress.nibis.de\/gsftssol\/wp-json\/wp\/v2\/comments?post=545"}],"version-history":[{"count":1,"href":"https:\/\/wordpress.nibis.de\/gsftssol\/wp-json\/wp\/v2\/pages\/545\/revisions"}],"predecessor-version":[{"id":562,"href":"https:\/\/wordpress.nibis.de\/gsftssol\/wp-json\/wp\/v2\/pages\/545\/revisions\/562"}],"wp:attachment":[{"href":"https:\/\/wordpress.nibis.de\/gsftssol\/wp-json\/wp\/v2\/media?parent=545"}],"curies":[{"name":"wp","href":"https:\/\/api.w.org\/{rel}","templated":true}]}}