{"id":57,"date":"2016-05-23T11:41:29","date_gmt":"2016-05-23T09:41:29","guid":{"rendered":"http:\/\/wordpress.nibis.de\/gsftssol\/?page_id=57"},"modified":"2025-02-23T06:05:00","modified_gmt":"2025-02-23T05:05:00","slug":"schule","status":"publish","type":"page","link":"https:\/\/wordpress.nibis.de\/gsftssol\/schule\/","title":{"rendered":"Die Besonderheiten unserer  Schule"},"content":{"rendered":"\n<p><strong><em>Unsere Freudenthalschule hat f\u00fcr die kleinen Sch\u00fclerinnen und Sch\u00fcler viele Besonderheiten zu bieten.<\/em><\/strong><\/p>\n\n\n<p>Schauen Sie sich in Ruhe um, indem Sie auf die \u00dcberschriften klicken.<\/p>\n<p><strong><a href=\"http:\/\/wordpress.nibis.de\/gsftssol\/?page_id=368&amp;preview=true\">Verl\u00e4ssliche Grundschule<\/a><br \/><\/strong><\/p>\n<p><a href=\"http:\/\/wordpress.nibis.de\/gsftssol\/begabtenfoerderung-am-nachmittag\/\"><strong>Begabtenf\u00f6rderung<\/strong><\/a><\/p>\n<p><a href=\"http:\/\/wordpress.nibis.de\/gsftssol\/lese-insel\/\"><strong>Lese-Insel<\/strong><\/a><\/p>\n<p><strong><a href=\"http:\/\/wordpress.nibis.de\/gsftssol\/?page_id=390&amp;preview=true\">F\u00f6rderkonzept<\/a><\/strong><\/p>\n<p><strong><a href=\"http:\/\/wordpress.nibis.de\/gsftssol\/?page_id=392&amp;preview=true\">Intensives Methodentraining<\/a><\/strong><\/p>\n<p><strong><a href=\"http:\/\/wordpress.nibis.de\/gsftssol\/?page_id=396&amp;preview=true\">Musikalische Bildung<\/a><\/strong><\/p>\n<p><strong><a href=\"http:\/\/wordpress.nibis.de\/gsftssol\/?page_id=404&amp;preview=true\">Sch\u00fclerparlament<\/a><\/strong><\/p>\n<p><strong><a href=\"http:\/\/wordpress.nibis.de\/gsftssol\/?page_id=406&amp;preview=true\">Zusammenarbeit mit den Kindertagesst\u00e4tten<\/a><\/strong><\/p>\n<p><strong><a href=\"http:\/\/www.foerderverein-freudenthalschule.de\/\">Sehr aktiver F\u00f6rderverein<\/a><\/strong><\/p>\n<div class=\"kleinerPfeil\"><map id=\"kleinerPfeil\" name=\"kleinerPfeil\"> \n<area coords=\"11, 32, 11, 19, 7, 20, 18, 3, 27, 20, 23, 20, 22, 31\" shape=\"polygon\" href=\"http:\/\/www.freudenthalschule-soltau.de\/SchuleWirueberuns.html#oben\" \/>\n <\/map><\/div>","protected":false},"excerpt":{"rendered":"<p>Unsere Freudenthalschule hat f\u00fcr die kleinen Sch\u00fclerinnen und Sch\u00fcler viele Besonderheiten zu bieten. Schauen Sie sich in Ruhe um, indem Sie auf die \u00dcberschriften klicken. Verl\u00e4ssliche Grundschule Begabtenf\u00f6rderung Lese-Insel F\u00f6rderkonzept Intensives Methodentraining Musikalische Bildung Sch\u00fclerparlament Zusammenarbeit mit den Kindertagesst\u00e4tten Sehr aktiver F\u00f6rderverein<\/p>\n","protected":false},"author":1010,"featured_media":930,"parent":0,"menu_order":0,"comment_status":"closed","ping_status":"closed","template":"","meta":{"footnotes":""},"class_list":["post-57","page","type-page","status-publish","has-post-thumbnail","hentry","with-featured-image"],"_links":{"self":[{"href":"https:\/\/wordpress.nibis.de\/gsftssol\/wp-json\/wp\/v2\/pages\/57","targetHints":{"allow":["GET"]}}],"collection":[{"href":"https:\/\/wordpress.nibis.de\/gsftssol\/wp-json\/wp\/v2\/pages"}],"about":[{"href":"https:\/\/wordpress.nibis.de\/gsftssol\/wp-json\/wp\/v2\/types\/page"}],"author":[{"embeddable":true,"href":"https:\/\/wordpress.nibis.de\/gsftssol\/wp-json\/wp\/v2\/users\/1010"}],"replies":[{"embeddable":true,"href":"https:\/\/wordpress.nibis.de\/gsftssol\/wp-json\/wp\/v2\/comments?post=57"}],"version-history":[{"count":64,"href":"https:\/\/wordpress.nibis.de\/gsftssol\/wp-json\/wp\/v2\/pages\/57\/revisions"}],"predecessor-version":[{"id":1644,"href":"https:\/\/wordpress.nibis.de\/gsftssol\/wp-json\/wp\/v2\/pages\/57\/revisions\/1644"}],"wp:featuredmedia":[{"embeddable":true,"href":"https:\/\/wordpress.nibis.de\/gsftssol\/wp-json\/wp\/v2\/media\/930"}],"wp:attachment":[{"href":"https:\/\/wordpress.nibis.de\/gsftssol\/wp-json\/wp\/v2\/media?parent=57"}],"curies":[{"name":"wp","href":"https:\/\/api.w.org\/{rel}","templated":true}]}}