{"id":574,"date":"2016-05-24T15:09:56","date_gmt":"2016-05-24T13:09:56","guid":{"rendered":"http:\/\/wordpress.nibis.de\/gsftssol\/?page_id=574"},"modified":"2016-05-24T16:09:36","modified_gmt":"2016-05-24T14:09:36","slug":"sachunterricht","status":"publish","type":"page","link":"https:\/\/wordpress.nibis.de\/gsftssol\/sachunterricht\/","title":{"rendered":"Sachunterricht"},"content":{"rendered":"<p>Die Freudenthalschule hat sich im Fach Sachunterricht auf kein verbindliches Lehrwerk festgelegt.<\/p>\n<p>Im 3. Schuljahr besch\u00e4ftigen sich die Sch\u00fclerinnen und Sch\u00fcler im Sachunterricht mit der Kartoffel. In diesem Zusammenhang gestalten die Landfrauen allj\u00e4hrlich einen &#8222;Kartoffeltag&#8220;, an dem die Kinder mehr \u00fcber die tollen Knolle und ihre Verarbeitung zu leckeren Gerichten erfahren.<\/p>\n<p>Mehr zum &#8222;Kartoffeltag&#8220; finden Sie unter diesem Link: <a href=\"http:\/\/wordpress.nibis.de\/gsftssol\/kartoffeltag-mit-den-landfrauen\/\">Kartoffeltag der Landfrauen<\/a><\/p>\n<p>Mehr zum Mobilit\u00e4tst\u00e4g finden Sie unter diesem Link: Mobilit\u00e4tstag<\/p>\n<p>&nbsp;<\/p>\n","protected":false},"excerpt":{"rendered":"<p>Die Freudenthalschule hat sich im Fach Sachunterricht auf kein verbindliches Lehrwerk festgelegt. Im 3. Schuljahr besch\u00e4ftigen sich die Sch\u00fclerinnen und Sch\u00fcler im Sachunterricht mit der Kartoffel. In diesem Zusammenhang gestalten die Landfrauen allj\u00e4hrlich einen &#8222;Kartoffeltag&#8220;, an dem die Kinder mehr \u00fcber die tollen Knolle und ihre Verarbeitung zu leckeren Gerichten erfahren. Mehr zum &#8222;Kartoffeltag&#8220; finden &hellip; <a href=\"https:\/\/wordpress.nibis.de\/gsftssol\/sachunterricht\/\" class=\"more-link\">Weiterlesen <span class=\"screen-reader-text\">Sachunterricht<\/span><\/a><\/p>\n","protected":false},"author":1010,"featured_media":0,"parent":0,"menu_order":0,"comment_status":"closed","ping_status":"closed","template":"","meta":{"footnotes":""},"class_list":["post-574","page","type-page","status-publish","hentry","without-featured-image"],"_links":{"self":[{"href":"https:\/\/wordpress.nibis.de\/gsftssol\/wp-json\/wp\/v2\/pages\/574","targetHints":{"allow":["GET"]}}],"collection":[{"href":"https:\/\/wordpress.nibis.de\/gsftssol\/wp-json\/wp\/v2\/pages"}],"about":[{"href":"https:\/\/wordpress.nibis.de\/gsftssol\/wp-json\/wp\/v2\/types\/page"}],"author":[{"embeddable":true,"href":"https:\/\/wordpress.nibis.de\/gsftssol\/wp-json\/wp\/v2\/users\/1010"}],"replies":[{"embeddable":true,"href":"https:\/\/wordpress.nibis.de\/gsftssol\/wp-json\/wp\/v2\/comments?post=574"}],"version-history":[{"count":8,"href":"https:\/\/wordpress.nibis.de\/gsftssol\/wp-json\/wp\/v2\/pages\/574\/revisions"}],"predecessor-version":[{"id":651,"href":"https:\/\/wordpress.nibis.de\/gsftssol\/wp-json\/wp\/v2\/pages\/574\/revisions\/651"}],"wp:attachment":[{"href":"https:\/\/wordpress.nibis.de\/gsftssol\/wp-json\/wp\/v2\/media?parent=574"}],"curies":[{"name":"wp","href":"https:\/\/api.w.org\/{rel}","templated":true}]}}