{"id":579,"date":"2016-05-24T15:13:21","date_gmt":"2016-05-24T13:13:21","guid":{"rendered":"http:\/\/wordpress.nibis.de\/gsftssol\/?page_id=579"},"modified":"2016-05-24T15:21:39","modified_gmt":"2016-05-24T13:21:39","slug":"fuer-kinder","status":"publish","type":"page","link":"https:\/\/wordpress.nibis.de\/gsftssol\/fuer-kinder\/","title":{"rendered":"F\u00fcr Kinder"},"content":{"rendered":"<p><span style=\"color: #ff0000\">Achtung:<\/span><br \/>\nWenn du auf einen dieser Links klickst, verl\u00e4sst du die Homepage der Freudenthalschule Soltau!<\/p>\n<table>\n<tbody>\n<tr>\n<td class=\"links\"><a href=\"http:\/\/www.fragfinn.de\/\" target=\"_blank\">fragFINN.de<\/a><\/td>\n<td>fragFINN.de &#8211; Suchmaschine f\u00fcr Kinder<\/td>\n<\/tr>\n<tr>\n<td class=\"links\"><a href=\"http:\/\/www.blinde-kuh.de\/\" target=\"_blank\">Blinde Kuh<\/a><\/td>\n<td>Blinde Kuh &#8211; Suchmaschine f\u00fcr Kinder<\/td>\n<\/tr>\n<tr>\n<td class=\"links\"><a href=\"http:\/\/www.helles-koepfchen.de\/\" target=\"_blank\">helles-koepfchen.de<\/a><\/td>\n<td>Helles-Koepfchen.de &#8211; Suchmaschine f\u00fcr Kinder und Jugendliche<\/td>\n<\/tr>\n<tr>\n<td class=\"links\"><a href=\"http:\/\/www.kindercampus.de\/clikks\/\" target=\"_blank\">CLICKS<\/a><\/td>\n<td>Die Suchmaschine f\u00fcr Kinder von KinderCampus.de<\/td>\n<\/tr>\n<tr>\n<td class=\"links\"><a href=\"http:\/\/www.duden.de\/\" target=\"_blank\">Duden<\/a><\/td>\n<td>Das Standardwerk zur deutschen Sprache<\/td>\n<\/tr>\n<tr>\n<td class=\"links\"><a href=\"http:\/\/www.gut1.de\/\" target=\"_blank\">Rechtschreibprogramm<br \/>\nGUT 1<\/a><\/td>\n<td>Das Rechtschreibprogramm mit besten Bewertungen<\/td>\n<\/tr>\n<tr>\n<td class=\"links\"><a href=\"http:\/\/dict.leo.org\/\" target=\"_blank\">Leo<\/a><\/td>\n<td>Deutsch-Englisches W\u00f6rterbuch<\/td>\n<\/tr>\n<tr>\n<td class=\"links\"><a href=\"http:\/\/de.wikipedia.org\/\" target=\"_blank\">Wikipedia<\/a><\/td>\n<td>Die freie Enzyklop\u00e4die<\/td>\n<\/tr>\n<tr>\n<td class=\"links\"><a href=\"http:\/\/de.statista.com\" target=\"_blank\">Statista<\/a><\/td>\n<td>Statista &#8212; das Statistik-Portal<\/td>\n<\/tr>\n<tr>\n<td class=\"links\"><a href=\"http:\/\/www.kindex.de\/pro\/index.aspx\" target=\"_blank\">kindex<\/a><\/td>\n<td>Kinder- und Jugendthemen<\/td>\n<\/tr>\n<\/tbody>\n<\/table>\n<table>\n<tbody>\n<tr>\n<td class=\"links\"><a href=\"http:\/\/www.klick-tipps.net\/\" target=\"_blank\">Klick-Tipps<\/a><\/td>\n<td>Klick-Tipps, Quiz ums Surfen, Chatten und Spielen<\/td>\n<\/tr>\n<tr>\n<td class=\"links\"><a href=\"http:\/\/www.internet-abc.de\/kinder\/\" target=\"_blank\">Internet-ABC<\/a><\/td>\n<td>Internet-ABC e.V. &#8211; Cyber-Mobbing<\/td>\n<\/tr>\n<tr>\n<td class=\"links\"><a href=\"http:\/\/www.internauten.de\/\" target=\"_blank\">Die Internauten<\/a><\/td>\n<td>Die Internauten &#8211; Cybermobbing, soziale Netzwerke<\/td>\n<\/tr>\n<tr>\n<td class=\"links\"><a href=\"http:\/\/www.ohrka.de\/\" target=\"_blank\">Ohrka<\/a><\/td>\n<td>Das H\u00f6rportal f\u00fcr Kinder &#8211; Kostenlose H\u00f6rspiele, Geschichten und Reportagen f\u00fcr Kinder<\/td>\n<\/tr>\n<tr>\n<td class=\"links\"><a href=\"http:\/\/www.wdrmaus.de\/index.php5\" target=\"_blank\">Die Sendung mit der Maus<\/a><\/td>\n<td>Lach- und Sachgeschichten im Internet<\/td>\n<\/tr>\n<tr>\n<td class=\"links\"><a href=\"http:\/\/www.sesamstrasse.de\/\" target=\"_blank\">Sesamstra\u00dfe<\/a><\/td>\n<td>Homepage vom NDR (Bereich Sesamstra\u00dfe)<\/td>\n<\/tr>\n<tr>\n<td class=\"links\"><a href=\"http:\/\/www.wdrmaus.de\/kaeptnblaubaerseite\/\" target=\"_blank\">K\u00e4pt&#8217;n Blaub\u00e4r<\/a><\/td>\n<td>Viel Spa\u00df mit K\u00e4pt&#8217;n Blaub\u00e4r<\/td>\n<\/tr>\n<tr>\n<td class=\"links\"><a href=\"http:\/\/www.tivi.de\/fernsehen\/loewenzahn\/start\/\" target=\"_blank\">L\u00f6wenzahn<\/a><\/td>\n<td>Peter Lustig im Internet<\/td>\n<\/tr>\n<tr>\n<td class=\"links\"><a href=\"http:\/\/www.geo.de\/GEOlino\/\" target=\"_blank\">GEOlino<\/a><\/td>\n<td>Wissenswertes f\u00fcr Kinder<\/td>\n<\/tr>\n<tr>\n<td class=\"links\"><a href=\"http:\/\/www.bobthebuilder.com\/de\/main.html\" target=\"_blank\">Bob, der Baumeister<\/a><\/td>\n<td>Besuche Bob, den Baumeister<\/td>\n<\/tr>\n<tr>\n<td class=\"links\"><a href=\"http:\/\/www.wdr5.de\/lilipuz\/\" target=\"_blank\">Lilipuz<\/a><\/td>\n<td>Radio f\u00fcr Kinder<\/td>\n<\/tr>\n<tr>\n<td class=\"links\"><a href=\"http:\/\/www.wasistwas.de\/startseite.html\" target=\"_blank\">Was ist was<\/a><\/td>\n<td>Wissen f\u00fcr Kinder<\/td>\n<\/tr>\n<tr>\n<td class=\"links\"><a href=\"http:\/\/www.karlchen-krabbelfix.de\/willkommen.html\" target=\"_blank\">Karlchen Krabbelfix<\/a><\/td>\n<td>Lernspiele f\u00fcr Kinder<\/td>\n<\/tr>\n<tr>\n<td class=\"links\"><a href=\"http:\/\/www.kidsweb.de\/\" target=\"_blank\">Kidsweb.de<\/a><\/td>\n<td>Spielen, basteln und mehr<\/td>\n<\/tr>\n<tr>\n<td class=\"links\"><a href=\"http:\/\/www.bastel-elfe.de\/index.php\" target=\"_blank\">die Bastel-Elfe<\/a><\/td>\n<td>viele Bastelideen<\/td>\n<\/tr>\n<tr>\n<td class=\"links\"><a href=\"http:\/\/www.kids-and-science.de\/\" target=\"_blank\">Kids and Science<\/a><\/td>\n<td>Experimentierideen, physikalische Spielereien, Lernspielzeug, jede Menge Technik f\u00fcr Kids und Laborausstattung f\u00fcr junge Forscher<\/td>\n<\/tr>\n<\/tbody>\n<\/table>\n","protected":false},"excerpt":{"rendered":"<p>Achtung: Wenn du auf einen dieser Links klickst, verl\u00e4sst du die Homepage der Freudenthalschule Soltau! fragFINN.de fragFINN.de &#8211; Suchmaschine f\u00fcr Kinder Blinde Kuh Blinde Kuh &#8211; Suchmaschine f\u00fcr Kinder helles-koepfchen.de Helles-Koepfchen.de &#8211; Suchmaschine f\u00fcr Kinder und Jugendliche CLICKS Die Suchmaschine f\u00fcr Kinder von KinderCampus.de Duden Das Standardwerk zur deutschen Sprache Rechtschreibprogramm GUT 1 Das Rechtschreibprogramm &hellip; <a href=\"https:\/\/wordpress.nibis.de\/gsftssol\/fuer-kinder\/\" class=\"more-link\">Weiterlesen <span class=\"screen-reader-text\">F\u00fcr Kinder<\/span><\/a><\/p>\n","protected":false},"author":1010,"featured_media":0,"parent":0,"menu_order":0,"comment_status":"closed","ping_status":"closed","template":"","meta":{"footnotes":""},"class_list":["post-579","page","type-page","status-publish","hentry","without-featured-image"],"_links":{"self":[{"href":"https:\/\/wordpress.nibis.de\/gsftssol\/wp-json\/wp\/v2\/pages\/579","targetHints":{"allow":["GET"]}}],"collection":[{"href":"https:\/\/wordpress.nibis.de\/gsftssol\/wp-json\/wp\/v2\/pages"}],"about":[{"href":"https:\/\/wordpress.nibis.de\/gsftssol\/wp-json\/wp\/v2\/types\/page"}],"author":[{"embeddable":true,"href":"https:\/\/wordpress.nibis.de\/gsftssol\/wp-json\/wp\/v2\/users\/1010"}],"replies":[{"embeddable":true,"href":"https:\/\/wordpress.nibis.de\/gsftssol\/wp-json\/wp\/v2\/comments?post=579"}],"version-history":[{"count":3,"href":"https:\/\/wordpress.nibis.de\/gsftssol\/wp-json\/wp\/v2\/pages\/579\/revisions"}],"predecessor-version":[{"id":595,"href":"https:\/\/wordpress.nibis.de\/gsftssol\/wp-json\/wp\/v2\/pages\/579\/revisions\/595"}],"wp:attachment":[{"href":"https:\/\/wordpress.nibis.de\/gsftssol\/wp-json\/wp\/v2\/media?parent=579"}],"curies":[{"name":"wp","href":"https:\/\/api.w.org\/{rel}","templated":true}]}}