{"id":622,"date":"2016-05-24T15:42:51","date_gmt":"2016-05-24T13:42:51","guid":{"rendered":"http:\/\/wordpress.nibis.de\/gsftssol\/?page_id=622"},"modified":"2021-02-24T21:24:40","modified_gmt":"2021-02-24T20:24:40","slug":"fuer-erwachsene","status":"publish","type":"page","link":"https:\/\/wordpress.nibis.de\/gsftssol\/fuer-erwachsene\/","title":{"rendered":"F\u00fcr Eltern"},"content":{"rendered":"<p><span style=\"color: #ff0000\">Achtung:<\/span><br>\nWenn Sie auf einen dieser Links klicken, verlassen Sie die Homepage der Freudenthalschule Soltau!<\/p>\n\n<table id=\"tablepress-6\" class=\"tablepress tablepress-id-6\">\n<tbody class=\"row-striping row-hover\">\n<tr class=\"row-1\">\n\t<td class=\"column-1\"><a href=\"http:\/\/www.lebenshilfe-soltau.de\/\" target=\"_blank\">Lebenshilfe<\/a><\/td>\n<\/tr>\n<tr class=\"row-2\">\n\t<td class=\"column-1\"><a href=\"http:\/\/www.iws-benefeld.de\/\" target=\"_blank\">Ita Wegman Schule<\/a><\/td>\n<\/tr>\n<tr class=\"row-3\">\n\t<td class=\"column-1\"><a href=\"http:\/\/www.kinderzentrum-soltau.de\/fuer-eltern\/erziehungshilfen.html\" target=\"_blank\">Erziehungshilfen<\/a><\/td>\n<\/tr>\n<tr class=\"row-4\">\n\t<td class=\"column-1\"><a href=\"http:\/\/www.elternlink.de\/\" target=\"_blank\">Suchmaschine f\u00fcr Eltern<\/a><\/td>\n<\/tr>\n<tr class=\"row-5\">\n\t<td class=\"column-1\"><a href=\"http:\/\/www.schau-hin.info\/\" target=\"_blank\">Schau hin! Richtige Nutzung von TV und PC<\/a><\/td>\n<\/tr>\n<\/tbody>\n<\/table>\n<!-- #tablepress-6 from cache -->\n<p>&nbsp;<\/p>\n\n\n<p class=\"has-text-color has-medium-font-size has-vivid-red-color\"><strong>Hilfe f\u00fcr Sch\u00fclerinnen und Sch\u00fcler im Heidekreis (Soltau\/Wietzendorf):<\/strong><br><br>An wen kann ich mich wenden bei&#8230;<br>&#8230; Stress in der Familie<br>&#8230; Konflikten in der Schule<br>&#8230; Problemen mit Alkohol<br>&#8230; Problemen mit Drogen<br>&#8230; Problemen mit PC-Internet-Handy Sucht<br>&#8230; Gewalt<br>&#8230; sexuellen Missbrauch<br>&#8230; Kriminalit\u00e4t ?<br><br><a href=\"http:\/\/wordpress.nibis.de\/gsftssol\/files\/2021\/02\/Hilfe-f\u00fcr-Sch\u00fclerinnen-und-Sch\u00fcler-Soltau_Wietzendorf_2021.pdf\" target=\"_blank\" rel=\"noreferrer noopener\">Hier finden Sie Adressen und Ansprechpersonen. <\/a><\/p>\n","protected":false},"excerpt":{"rendered":"<p>Achtung: Wenn Sie auf einen dieser Links klicken, verlassen Sie die Homepage der Freudenthalschule Soltau! &nbsp; Hilfe f\u00fcr Sch\u00fclerinnen und Sch\u00fcler im Heidekreis (Soltau\/Wietzendorf): An wen kann ich mich wenden bei&#8230;&#8230; Stress in der Familie&#8230; Konflikten in der Schule&#8230; Problemen mit Alkohol&#8230; Problemen mit Drogen&#8230; Problemen mit PC-Internet-Handy Sucht&#8230; Gewalt&#8230; sexuellen Missbrauch&#8230; Kriminalit\u00e4t ? Hier &hellip; <a href=\"https:\/\/wordpress.nibis.de\/gsftssol\/fuer-erwachsene\/\" class=\"more-link\">Weiterlesen <span class=\"screen-reader-text\">F\u00fcr Eltern<\/span><\/a><\/p>\n","protected":false},"author":1010,"featured_media":0,"parent":0,"menu_order":0,"comment_status":"closed","ping_status":"closed","template":"","meta":{"footnotes":""},"class_list":["post-622","page","type-page","status-publish","hentry","without-featured-image"],"_links":{"self":[{"href":"https:\/\/wordpress.nibis.de\/gsftssol\/wp-json\/wp\/v2\/pages\/622","targetHints":{"allow":["GET"]}}],"collection":[{"href":"https:\/\/wordpress.nibis.de\/gsftssol\/wp-json\/wp\/v2\/pages"}],"about":[{"href":"https:\/\/wordpress.nibis.de\/gsftssol\/wp-json\/wp\/v2\/types\/page"}],"author":[{"embeddable":true,"href":"https:\/\/wordpress.nibis.de\/gsftssol\/wp-json\/wp\/v2\/users\/1010"}],"replies":[{"embeddable":true,"href":"https:\/\/wordpress.nibis.de\/gsftssol\/wp-json\/wp\/v2\/comments?post=622"}],"version-history":[{"count":5,"href":"https:\/\/wordpress.nibis.de\/gsftssol\/wp-json\/wp\/v2\/pages\/622\/revisions"}],"predecessor-version":[{"id":1304,"href":"https:\/\/wordpress.nibis.de\/gsftssol\/wp-json\/wp\/v2\/pages\/622\/revisions\/1304"}],"wp:attachment":[{"href":"https:\/\/wordpress.nibis.de\/gsftssol\/wp-json\/wp\/v2\/media?parent=622"}],"curies":[{"name":"wp","href":"https:\/\/api.w.org\/{rel}","templated":true}]}}