{"id":625,"date":"2016-05-24T15:44:04","date_gmt":"2016-05-24T13:44:04","guid":{"rendered":"http:\/\/wordpress.nibis.de\/gsftssol\/?page_id=625"},"modified":"2025-02-23T06:15:17","modified_gmt":"2025-02-23T05:15:17","slug":"sport","status":"publish","type":"page","link":"https:\/\/wordpress.nibis.de\/gsftssol\/sport\/","title":{"rendered":"Sport"},"content":{"rendered":"<p>Der Sportunterricht findet in der Regel in der Sporthalle am Sch\u00fctzenplatz statt. Bei gutem Wetter werden auch gerne die Au\u00dfenfl\u00e4chen rund um die Schule genutzt.<\/p>\n","protected":false},"excerpt":{"rendered":"<p>Der Sportunterricht findet in der Regel in der Sporthalle am Sch\u00fctzenplatz statt. Bei gutem Wetter werden auch gerne die Au\u00dfenfl\u00e4chen rund um die Schule genutzt.<\/p>\n","protected":false},"author":1010,"featured_media":0,"parent":0,"menu_order":0,"comment_status":"closed","ping_status":"closed","template":"","meta":{"footnotes":""},"class_list":["post-625","page","type-page","status-publish","hentry","without-featured-image"],"_links":{"self":[{"href":"https:\/\/wordpress.nibis.de\/gsftssol\/wp-json\/wp\/v2\/pages\/625","targetHints":{"allow":["GET"]}}],"collection":[{"href":"https:\/\/wordpress.nibis.de\/gsftssol\/wp-json\/wp\/v2\/pages"}],"about":[{"href":"https:\/\/wordpress.nibis.de\/gsftssol\/wp-json\/wp\/v2\/types\/page"}],"author":[{"embeddable":true,"href":"https:\/\/wordpress.nibis.de\/gsftssol\/wp-json\/wp\/v2\/users\/1010"}],"replies":[{"embeddable":true,"href":"https:\/\/wordpress.nibis.de\/gsftssol\/wp-json\/wp\/v2\/comments?post=625"}],"version-history":[{"count":9,"href":"https:\/\/wordpress.nibis.de\/gsftssol\/wp-json\/wp\/v2\/pages\/625\/revisions"}],"predecessor-version":[{"id":1650,"href":"https:\/\/wordpress.nibis.de\/gsftssol\/wp-json\/wp\/v2\/pages\/625\/revisions\/1650"}],"wp:attachment":[{"href":"https:\/\/wordpress.nibis.de\/gsftssol\/wp-json\/wp\/v2\/media?parent=625"}],"curies":[{"name":"wp","href":"https:\/\/api.w.org\/{rel}","templated":true}]}}