{"id":653,"date":"2016-05-24T16:06:30","date_gmt":"2016-05-24T14:06:30","guid":{"rendered":"http:\/\/wordpress.nibis.de\/gsftssol\/?page_id=653"},"modified":"2023-11-13T14:40:30","modified_gmt":"2023-11-13T13:40:30","slug":"begabtenfoerderung-am-nachmittag","status":"publish","type":"page","link":"https:\/\/wordpress.nibis.de\/gsftssol\/begabtenfoerderung-am-nachmittag\/","title":{"rendered":"Begabtenf\u00f6rderung"},"content":{"rendered":"<p>Seit Jahren ist die Freudenthalschule ein Teil des Kooperationsverbundes &#8222;F\u00f6rderung besonderer Begabungen&#8220;. In diesem Rahmen bieten wir zus\u00e4tzliche Kurse &#8211; wie beispielsweise in Mathe, Deutsch, Sachunterricht und Kunst &#8211; an.<\/p>\n","protected":false},"excerpt":{"rendered":"<p>Seit Jahren ist die Freudenthalschule ein Teil des Kooperationsverbundes &#8222;F\u00f6rderung besonderer Begabungen&#8220;. In diesem Rahmen bieten wir zus\u00e4tzliche Kurse &#8211; wie beispielsweise in Mathe, Deutsch, Sachunterricht und Kunst &#8211; an.<\/p>\n","protected":false},"author":1010,"featured_media":0,"parent":0,"menu_order":0,"comment_status":"closed","ping_status":"closed","template":"","meta":{"footnotes":""},"class_list":["post-653","page","type-page","status-publish","hentry","without-featured-image"],"_links":{"self":[{"href":"https:\/\/wordpress.nibis.de\/gsftssol\/wp-json\/wp\/v2\/pages\/653","targetHints":{"allow":["GET"]}}],"collection":[{"href":"https:\/\/wordpress.nibis.de\/gsftssol\/wp-json\/wp\/v2\/pages"}],"about":[{"href":"https:\/\/wordpress.nibis.de\/gsftssol\/wp-json\/wp\/v2\/types\/page"}],"author":[{"embeddable":true,"href":"https:\/\/wordpress.nibis.de\/gsftssol\/wp-json\/wp\/v2\/users\/1010"}],"replies":[{"embeddable":true,"href":"https:\/\/wordpress.nibis.de\/gsftssol\/wp-json\/wp\/v2\/comments?post=653"}],"version-history":[{"count":4,"href":"https:\/\/wordpress.nibis.de\/gsftssol\/wp-json\/wp\/v2\/pages\/653\/revisions"}],"predecessor-version":[{"id":1585,"href":"https:\/\/wordpress.nibis.de\/gsftssol\/wp-json\/wp\/v2\/pages\/653\/revisions\/1585"}],"wp:attachment":[{"href":"https:\/\/wordpress.nibis.de\/gsftssol\/wp-json\/wp\/v2\/media?parent=653"}],"curies":[{"name":"wp","href":"https:\/\/api.w.org\/{rel}","templated":true}]}}