{"id":822,"date":"2020-05-18T14:24:45","date_gmt":"2020-05-18T12:24:45","guid":{"rendered":"http:\/\/wordpress.nibis.de\/gsftssol\/?page_id=822"},"modified":"2023-06-27T15:23:27","modified_gmt":"2023-06-27T13:23:27","slug":"impressum","status":"publish","type":"page","link":"https:\/\/wordpress.nibis.de\/gsftssol\/impressum\/","title":{"rendered":"Impressum"},"content":{"rendered":"\n<p>Das Land Niedersachsen ist eine juristische Person des \u00f6ffentlichen Rechts vertreten durch<\/p>\n\n\n\n<p class=\"has-black-color has-text-color\">Schulleitung:<br>Petra Kr\u00f6ger-R\u00f6hrs, Schulleiterin<br>Daniela Baier, Konrektorin<br><\/p>\n\n\n\n<p>Freudenthalschule Soltau<br>M\u00fchlenstra\u00dfe 3<br>29614 Soltau<\/p>\n\n\n\n<p>Tel.: 05191\/5029<br>Fax: 05191\/71058<br>E-Mail: &#105;n&#x66;o&#x40;f&#x72;e&#x75;&#100;&#x65;&#110;&#x74;&#104;&#x61;&#108;s&#99;h&#x75;l&#x65;-&#x73;&#111;&#x6c;&#116;&#x61;&#117;&#x2e;&#100;&#x65;<br><br><\/p>\n\n\n\n<p><strong>Haftungsausschluss<\/strong><br>Diese Webseite beinhaltet externe Links. Deren Inhalte entziehen sich unserer Einflussnahme, sodass eine Gew\u00e4hr f\u00fcr solche Inhalte von uns nicht \u00fcbernommen werden kann. <br>Die Verantwortung liegt stets beim jeweiligen Betreiber der externen Seiten. Zum Zeitpunkt der Verkn\u00fcpfung der externen Links waren keine Rechtsverst\u00f6\u00dfe ersichtlich. Die permanente \u00dcberwachung fremder Inhalte auf Rechtsverst\u00f6\u00dfe ohne konkrete Hinweise ist uns nicht zumutbar. <br>Sollten wir Kenntnis von Rechtsverletzungen erlangen, werden wir die entsprechenden externen Links unverz\u00fcglich entfernen. <\/p>\n\n\n\n<p><\/p>\n","protected":false},"excerpt":{"rendered":"<p>Das Land Niedersachsen ist eine juristische Person des \u00f6ffentlichen Rechts vertreten durch Schulleitung:Petra Kr\u00f6ger-R\u00f6hrs, SchulleiterinDaniela Baier, Konrektorin Freudenthalschule SoltauM\u00fchlenstra\u00dfe 329614 Soltau Tel.: 05191\/5029Fax: 05191\/71058E-Mail: i&#110;&#x66;&#x6f;&#64;&#102;&#114;&#x65;&#x75;d&#101;&#110;&#x74;&#x68;a&#108;&#x73;&#x63;&#x68;u&#108;&#x65;&#x2d;s&#111;&#108;&#x74;&#x61;u&#46;&#100;&#x65; HaftungsausschlussDiese Webseite beinhaltet externe Links. Deren Inhalte entziehen sich unserer Einflussnahme, sodass eine Gew\u00e4hr f\u00fcr solche Inhalte von uns nicht \u00fcbernommen werden kann. Die Verantwortung liegt stets beim jeweiligen Betreiber &hellip; <a href=\"https:\/\/wordpress.nibis.de\/gsftssol\/impressum\/\" class=\"more-link\">Weiterlesen <span class=\"screen-reader-text\">Impressum<\/span><\/a><\/p>\n","protected":false},"author":1010,"featured_media":0,"parent":0,"menu_order":0,"comment_status":"closed","ping_status":"closed","template":"","meta":{"footnotes":""},"class_list":["post-822","page","type-page","status-publish","hentry","without-featured-image"],"_links":{"self":[{"href":"https:\/\/wordpress.nibis.de\/gsftssol\/wp-json\/wp\/v2\/pages\/822","targetHints":{"allow":["GET"]}}],"collection":[{"href":"https:\/\/wordpress.nibis.de\/gsftssol\/wp-json\/wp\/v2\/pages"}],"about":[{"href":"https:\/\/wordpress.nibis.de\/gsftssol\/wp-json\/wp\/v2\/types\/page"}],"author":[{"embeddable":true,"href":"https:\/\/wordpress.nibis.de\/gsftssol\/wp-json\/wp\/v2\/users\/1010"}],"replies":[{"embeddable":true,"href":"https:\/\/wordpress.nibis.de\/gsftssol\/wp-json\/wp\/v2\/comments?post=822"}],"version-history":[{"count":6,"href":"https:\/\/wordpress.nibis.de\/gsftssol\/wp-json\/wp\/v2\/pages\/822\/revisions"}],"predecessor-version":[{"id":1553,"href":"https:\/\/wordpress.nibis.de\/gsftssol\/wp-json\/wp\/v2\/pages\/822\/revisions\/1553"}],"wp:attachment":[{"href":"https:\/\/wordpress.nibis.de\/gsftssol\/wp-json\/wp\/v2\/media?parent=822"}],"curies":[{"name":"wp","href":"https:\/\/api.w.org\/{rel}","templated":true}]}}